{"id":898,"date":"2016-05-26T11:31:08","date_gmt":"2016-05-26T11:31:08","guid":{"rendered":"http:\/\/ayader.com\/?page_id=898"},"modified":"2022-02-21T15:35:24","modified_gmt":"2022-02-21T15:35:24","slug":"seguridad-informatica","status":"publish","type":"page","link":"https:\/\/ayader.com\/index.php\/seguridad-informatica\/","title":{"rendered":"Seguridad Inform\u00e1tica"},"content":{"rendered":"\n<figure class=\"wp-block-image\"><img loading=\"lazy\" decoding=\"async\" width=\"1024\" height=\"119\" src=\"https:\/\/ayader.com\/wp-content\/uploads\/2022\/02\/logo-digitalizadores-1024x119.jpg\" alt=\"\" class=\"wp-image-1639\" srcset=\"https:\/\/ayader.com\/wp-content\/uploads\/2022\/02\/logo-digitalizadores-1024x119.jpg 1024w, https:\/\/ayader.com\/wp-content\/uploads\/2022\/02\/logo-digitalizadores-300x35.jpg 300w, https:\/\/ayader.com\/wp-content\/uploads\/2022\/02\/logo-digitalizadores-768x89.jpg 768w, https:\/\/ayader.com\/wp-content\/uploads\/2022\/02\/logo-digitalizadores-830x96.jpg 830w, https:\/\/ayader.com\/wp-content\/uploads\/2022\/02\/logo-digitalizadores-230x27.jpg 230w, https:\/\/ayader.com\/wp-content\/uploads\/2022\/02\/logo-digitalizadores-350x41.jpg 350w, https:\/\/ayader.com\/wp-content\/uploads\/2022\/02\/logo-digitalizadores-480x56.jpg 480w, https:\/\/ayader.com\/wp-content\/uploads\/2022\/02\/logo-digitalizadores.jpg 1920w\" sizes=\"auto, (max-width: 1024px) 100vw, 1024px\" \/><\/figure>\n\n\n<h4 style=\"text-align: left;\"><span style=\"text-decoration: underline;\">Filtro web seguro<\/span><\/h4>\n<p style=\"text-align: justify;\"><span style=\"color: #000000;\">Gracias a nuestra soluci\u00f3n ofrecemos a nuestros clientes la protecci\u00f3n ideal para su trafico web para el trafico http, https, y ftp para tener su acceso a Internet totalmente protegido.<a style=\"color: #000000;\" href=\"http:\/\/ayader.com\/wp-content\/uploads\/2016\/05\/Secure-firewall.png\"><img loading=\"lazy\" decoding=\"async\" class=\"wp-image-902 alignright\" src=\"http:\/\/ayader.com\/wp-content\/uploads\/2016\/05\/Secure-firewall-300x300.png\" alt=\"\" width=\"156\" height=\"156\" srcset=\"https:\/\/ayader.com\/wp-content\/uploads\/2016\/05\/Secure-firewall-300x300.png 300w, https:\/\/ayader.com\/wp-content\/uploads\/2016\/05\/Secure-firewall-150x150.png 150w, https:\/\/ayader.com\/wp-content\/uploads\/2016\/05\/Secure-firewall-180x180.png 180w, https:\/\/ayader.com\/wp-content\/uploads\/2016\/05\/Secure-firewall.png 500w\" sizes=\"auto, (max-width: 156px) 100vw, 156px\" \/><\/a><\/span><\/p>\n<p style=\"text-align: justify;\"><span style=\"color: #000000;\">A trav\u00e9s del antivirus-gateway se controlan cualquier ataque troyano o esp\u00eda .<\/span><\/p>\n<h4 style=\"text-align: left;\"><span style=\"text-decoration: underline;\"><strong>Firewall<\/strong><\/span><\/h4>\n<p><span style=\"color: #000000;\">Con nuestra soluci\u00f3n cerramos todos los puertos, incorporamos la configuraci\u00f3n de seguridad que mejor se adapte a las conexiones de nuestros clientes<\/span><\/p>\n<p><span style=\"color: #000000;\">Nuestro servicio incluye un servicio de mantenimiento del hardware, las actualizaciones de software, todas las soluciones IDS, Antivirus, SPAM Filtro, etc<\/span><\/p>\n<h4><span style=\"text-decoration: underline;\">Soluci\u00f3n de backup en nuestros centros de datos<\/span><\/h4>\n<p style=\"text-align: justify;\"><span style=\"color: #000000;\">Nuestra soluci\u00f3n ofrece a cualquier cliente (port\u00e1til, PCs, Servidores, etc.) una soluci\u00f3n segura (transmisi\u00f3n<a style=\"color: #000000;\" href=\"http:\/\/ayader.com\/wp-content\/uploads\/2016\/05\/secure-backup-online.png\"><img loading=\"lazy\" decoding=\"async\" class=\" wp-image-901 alignright\" src=\"http:\/\/ayader.com\/wp-content\/uploads\/2016\/05\/secure-backup-online-300x300.png\" alt=\"\" width=\"156\" height=\"156\" srcset=\"https:\/\/ayader.com\/wp-content\/uploads\/2016\/05\/secure-backup-online-300x300.png 300w, https:\/\/ayader.com\/wp-content\/uploads\/2016\/05\/secure-backup-online-150x150.png 150w, https:\/\/ayader.com\/wp-content\/uploads\/2016\/05\/secure-backup-online-180x180.png 180w, https:\/\/ayader.com\/wp-content\/uploads\/2016\/05\/secure-backup-online.png 500w\" sizes=\"auto, (max-width: 156px) 100vw, 156px\" \/><\/a> encriptado) de un BackUp actual en nuestros centros de datos. El usuario tiene todas las opciones de individualizar sus tareas de BackUp. El servicio est\u00e1 disponible en 2 versiones diferentes, una est\u00e1ndar y otra profesional.<\/span><\/p>\n<h4><span style=\"text-decoration: underline;\">VPN seguro<\/span><\/h4>\n<p style=\"text-align: justify;\"><span style=\"color: #000000;\">Ofrecemos un acceso externo al LAN de la compa\u00f1\u00eda a trav\u00e9s de la soluci\u00f3n SSL VPN de NCP. Tenemos una plataforma centralizado de SSL VPN para que los clientes se conectaran via SSL VPN IPSec. Desde el Gateway de SSL VPN podr\u00e1 conectarse a cualquier otra localidad que est\u00e9 conectado a nuestro centro de datos con VPN IPSec.<\/span><\/p>\n<p><span style=\"color: #000000;\">La soluci\u00f3n est\u00e1 disponible en varias opciones:<\/span><br \/><span style=\"color: #000000;\">* SSL VPN<\/span><br \/><span style=\"color: #000000;\">* IPSec VPN L2TP<\/span><br \/><span style=\"color: #000000;\">* Con\/sin certificado hardware o OTP<\/span><\/p>\n<h4><span style=\"text-decoration: underline;\">Intercambio de ficheros<\/span><\/h4>\n<p style=\"text-align: justify;\"><span style=\"color: #000000;\">Intercambio de ficheros de forma muy segura para los intercambios de datos internos y externos (ej. contratos, planos, proyectos, im\u00e1genes, etc..)<a style=\"color: #000000;\" href=\"http:\/\/ayader.com\/wp-content\/uploads\/2016\/05\/vpn.png\"><img loading=\"lazy\" decoding=\"async\" class=\" wp-image-905 alignright\" src=\"http:\/\/ayader.com\/wp-content\/uploads\/2016\/05\/vpn-300x300.png\" alt=\"\" width=\"187\" height=\"187\" srcset=\"https:\/\/ayader.com\/wp-content\/uploads\/2016\/05\/vpn-300x300.png 300w, https:\/\/ayader.com\/wp-content\/uploads\/2016\/05\/vpn-150x150.png 150w, https:\/\/ayader.com\/wp-content\/uploads\/2016\/05\/vpn-180x180.png 180w, https:\/\/ayader.com\/wp-content\/uploads\/2016\/05\/vpn.png 500w\" sizes=\"auto, (max-width: 187px) 100vw, 187px\" \/><\/a><\/span><\/p>\n<p style=\"text-align: justify;\"><span style=\"color: #000000;\">Liberar la carga al sistema de correo: los clientes pueden recibir los ficheros de gran tama\u00f1o de forma muy segura, f\u00e1cil y c\u00f3moda.<\/span><\/p>\n<p style=\"text-align: justify;\"><span style=\"color: #000000;\">La mejor soluci\u00f3n que sustituye a soluciones tipo FTP-o soluciones que requieren mucho mantenimiento.<\/span><\/p>\n<ul>\n<li><span style=\"color: #000000;\">\u00a0Minimalizaci\u00f3n de problemas con la seguridad en el intercambio de ficheros.<\/span><\/li>\n<li><span style=\"color: #000000;\">\u00a0Implementaci\u00f3n de un sistema con varias capas y derechos para los accesos a los datos.<\/span><\/li>\n<\/ul>\n<h4><span style=\"text-decoration: underline;\">Protecci\u00f3n contra correo basura<\/span><\/h4>\n<p style=\"text-align: justify;\"><span style=\"color: #000000;\">Para la protecci\u00f3n contra correos basura utilizamos el sistema m\u00e1s innovador de IronPort. Es la \u00fanica soluci\u00f3n del mercado que utiliza un sistema de catalogaci\u00f3n y puntuaci\u00f3n de los servidores de correos existentes en el mundo. Gracias a esta innovadora t\u00e9cnica, se bloquea la mayor\u00eda de los correos entrantes y salientes, lo cual significa tambi\u00e9n que se libera mucho tr\u00e1fico de red.<\/span><\/p>\n<p style=\"text-align: justify;\"><span style=\"color: #000000;\">El sistema bloquea todas las amenazas. Todos estos servicios son completamente <a style=\"color: #000000;\" href=\"http:\/\/ayader.com\/wp-content\/uploads\/2016\/05\/Secure-mail.png\"><img loading=\"lazy\" decoding=\"async\" class=\" wp-image-903 alignright\" src=\"http:\/\/ayader.com\/wp-content\/uploads\/2016\/05\/Secure-mail-300x300.png\" alt=\"\" width=\"118\" height=\"118\" srcset=\"https:\/\/ayader.com\/wp-content\/uploads\/2016\/05\/Secure-mail-300x300.png 300w, https:\/\/ayader.com\/wp-content\/uploads\/2016\/05\/Secure-mail-150x150.png 150w, https:\/\/ayader.com\/wp-content\/uploads\/2016\/05\/Secure-mail-180x180.png 180w, https:\/\/ayader.com\/wp-content\/uploads\/2016\/05\/Secure-mail.png 500w\" sizes=\"auto, (max-width: 118px) 100vw, 118px\" \/><\/a>independientes a los proveedores de Internet. Adem\u00e1s, se mantiene el servidor de correos de la empresa. A los usuarios finales se les mandar\u00e1 una lista de correos catalogados como SPAM para que en cualquier momento puedan consultar un listado de todos los eMails bloqueados.<\/span><\/p>\n<h4><span style=\"text-decoration: underline; color: #000000;\"><strong>Correo profesional- <\/strong>Nosotros le gestionamos su servicio<\/span><\/h4>\n<p style=\"text-align: justify;\"><span style=\"color: #000000;\">Con la soluci\u00f3n ofrecemos todas las funcionalidades de Exchange en un servicio totalmente gestionado, el cliente no tiene que preocuparse por nada.<\/span><\/p>\n<p style=\"text-align: justify;\"><span style=\"color: #000000;\">Las ventajas del servicio de Exchange son muy claras. Es un servicio muy profesional que funciona como una plataforma de comunicaci\u00f3n para la empresa. Cada usuario tiene su cuenta personal, su calendario personal, sus contactos, etc. Los usuarios pueden crear sus cuentas en el Outlook o acceder desde cualquier sitio a trav\u00e9s de una conexi\u00f3n HTTPS segura al OWA (Outlook Web Access).<\/span><\/p>\n<p style=\"text-align: justify;\"><span style=\"color: #000000;\">El cliente puede contratar con el servicio Exchange y tambi\u00e9n el servicio de Correo seguro. Esto supone un servicio profesional con alta calidad AntiSpam, AntiVirus, etc.<\/span><\/p>\n<p style=\"text-align: justify;\"><span style=\"color: #000000;\">El cliente puede elegir por cada buz\u00f3n de sus usuarios si quiere la opci\u00f3n Exchange o la opci\u00f3n est\u00e1ndar.<\/span><\/p>","protected":false},"excerpt":{"rendered":"<p>Filtro web seguro Gracias a nuestra soluci\u00f3n ofrecemos a nuestros clientes la [&hellip;]<\/p>\n","protected":false},"author":1,"featured_media":0,"parent":0,"menu_order":0,"comment_status":"closed","ping_status":"closed","template":"","meta":{"footnotes":""},"class_list":["post-898","page","type-page","status-publish","hentry"],"yoast_head":"<!-- This site is optimized with the Yoast SEO plugin v18.2 - https:\/\/yoast.com\/wordpress\/plugins\/seo\/ -->\n<title>Seguridad Inform\u00e1tica - Ayader - Soluciones Tecnol\u00f3gicas para empresas<\/title>\n<meta name=\"description\" content=\"Ayader es una empresa volcada en dar soluciones a nuestros clientes que les permitan ser m\u00e1s productivos en sus negocios.\" \/>\n<meta name=\"robots\" content=\"index, follow, max-snippet:-1, max-image-preview:large, max-video-preview:-1\" \/>\n<link rel=\"canonical\" href=\"https:\/\/ayader.com\/index.php\/seguridad-informatica\/\" \/>\n<meta property=\"og:locale\" content=\"es_ES\" \/>\n<meta property=\"og:type\" content=\"article\" \/>\n<meta property=\"og:title\" content=\"Seguridad Inform\u00e1tica - Ayader - Soluciones Tecnol\u00f3gicas para empresas\" \/>\n<meta property=\"og:description\" content=\"Ayader es una empresa volcada en dar soluciones a nuestros clientes que les permitan ser m\u00e1s productivos en sus negocios.\" \/>\n<meta property=\"og:url\" content=\"https:\/\/ayader.com\/index.php\/seguridad-informatica\/\" \/>\n<meta property=\"og:site_name\" content=\"Ayader - Soluciones Tecnol\u00f3gicas para empresas\" \/>\n<meta property=\"article:modified_time\" content=\"2022-02-21T15:35:24+00:00\" \/>\n<meta property=\"og:image\" content=\"https:\/\/ayader.com\/wp-content\/uploads\/2022\/02\/logo-digitalizadores-1024x119.jpg\" \/>\n<meta name=\"twitter:card\" content=\"summary\" \/>\n<meta name=\"twitter:label1\" content=\"Tiempo de lectura\" \/>\n\t<meta name=\"twitter:data1\" content=\"3 minutos\" \/>\n<script type=\"application\/ld+json\" class=\"yoast-schema-graph\">{\"@context\":\"https:\/\/schema.org\",\"@graph\":[{\"@type\":\"WebSite\",\"@id\":\"https:\/\/ayader.com\/#website\",\"url\":\"https:\/\/ayader.com\/\",\"name\":\"Ayader - Soluciones Tecnol\u00f3gicas para empresas\",\"description\":\"Ayader es una empresa volcada en ofrecer a nuestros clientes soluciones tecnol\u00f3gicas que les permitan ser m\u00e1s productivos en sus negocios.\",\"potentialAction\":[{\"@type\":\"SearchAction\",\"target\":{\"@type\":\"EntryPoint\",\"urlTemplate\":\"https:\/\/ayader.com\/?s={search_term_string}\"},\"query-input\":\"required name=search_term_string\"}],\"inLanguage\":\"es\"},{\"@type\":\"ImageObject\",\"@id\":\"https:\/\/ayader.com\/index.php\/seguridad-informatica\/#primaryimage\",\"inLanguage\":\"es\",\"url\":\"https:\/\/ayader.com\/wp-content\/uploads\/2022\/02\/logo-digitalizadores.jpg\",\"contentUrl\":\"https:\/\/ayader.com\/wp-content\/uploads\/2022\/02\/logo-digitalizadores.jpg\",\"width\":1920,\"height\":223},{\"@type\":\"WebPage\",\"@id\":\"https:\/\/ayader.com\/index.php\/seguridad-informatica\/#webpage\",\"url\":\"https:\/\/ayader.com\/index.php\/seguridad-informatica\/\",\"name\":\"Seguridad Inform\u00e1tica - Ayader - Soluciones Tecnol\u00f3gicas para empresas\",\"isPartOf\":{\"@id\":\"https:\/\/ayader.com\/#website\"},\"primaryImageOfPage\":{\"@id\":\"https:\/\/ayader.com\/index.php\/seguridad-informatica\/#primaryimage\"},\"datePublished\":\"2016-05-26T11:31:08+00:00\",\"dateModified\":\"2022-02-21T15:35:24+00:00\",\"description\":\"Ayader es una empresa volcada en dar soluciones a nuestros clientes que les permitan ser m\u00e1s productivos en sus negocios.\",\"breadcrumb\":{\"@id\":\"https:\/\/ayader.com\/index.php\/seguridad-informatica\/#breadcrumb\"},\"inLanguage\":\"es\",\"potentialAction\":[{\"@type\":\"ReadAction\",\"target\":[\"https:\/\/ayader.com\/index.php\/seguridad-informatica\/\"]}]},{\"@type\":\"BreadcrumbList\",\"@id\":\"https:\/\/ayader.com\/index.php\/seguridad-informatica\/#breadcrumb\",\"itemListElement\":[{\"@type\":\"ListItem\",\"position\":1,\"name\":\"Portada\",\"item\":\"https:\/\/ayader.com\/\"},{\"@type\":\"ListItem\",\"position\":2,\"name\":\"Seguridad Inform\u00e1tica\"}]}]}<\/script>\n<!-- \/ Yoast SEO plugin. -->","yoast_head_json":{"title":"Seguridad Inform\u00e1tica - Ayader - Soluciones Tecnol\u00f3gicas para empresas","description":"Ayader es una empresa volcada en dar soluciones a nuestros clientes que les permitan ser m\u00e1s productivos en sus negocios.","robots":{"index":"index","follow":"follow","max-snippet":"max-snippet:-1","max-image-preview":"max-image-preview:large","max-video-preview":"max-video-preview:-1"},"canonical":"https:\/\/ayader.com\/index.php\/seguridad-informatica\/","og_locale":"es_ES","og_type":"article","og_title":"Seguridad Inform\u00e1tica - Ayader - Soluciones Tecnol\u00f3gicas para empresas","og_description":"Ayader es una empresa volcada en dar soluciones a nuestros clientes que les permitan ser m\u00e1s productivos en sus negocios.","og_url":"https:\/\/ayader.com\/index.php\/seguridad-informatica\/","og_site_name":"Ayader - Soluciones Tecnol\u00f3gicas para empresas","article_modified_time":"2022-02-21T15:35:24+00:00","og_image":[{"url":"https:\/\/ayader.com\/wp-content\/uploads\/2022\/02\/logo-digitalizadores-1024x119.jpg"}],"twitter_card":"summary","twitter_misc":{"Tiempo de lectura":"3 minutos"},"schema":{"@context":"https:\/\/schema.org","@graph":[{"@type":"WebSite","@id":"https:\/\/ayader.com\/#website","url":"https:\/\/ayader.com\/","name":"Ayader - Soluciones Tecnol\u00f3gicas para empresas","description":"Ayader es una empresa volcada en ofrecer a nuestros clientes soluciones tecnol\u00f3gicas que les permitan ser m\u00e1s productivos en sus negocios.","potentialAction":[{"@type":"SearchAction","target":{"@type":"EntryPoint","urlTemplate":"https:\/\/ayader.com\/?s={search_term_string}"},"query-input":"required name=search_term_string"}],"inLanguage":"es"},{"@type":"ImageObject","@id":"https:\/\/ayader.com\/index.php\/seguridad-informatica\/#primaryimage","inLanguage":"es","url":"https:\/\/ayader.com\/wp-content\/uploads\/2022\/02\/logo-digitalizadores.jpg","contentUrl":"https:\/\/ayader.com\/wp-content\/uploads\/2022\/02\/logo-digitalizadores.jpg","width":1920,"height":223},{"@type":"WebPage","@id":"https:\/\/ayader.com\/index.php\/seguridad-informatica\/#webpage","url":"https:\/\/ayader.com\/index.php\/seguridad-informatica\/","name":"Seguridad Inform\u00e1tica - Ayader - Soluciones Tecnol\u00f3gicas para empresas","isPartOf":{"@id":"https:\/\/ayader.com\/#website"},"primaryImageOfPage":{"@id":"https:\/\/ayader.com\/index.php\/seguridad-informatica\/#primaryimage"},"datePublished":"2016-05-26T11:31:08+00:00","dateModified":"2022-02-21T15:35:24+00:00","description":"Ayader es una empresa volcada en dar soluciones a nuestros clientes que les permitan ser m\u00e1s productivos en sus negocios.","breadcrumb":{"@id":"https:\/\/ayader.com\/index.php\/seguridad-informatica\/#breadcrumb"},"inLanguage":"es","potentialAction":[{"@type":"ReadAction","target":["https:\/\/ayader.com\/index.php\/seguridad-informatica\/"]}]},{"@type":"BreadcrumbList","@id":"https:\/\/ayader.com\/index.php\/seguridad-informatica\/#breadcrumb","itemListElement":[{"@type":"ListItem","position":1,"name":"Portada","item":"https:\/\/ayader.com\/"},{"@type":"ListItem","position":2,"name":"Seguridad Inform\u00e1tica"}]}]}},"_links":{"self":[{"href":"https:\/\/ayader.com\/index.php\/wp-json\/wp\/v2\/pages\/898","targetHints":{"allow":["GET"]}}],"collection":[{"href":"https:\/\/ayader.com\/index.php\/wp-json\/wp\/v2\/pages"}],"about":[{"href":"https:\/\/ayader.com\/index.php\/wp-json\/wp\/v2\/types\/page"}],"author":[{"embeddable":true,"href":"https:\/\/ayader.com\/index.php\/wp-json\/wp\/v2\/users\/1"}],"replies":[{"embeddable":true,"href":"https:\/\/ayader.com\/index.php\/wp-json\/wp\/v2\/comments?post=898"}],"version-history":[{"count":14,"href":"https:\/\/ayader.com\/index.php\/wp-json\/wp\/v2\/pages\/898\/revisions"}],"predecessor-version":[{"id":1748,"href":"https:\/\/ayader.com\/index.php\/wp-json\/wp\/v2\/pages\/898\/revisions\/1748"}],"wp:attachment":[{"href":"https:\/\/ayader.com\/index.php\/wp-json\/wp\/v2\/media?parent=898"}],"curies":[{"name":"wp","href":"https:\/\/api.w.org\/{rel}","templated":true}]}}