{"id":867,"date":"2016-05-16T16:52:07","date_gmt":"2016-05-16T16:52:07","guid":{"rendered":"http:\/\/ayader.com\/?page_id=867"},"modified":"2019-10-24T23:32:04","modified_gmt":"2019-10-24T23:32:04","slug":"venta-mobiliario-oficina","status":"publish","type":"page","link":"https:\/\/ayader.com\/index.php\/venta-mobiliario-oficina\/","title":{"rendered":"Mobiliario"},"content":{"rendered":"<h3 style=\"text-align: left;\"><strong>Estudios de interiorismo<\/strong><\/h3>\n<h6>Te ayudamos a optimizar los espacios con muebles de gran calidad y dise\u00f1o<\/h6>\n<ul style=\"list-style-type: circle;\">\n<li><a href=\"http:\/\/ayader.com\/wp-content\/uploads\/2016\/05\/seccion-silleria.png\"><img loading=\"lazy\" decoding=\"async\" class=\" wp-image-994 alignright\" src=\"http:\/\/ayader.com\/wp-content\/uploads\/2016\/05\/seccion-silleria-300x180.png\" alt=\"\" width=\"225\" height=\"135\" srcset=\"https:\/\/ayader.com\/wp-content\/uploads\/2016\/05\/seccion-silleria-300x180.png 300w, https:\/\/ayader.com\/wp-content\/uploads\/2016\/05\/seccion-silleria-768x460.png 768w, https:\/\/ayader.com\/wp-content\/uploads\/2016\/05\/seccion-silleria-1024x613.png 1024w, https:\/\/ayader.com\/wp-content\/uploads\/2016\/05\/seccion-silleria.png 1200w\" sizes=\"auto, (max-width: 225px) 100vw, 225px\" \/><\/a>Experiencia y Tecnolog\u00eda<\/li>\n<li>M\u00e1s de treinta a\u00f1os de experiencia ofreciendo a nuestros clientes las mejores soluciones<\/li>\n<\/ul>\n<h3 style=\"text-align: left;\"><strong>Siller\u00eda<\/strong><\/h3>\n<p style=\"text-align: justify;\"><span style=\"text-decoration: underline;\">Ergonom\u00eda<\/span><br \/>\nLa ergonom\u00eda es fundamental en un producto como el nuestro. El usuario debe sentir que la silla se adapta a su fisonom\u00eda y responde a sus necesidades, para aumentar su eficacia, seguridad y confort.<br \/>\nA trav\u00e9s de su departamento I+D, desarrollamos los principios de dise\u00f1o que desembocan en la aplicaci\u00f3n continua de las mejoras t\u00e9cnicas que optimicen la adecuaci\u00f3n de sus asientos a las caracter\u00edsticas del cuerpo humano y a las necesidades de la oficina.<a href=\"http:\/\/ayader.com\/wp-content\/uploads\/2016\/05\/mobiliario-interiorismo.png\"><img loading=\"lazy\" decoding=\"async\" class=\"size-medium wp-image-986 alignright\" src=\"http:\/\/ayader.com\/wp-content\/uploads\/2016\/05\/mobiliario-interiorismo-300x281.png\" alt=\"\" width=\"300\" height=\"281\" srcset=\"https:\/\/ayader.com\/wp-content\/uploads\/2016\/05\/mobiliario-interiorismo-300x281.png 300w, https:\/\/ayader.com\/wp-content\/uploads\/2016\/05\/mobiliario-interiorismo-768x720.png 768w, https:\/\/ayader.com\/wp-content\/uploads\/2016\/05\/mobiliario-interiorismo-1024x960.png 1024w, https:\/\/ayader.com\/wp-content\/uploads\/2016\/05\/mobiliario-interiorismo.png 1500w\" sizes=\"auto, (max-width: 300px) 100vw, 300px\" \/><\/a><br \/>\nEl mundo de la oficina ha tenido en la \u00faltima d\u00e9cada una evoluci\u00f3n vertiginosa que nos permiten desarrollar nuevos productos cuyo dise\u00f1o compatibilice la innovaci\u00f3n con las exigencias del entorno.<\/p>\n<p style=\"text-align: justify;\"><span style=\"text-decoration: underline;\">Dise\u00f1o<\/span><br \/>\nEl dise\u00f1o industrial y estudio de proyectos corre a cargo de su equipo interno TRIART, que cuenta con el apoyo de Estudio Zebra en la realizaci\u00f3n de proyectos, colaboraci\u00f3n en dise\u00f1o de productos y soluciones de imagen.<\/p>\n<p style=\"text-align: justify;\">Contamos con dise\u00f1adores de prestigio nacional e internacional que completan su cat\u00e1logo: Sergio Valladares, J.J. Teruel, Ivano del Vall, M\u00e1ximo Costaglia, Angelo Didone, Stefano Bettio y Bressan Lucca.<\/p>\n<p><span style=\"text-decoration: underline;\">Gestion<\/span><\/p>\n<p style=\"text-align: justify;\">Nuestro sistema de gesti\u00f3n est\u00e1 fundamentado en las directrices de la norma internacional ISO 9001 y est\u00e1 certificado por AENOR.<a href=\"http:\/\/ayader.com\/wp-content\/uploads\/2016\/02\/sillas.png\"><img loading=\"lazy\" decoding=\"async\" class=\" wp-image-885 alignright\" src=\"http:\/\/ayader.com\/wp-content\/uploads\/2016\/02\/sillas.png\" alt=\"\" width=\"181\" height=\"192\" \/><\/a><br \/>\nPor otro lado nuestro producto cumple con la normativa europea referente a la fabricaci\u00f3n de siller\u00eda de oficina, las certificaciones respecto a dicha normativa las emite Tecnalia en su divisi\u00f3n de siller\u00eda de oficina (Cidemco), acreditado por ENAC.<br \/>\nDentro de la marca de calidad se incluye la revisi\u00f3n semestral de materias primas usadas para la fabricaci\u00f3n de las sillas de oficina y al producto acabado certificado.<br \/>\nGarantizamos de este modo la calidad dentro de nuestra sistem\u00e1tica de fabricaci\u00f3n y de nuestro producto.<\/p>\n<p><span style=\"text-decoration: underline;\">Medio ambiente<\/span><\/p>\n<p style=\"text-align: justify;\">Nuestro compromiso con el medio ambiente es firme, para ello buscamos minimizar en la manera de lo posible nuestro impacto ambiental. Consideramos que el presente y desde luego el futuro no se puede entender sin una sociedad sostenible.<a href=\"http:\/\/ayader.com\/wp-content\/uploads\/2016\/05\/estudios-de-interiorismo.jpg\"><img loading=\"lazy\" decoding=\"async\" class=\"size-medium wp-image-868 alignright\" src=\"http:\/\/ayader.com\/wp-content\/uploads\/2016\/05\/estudios-de-interiorismo-300x197.jpg\" alt=\"\" width=\"300\" height=\"197\" srcset=\"https:\/\/ayader.com\/wp-content\/uploads\/2016\/05\/estudios-de-interiorismo-300x197.jpg 300w, https:\/\/ayader.com\/wp-content\/uploads\/2016\/05\/estudios-de-interiorismo.jpg 500w\" sizes=\"auto, (max-width: 300px) 100vw, 300px\" \/><\/a><br \/>\nEs por ello que nuestra sistem\u00e1tica de gesti\u00f3n cumple con las directrices de la norma internacional ISO 14001 y est\u00e1 certificada por AENOR.<\/p>\n<p style=\"text-align: justify;\">El ecodise\u00f1o est\u00e1 presente en nuestros productos, porque hoy en d\u00eda entendemos nuestro compromiso de reducir nuestro impacto ambiental desarrollando un producto lo menos contaminante posible, estudiando nuestro producto durante todo su ciclo de vida.<br \/>\nEl mundo de la oficina ha tenido en la \u00faltima d\u00e9cada una evoluci\u00f3n vertiginosa que nos permiten desarrollar nuevos productos cuyo dise\u00f1o compatibilice la innovaci\u00f3n con las exigencias del entorno.<br \/>\nNuestro sistema de gesti\u00f3n se basa en las directrices de la norma ISO 14006, certificada por AENOR.<\/p>\n<p style=\"text-align: justify;\"><strong>Nuestra empresa puede presumir de contar con una plantilla de trabajo profesional con dilatada experiencia, un equipo comercial altamente cualificado que desde sus delegaciones da respuesta a todos los clientes establecidos en cada una de las provincias de Espa\u00f1a.<\/strong><\/p>\n","protected":false},"excerpt":{"rendered":"<p>Estudios de interiorismo Te ayudamos a optimizar los espacios con muebles de [&hellip;]<\/p>\n","protected":false},"author":1,"featured_media":0,"parent":0,"menu_order":0,"comment_status":"closed","ping_status":"closed","template":"page-templates\/page_fullwidth.php","meta":{"footnotes":""},"class_list":["post-867","page","type-page","status-publish","hentry"],"yoast_head":"<!-- This site is optimized with the Yoast SEO plugin v18.2 - https:\/\/yoast.com\/wordpress\/plugins\/seo\/ -->\n<title>Mobiliario - Ayader - Soluciones Tecnol\u00f3gicas para empresas<\/title>\n<meta name=\"description\" content=\"Ayader es una empresa volcada en dar soluciones a nuestros clientes que les permitan ser m\u00e1s productivos en sus negocios.\" \/>\n<meta name=\"robots\" content=\"index, follow, max-snippet:-1, max-image-preview:large, max-video-preview:-1\" \/>\n<link rel=\"canonical\" href=\"https:\/\/ayader.com\/index.php\/venta-mobiliario-oficina\/\" \/>\n<meta property=\"og:locale\" content=\"es_ES\" \/>\n<meta property=\"og:type\" content=\"article\" \/>\n<meta property=\"og:title\" content=\"Mobiliario - Ayader - Soluciones Tecnol\u00f3gicas para empresas\" \/>\n<meta property=\"og:description\" content=\"Ayader es una empresa volcada en dar soluciones a nuestros clientes que les permitan ser m\u00e1s productivos en sus negocios.\" \/>\n<meta property=\"og:url\" content=\"https:\/\/ayader.com\/index.php\/venta-mobiliario-oficina\/\" \/>\n<meta property=\"og:site_name\" content=\"Ayader - Soluciones Tecnol\u00f3gicas para empresas\" \/>\n<meta property=\"article:modified_time\" content=\"2019-10-24T23:32:04+00:00\" \/>\n<meta property=\"og:image\" content=\"http:\/\/ayader.com\/wp-content\/uploads\/2016\/05\/seccion-silleria-300x180.png\" \/>\n<meta name=\"twitter:card\" content=\"summary\" \/>\n<meta name=\"twitter:label1\" content=\"Tiempo de lectura\" \/>\n\t<meta name=\"twitter:data1\" content=\"3 minutos\" \/>\n<script type=\"application\/ld+json\" class=\"yoast-schema-graph\">{\"@context\":\"https:\/\/schema.org\",\"@graph\":[{\"@type\":\"WebSite\",\"@id\":\"https:\/\/ayader.com\/#website\",\"url\":\"https:\/\/ayader.com\/\",\"name\":\"Ayader - Soluciones Tecnol\u00f3gicas para empresas\",\"description\":\"Ayader es una empresa volcada en ofrecer a nuestros clientes soluciones tecnol\u00f3gicas que les permitan ser m\u00e1s productivos en sus negocios.\",\"potentialAction\":[{\"@type\":\"SearchAction\",\"target\":{\"@type\":\"EntryPoint\",\"urlTemplate\":\"https:\/\/ayader.com\/?s={search_term_string}\"},\"query-input\":\"required name=search_term_string\"}],\"inLanguage\":\"es\"},{\"@type\":\"ImageObject\",\"@id\":\"https:\/\/ayader.com\/index.php\/venta-mobiliario-oficina\/#primaryimage\",\"inLanguage\":\"es\",\"url\":\"http:\/\/ayader.com\/wp-content\/uploads\/2016\/05\/seccion-silleria-300x180.png\",\"contentUrl\":\"http:\/\/ayader.com\/wp-content\/uploads\/2016\/05\/seccion-silleria-300x180.png\"},{\"@type\":\"WebPage\",\"@id\":\"https:\/\/ayader.com\/index.php\/venta-mobiliario-oficina\/#webpage\",\"url\":\"https:\/\/ayader.com\/index.php\/venta-mobiliario-oficina\/\",\"name\":\"Mobiliario - Ayader - Soluciones Tecnol\u00f3gicas para empresas\",\"isPartOf\":{\"@id\":\"https:\/\/ayader.com\/#website\"},\"primaryImageOfPage\":{\"@id\":\"https:\/\/ayader.com\/index.php\/venta-mobiliario-oficina\/#primaryimage\"},\"datePublished\":\"2016-05-16T16:52:07+00:00\",\"dateModified\":\"2019-10-24T23:32:04+00:00\",\"description\":\"Ayader es una empresa volcada en dar soluciones a nuestros clientes que les permitan ser m\u00e1s productivos en sus negocios.\",\"breadcrumb\":{\"@id\":\"https:\/\/ayader.com\/index.php\/venta-mobiliario-oficina\/#breadcrumb\"},\"inLanguage\":\"es\",\"potentialAction\":[{\"@type\":\"ReadAction\",\"target\":[\"https:\/\/ayader.com\/index.php\/venta-mobiliario-oficina\/\"]}]},{\"@type\":\"BreadcrumbList\",\"@id\":\"https:\/\/ayader.com\/index.php\/venta-mobiliario-oficina\/#breadcrumb\",\"itemListElement\":[{\"@type\":\"ListItem\",\"position\":1,\"name\":\"Portada\",\"item\":\"https:\/\/ayader.com\/\"},{\"@type\":\"ListItem\",\"position\":2,\"name\":\"Mobiliario\"}]}]}<\/script>\n<!-- \/ Yoast SEO plugin. -->","yoast_head_json":{"title":"Mobiliario - Ayader - Soluciones Tecnol\u00f3gicas para empresas","description":"Ayader es una empresa volcada en dar soluciones a nuestros clientes que les permitan ser m\u00e1s productivos en sus negocios.","robots":{"index":"index","follow":"follow","max-snippet":"max-snippet:-1","max-image-preview":"max-image-preview:large","max-video-preview":"max-video-preview:-1"},"canonical":"https:\/\/ayader.com\/index.php\/venta-mobiliario-oficina\/","og_locale":"es_ES","og_type":"article","og_title":"Mobiliario - Ayader - Soluciones Tecnol\u00f3gicas para empresas","og_description":"Ayader es una empresa volcada en dar soluciones a nuestros clientes que les permitan ser m\u00e1s productivos en sus negocios.","og_url":"https:\/\/ayader.com\/index.php\/venta-mobiliario-oficina\/","og_site_name":"Ayader - Soluciones Tecnol\u00f3gicas para empresas","article_modified_time":"2019-10-24T23:32:04+00:00","og_image":[{"url":"http:\/\/ayader.com\/wp-content\/uploads\/2016\/05\/seccion-silleria-300x180.png"}],"twitter_card":"summary","twitter_misc":{"Tiempo de lectura":"3 minutos"},"schema":{"@context":"https:\/\/schema.org","@graph":[{"@type":"WebSite","@id":"https:\/\/ayader.com\/#website","url":"https:\/\/ayader.com\/","name":"Ayader - Soluciones Tecnol\u00f3gicas para empresas","description":"Ayader es una empresa volcada en ofrecer a nuestros clientes soluciones tecnol\u00f3gicas que les permitan ser m\u00e1s productivos en sus negocios.","potentialAction":[{"@type":"SearchAction","target":{"@type":"EntryPoint","urlTemplate":"https:\/\/ayader.com\/?s={search_term_string}"},"query-input":"required name=search_term_string"}],"inLanguage":"es"},{"@type":"ImageObject","@id":"https:\/\/ayader.com\/index.php\/venta-mobiliario-oficina\/#primaryimage","inLanguage":"es","url":"http:\/\/ayader.com\/wp-content\/uploads\/2016\/05\/seccion-silleria-300x180.png","contentUrl":"http:\/\/ayader.com\/wp-content\/uploads\/2016\/05\/seccion-silleria-300x180.png"},{"@type":"WebPage","@id":"https:\/\/ayader.com\/index.php\/venta-mobiliario-oficina\/#webpage","url":"https:\/\/ayader.com\/index.php\/venta-mobiliario-oficina\/","name":"Mobiliario - Ayader - Soluciones Tecnol\u00f3gicas para empresas","isPartOf":{"@id":"https:\/\/ayader.com\/#website"},"primaryImageOfPage":{"@id":"https:\/\/ayader.com\/index.php\/venta-mobiliario-oficina\/#primaryimage"},"datePublished":"2016-05-16T16:52:07+00:00","dateModified":"2019-10-24T23:32:04+00:00","description":"Ayader es una empresa volcada en dar soluciones a nuestros clientes que les permitan ser m\u00e1s productivos en sus negocios.","breadcrumb":{"@id":"https:\/\/ayader.com\/index.php\/venta-mobiliario-oficina\/#breadcrumb"},"inLanguage":"es","potentialAction":[{"@type":"ReadAction","target":["https:\/\/ayader.com\/index.php\/venta-mobiliario-oficina\/"]}]},{"@type":"BreadcrumbList","@id":"https:\/\/ayader.com\/index.php\/venta-mobiliario-oficina\/#breadcrumb","itemListElement":[{"@type":"ListItem","position":1,"name":"Portada","item":"https:\/\/ayader.com\/"},{"@type":"ListItem","position":2,"name":"Mobiliario"}]}]}},"_links":{"self":[{"href":"https:\/\/ayader.com\/index.php\/wp-json\/wp\/v2\/pages\/867","targetHints":{"allow":["GET"]}}],"collection":[{"href":"https:\/\/ayader.com\/index.php\/wp-json\/wp\/v2\/pages"}],"about":[{"href":"https:\/\/ayader.com\/index.php\/wp-json\/wp\/v2\/types\/page"}],"author":[{"embeddable":true,"href":"https:\/\/ayader.com\/index.php\/wp-json\/wp\/v2\/users\/1"}],"replies":[{"embeddable":true,"href":"https:\/\/ayader.com\/index.php\/wp-json\/wp\/v2\/comments?post=867"}],"version-history":[{"count":14,"href":"https:\/\/ayader.com\/index.php\/wp-json\/wp\/v2\/pages\/867\/revisions"}],"predecessor-version":[{"id":1611,"href":"https:\/\/ayader.com\/index.php\/wp-json\/wp\/v2\/pages\/867\/revisions\/1611"}],"wp:attachment":[{"href":"https:\/\/ayader.com\/index.php\/wp-json\/wp\/v2\/media?parent=867"}],"curies":[{"name":"wp","href":"https:\/\/api.w.org\/{rel}","templated":true}]}}