{"id":818,"date":"2016-05-13T15:27:31","date_gmt":"2016-05-13T15:27:31","guid":{"rendered":"http:\/\/ayader.com\/?page_id=818"},"modified":"2019-10-24T23:31:23","modified_gmt":"2019-10-24T23:31:23","slug":"impresoras","status":"publish","type":"page","link":"https:\/\/ayader.com\/index.php\/impresoras\/","title":{"rendered":"Modelos de impresoras"},"content":{"rendered":"<div class=\"caja-texto-informativo encajada\">\n<h5 class=\"common-intro-hero__main-heading\" style=\"text-align: left;\">Impresoras Multifuncionales para oficina<\/h5>\n<p>Centraliza\u00a0<strong>las tareas m\u00e1s habituales de la oficina<\/strong>\u00a0en un \u00fanico dispositivo con una\u00a0<strong>impresora multifunci\u00f3n<\/strong>. En <a href=\"http:\/\/ayader.com\/wp-content\/uploads\/2016\/02\/ineo-4700P-ayader.png\"><img loading=\"lazy\" decoding=\"async\" class=\" wp-image-1145 alignright\" src=\"http:\/\/ayader.com\/wp-content\/uploads\/2016\/02\/ineo-4700P-ayader-300x178.png\" alt=\"\" width=\"225\" height=\"133\" srcset=\"https:\/\/ayader.com\/wp-content\/uploads\/2016\/02\/ineo-4700P-ayader-300x178.png 300w, https:\/\/ayader.com\/wp-content\/uploads\/2016\/02\/ineo-4700P-ayader-768x457.png 768w, https:\/\/ayader.com\/wp-content\/uploads\/2016\/02\/ineo-4700P-ayader-1024x609.png 1024w\" sizes=\"auto, (max-width: 225px) 100vw, 225px\" \/><\/a>nuestro cat\u00e1logo encontrar\u00e1s impresoras de las mejores marcas como las\u00a0<strong>multifunci\u00f3n HP<\/strong>,\u00a0<strong>Epson<\/strong>,\u00a0<strong>Canon<\/strong>\u00a0o las conocidas\u00a0<strong>multifunci\u00f3n Brothe<\/strong>r. Con ellas podr\u00e1s enviar y recibir faxes, realizar llamadas, escanear e imprimir documentos y ahorrar mucho espacio, una de las principales ventajas de este todoterreno perif\u00e9rico.<\/p>\n<\/div>\n<h5 class=\"common-intro-hero__main-heading\" style=\"text-align: left;\">Impresoras Multifunci\u00f3n L\u00e1ser Monocromo<\/h5>\n<p>Imprimen documentos de gran volumen r\u00e1pidamente con una alta calidad de impresi\u00f3n.<br \/>\nPermiten realizar distintos trabajos al mismo tiempo, como por ejemplo, imprimir mientras escanea o copia. Esto permite ahorrar un valioso tiempo.<\/p>\n<h5 class=\"common-intro-hero__main-heading\" style=\"text-align: left;\">Impresoras de Etiquetas<\/h5>\n<p>Impresi\u00f3n de etiquetas para oficinas, almacenes, comercios\u2026F\u00e1cil, sencilla y eficiente.<\/p>\n<h5 class=\"common-intro-hero__main-heading\" style=\"text-align: left;\">Impresoras multifunci\u00f3n\/Todo en uno<\/h5>\n<div>\n<p style=\"text-align: justify;\">Sea cual sea la impresora multifuncional que elija, obtendr\u00e1 interfaces sencillas, manejo fiable del papel, seguridad<a href=\"http:\/\/ayader.com\/wp-content\/uploads\/2016\/05\/HP-LaserJet-Enterprise-flow-MFP-M525c.png\"><img loading=\"lazy\" decoding=\"async\" class=\"size-medium wp-image-1141 alignright\" src=\"http:\/\/ayader.com\/wp-content\/uploads\/2016\/05\/HP-LaserJet-Enterprise-flow-MFP-M525c-300x225.png\" alt=\"\" width=\"300\" height=\"225\" srcset=\"https:\/\/ayader.com\/wp-content\/uploads\/2016\/05\/HP-LaserJet-Enterprise-flow-MFP-M525c-300x225.png 300w, https:\/\/ayader.com\/wp-content\/uploads\/2016\/05\/HP-LaserJet-Enterprise-flow-MFP-M525c.png 474w\" sizes=\"auto, (max-width: 300px) 100vw, 300px\" \/><\/a> avanzada y herramientas sofisticadas para controlar los costes. Convierta su multifuncional en un asistente inteligente para el lugar de trabajo gracias a conectividad Wi-Fi, impresi\u00f3n m\u00f3vil, pantallas t\u00e1ctiles similares a las de una tableta y aplicaciones conectadas a la nube.<\/p>\n<\/div>\n<div class=\"xrx-fw-category-control-bar\"><\/div>\n","protected":false},"excerpt":{"rendered":"<p>Impresoras Multifuncionales para oficina Centraliza\u00a0las tareas m\u00e1s habituales de la oficina\u00a0en un [&hellip;]<\/p>\n","protected":false},"author":1,"featured_media":0,"parent":0,"menu_order":0,"comment_status":"closed","ping_status":"closed","template":"","meta":{"footnotes":""},"class_list":["post-818","page","type-page","status-publish","hentry"],"yoast_head":"<!-- This site is optimized with the Yoast SEO plugin v18.2 - https:\/\/yoast.com\/wordpress\/plugins\/seo\/ -->\n<title>Impresoras multifuncionales monocromo<\/title>\n<meta name=\"description\" content=\"Ayader es una empresa volcada en dar soluciones a nuestros clientes que les permitan ser m\u00e1s productivos en sus negocios.\" \/>\n<meta name=\"robots\" content=\"index, follow, max-snippet:-1, max-image-preview:large, max-video-preview:-1\" \/>\n<link rel=\"canonical\" href=\"https:\/\/ayader.com\/index.php\/impresoras\/\" \/>\n<meta property=\"og:locale\" content=\"es_ES\" \/>\n<meta property=\"og:type\" content=\"article\" \/>\n<meta property=\"og:title\" content=\"Impresoras multifuncionales monocromo\" \/>\n<meta property=\"og:description\" content=\"Ayader es una empresa volcada en dar soluciones a nuestros clientes que les permitan ser m\u00e1s productivos en sus negocios.\" \/>\n<meta property=\"og:url\" content=\"https:\/\/ayader.com\/index.php\/impresoras\/\" \/>\n<meta property=\"og:site_name\" content=\"Ayader - Soluciones Tecnol\u00f3gicas para empresas\" \/>\n<meta property=\"article:modified_time\" content=\"2019-10-24T23:31:23+00:00\" \/>\n<meta property=\"og:image\" content=\"http:\/\/ayader.com\/wp-content\/uploads\/2016\/02\/ineo-4700P-ayader-300x178.png\" \/>\n<meta name=\"twitter:card\" content=\"summary\" \/>\n<meta name=\"twitter:label1\" content=\"Tiempo de lectura\" \/>\n\t<meta name=\"twitter:data1\" content=\"1 minuto\" \/>\n<script type=\"application\/ld+json\" class=\"yoast-schema-graph\">{\"@context\":\"https:\/\/schema.org\",\"@graph\":[{\"@type\":\"WebSite\",\"@id\":\"https:\/\/ayader.com\/#website\",\"url\":\"https:\/\/ayader.com\/\",\"name\":\"Ayader - Soluciones Tecnol\u00f3gicas para empresas\",\"description\":\"Ayader es una empresa volcada en ofrecer a nuestros clientes soluciones tecnol\u00f3gicas que les permitan ser m\u00e1s productivos en sus negocios.\",\"potentialAction\":[{\"@type\":\"SearchAction\",\"target\":{\"@type\":\"EntryPoint\",\"urlTemplate\":\"https:\/\/ayader.com\/?s={search_term_string}\"},\"query-input\":\"required name=search_term_string\"}],\"inLanguage\":\"es\"},{\"@type\":\"ImageObject\",\"@id\":\"https:\/\/ayader.com\/index.php\/impresoras\/#primaryimage\",\"inLanguage\":\"es\",\"url\":\"http:\/\/ayader.com\/wp-content\/uploads\/2016\/02\/ineo-4700P-ayader-300x178.png\",\"contentUrl\":\"http:\/\/ayader.com\/wp-content\/uploads\/2016\/02\/ineo-4700P-ayader-300x178.png\"},{\"@type\":\"WebPage\",\"@id\":\"https:\/\/ayader.com\/index.php\/impresoras\/#webpage\",\"url\":\"https:\/\/ayader.com\/index.php\/impresoras\/\",\"name\":\"Impresoras multifuncionales monocromo\",\"isPartOf\":{\"@id\":\"https:\/\/ayader.com\/#website\"},\"primaryImageOfPage\":{\"@id\":\"https:\/\/ayader.com\/index.php\/impresoras\/#primaryimage\"},\"datePublished\":\"2016-05-13T15:27:31+00:00\",\"dateModified\":\"2019-10-24T23:31:23+00:00\",\"description\":\"Ayader es una empresa volcada en dar soluciones a nuestros clientes que les permitan ser m\u00e1s productivos en sus negocios.\",\"breadcrumb\":{\"@id\":\"https:\/\/ayader.com\/index.php\/impresoras\/#breadcrumb\"},\"inLanguage\":\"es\",\"potentialAction\":[{\"@type\":\"ReadAction\",\"target\":[\"https:\/\/ayader.com\/index.php\/impresoras\/\"]}]},{\"@type\":\"BreadcrumbList\",\"@id\":\"https:\/\/ayader.com\/index.php\/impresoras\/#breadcrumb\",\"itemListElement\":[{\"@type\":\"ListItem\",\"position\":1,\"name\":\"Portada\",\"item\":\"https:\/\/ayader.com\/\"},{\"@type\":\"ListItem\",\"position\":2,\"name\":\"Modelos de impresoras\"}]}]}<\/script>\n<!-- \/ Yoast SEO plugin. -->","yoast_head_json":{"title":"Impresoras multifuncionales monocromo","description":"Ayader es una empresa volcada en dar soluciones a nuestros clientes que les permitan ser m\u00e1s productivos en sus negocios.","robots":{"index":"index","follow":"follow","max-snippet":"max-snippet:-1","max-image-preview":"max-image-preview:large","max-video-preview":"max-video-preview:-1"},"canonical":"https:\/\/ayader.com\/index.php\/impresoras\/","og_locale":"es_ES","og_type":"article","og_title":"Impresoras multifuncionales monocromo","og_description":"Ayader es una empresa volcada en dar soluciones a nuestros clientes que les permitan ser m\u00e1s productivos en sus negocios.","og_url":"https:\/\/ayader.com\/index.php\/impresoras\/","og_site_name":"Ayader - Soluciones Tecnol\u00f3gicas para empresas","article_modified_time":"2019-10-24T23:31:23+00:00","og_image":[{"url":"http:\/\/ayader.com\/wp-content\/uploads\/2016\/02\/ineo-4700P-ayader-300x178.png"}],"twitter_card":"summary","twitter_misc":{"Tiempo de lectura":"1 minuto"},"schema":{"@context":"https:\/\/schema.org","@graph":[{"@type":"WebSite","@id":"https:\/\/ayader.com\/#website","url":"https:\/\/ayader.com\/","name":"Ayader - Soluciones Tecnol\u00f3gicas para empresas","description":"Ayader es una empresa volcada en ofrecer a nuestros clientes soluciones tecnol\u00f3gicas que les permitan ser m\u00e1s productivos en sus negocios.","potentialAction":[{"@type":"SearchAction","target":{"@type":"EntryPoint","urlTemplate":"https:\/\/ayader.com\/?s={search_term_string}"},"query-input":"required name=search_term_string"}],"inLanguage":"es"},{"@type":"ImageObject","@id":"https:\/\/ayader.com\/index.php\/impresoras\/#primaryimage","inLanguage":"es","url":"http:\/\/ayader.com\/wp-content\/uploads\/2016\/02\/ineo-4700P-ayader-300x178.png","contentUrl":"http:\/\/ayader.com\/wp-content\/uploads\/2016\/02\/ineo-4700P-ayader-300x178.png"},{"@type":"WebPage","@id":"https:\/\/ayader.com\/index.php\/impresoras\/#webpage","url":"https:\/\/ayader.com\/index.php\/impresoras\/","name":"Impresoras multifuncionales monocromo","isPartOf":{"@id":"https:\/\/ayader.com\/#website"},"primaryImageOfPage":{"@id":"https:\/\/ayader.com\/index.php\/impresoras\/#primaryimage"},"datePublished":"2016-05-13T15:27:31+00:00","dateModified":"2019-10-24T23:31:23+00:00","description":"Ayader es una empresa volcada en dar soluciones a nuestros clientes que les permitan ser m\u00e1s productivos en sus negocios.","breadcrumb":{"@id":"https:\/\/ayader.com\/index.php\/impresoras\/#breadcrumb"},"inLanguage":"es","potentialAction":[{"@type":"ReadAction","target":["https:\/\/ayader.com\/index.php\/impresoras\/"]}]},{"@type":"BreadcrumbList","@id":"https:\/\/ayader.com\/index.php\/impresoras\/#breadcrumb","itemListElement":[{"@type":"ListItem","position":1,"name":"Portada","item":"https:\/\/ayader.com\/"},{"@type":"ListItem","position":2,"name":"Modelos de impresoras"}]}]}},"_links":{"self":[{"href":"https:\/\/ayader.com\/index.php\/wp-json\/wp\/v2\/pages\/818","targetHints":{"allow":["GET"]}}],"collection":[{"href":"https:\/\/ayader.com\/index.php\/wp-json\/wp\/v2\/pages"}],"about":[{"href":"https:\/\/ayader.com\/index.php\/wp-json\/wp\/v2\/types\/page"}],"author":[{"embeddable":true,"href":"https:\/\/ayader.com\/index.php\/wp-json\/wp\/v2\/users\/1"}],"replies":[{"embeddable":true,"href":"https:\/\/ayader.com\/index.php\/wp-json\/wp\/v2\/comments?post=818"}],"version-history":[{"count":19,"href":"https:\/\/ayader.com\/index.php\/wp-json\/wp\/v2\/pages\/818\/revisions"}],"predecessor-version":[{"id":1610,"href":"https:\/\/ayader.com\/index.php\/wp-json\/wp\/v2\/pages\/818\/revisions\/1610"}],"wp:attachment":[{"href":"https:\/\/ayader.com\/index.php\/wp-json\/wp\/v2\/media?parent=818"}],"curies":[{"name":"wp","href":"https:\/\/api.w.org\/{rel}","templated":true}]}}