{"id":2043,"date":"2024-07-12T08:18:37","date_gmt":"2024-07-12T08:18:37","guid":{"rendered":"https:\/\/ayader.com\/?page_id=2043"},"modified":"2024-07-12T08:34:22","modified_gmt":"2024-07-12T08:34:22","slug":"gestion-de-la-facturacion-y-factura-electronica","status":"publish","type":"page","link":"https:\/\/ayader.com\/index.php\/gestion-de-la-facturacion-y-factura-electronica\/","title":{"rendered":"Gesti\u00f3n de la facturaci\u00f3n y factura electr\u00f3nica"},"content":{"rendered":"\n<p><strong>Con esta soluci\u00f3n podr\u00e1s tener digitalizado el flujo de emisi\u00f3n y recepci\u00f3n de las facturas de tus clientes y proveedores, asegurando la digitalizaci\u00f3n y securizaci\u00f3n de tus procesos de negocio.<\/strong><\/p>\n\n\n\n<figure class=\"wp-block-image\"><img loading=\"lazy\" decoding=\"async\" width=\"1024\" height=\"119\" src=\"https:\/\/ayader.com\/wp-content\/uploads\/2022\/02\/logo-digitalizadores-1024x119.jpg\" alt=\"\" class=\"wp-image-1639\" srcset=\"https:\/\/ayader.com\/wp-content\/uploads\/2022\/02\/logo-digitalizadores-1024x119.jpg 1024w, https:\/\/ayader.com\/wp-content\/uploads\/2022\/02\/logo-digitalizadores-300x35.jpg 300w, https:\/\/ayader.com\/wp-content\/uploads\/2022\/02\/logo-digitalizadores-768x89.jpg 768w, https:\/\/ayader.com\/wp-content\/uploads\/2022\/02\/logo-digitalizadores-830x96.jpg 830w, https:\/\/ayader.com\/wp-content\/uploads\/2022\/02\/logo-digitalizadores-230x27.jpg 230w, https:\/\/ayader.com\/wp-content\/uploads\/2022\/02\/logo-digitalizadores-350x41.jpg 350w, https:\/\/ayader.com\/wp-content\/uploads\/2022\/02\/logo-digitalizadores-480x56.jpg 480w, https:\/\/ayader.com\/wp-content\/uploads\/2022\/02\/logo-digitalizadores.jpg 1920w\" sizes=\"auto, (max-width: 1024px) 100vw, 1024px\" \/><\/figure>\n\n\n\n<h2 class=\"wp-block-heading\">BDP Kit digital y Goldensoft Kit digital, intuitivo programa de gesti\u00f3n de la facturas y emisi\u00f3n de factura electr\u00f3nica<\/h2>\n\n\n\n<p>Somos integradores y mantenedores de dos programas de gesti\u00f3n que cumplen con todos los requisitos exigidos por RED.es.<\/p>\n\n\n\n<p>Requisitos minimos:<\/p>\n\n\n\n<ul class=\"wp-block-list\">\n<li><strong>Facturas en formato estructurado:<\/strong>&nbsp;FACTURA-E, para facilitar su tratamiento automatizado.<\/li>\n\n\n\n<li><strong>Facturas ilimitadas:<\/strong>&nbsp;podr\u00e1s emitir y recibir un n\u00famero ilimitado de facturas.<\/li>\n\n\n\n<li><strong>Clientes ilimitados:<\/strong>&nbsp;tendr\u00e1s la capacidad de enviar facturas a un n\u00famero ilimitado de clientes.<\/li>\n\n\n\n<li><strong>Productos o servicios ilimitados:<\/strong>&nbsp;podr\u00e1s crear un n\u00famero ilimitado de productos y\/o servicios facturables dentro del cat\u00e1logo.<\/li>\n\n\n\n<li><strong>Env\u00edo y recepci\u00f3n de facturas:<\/strong>&nbsp;la soluci\u00f3n implantada por el Agente Digitalizador de tu elecci\u00f3n te posibilitar\u00e1 enviar y recibir facturas electr\u00f3nicas directamente, al menos por correo electr\u00f3nico.<\/li>\n\n\n\n<li><strong>Personalizaci\u00f3n de facturas:<\/strong>&nbsp;las facturas ser\u00e1n personalizables, incluyendo la selecci\u00f3n de tu logotipo.<\/li>\n\n\n\n<li><strong>Copias de seguridad peri\u00f3dicas:<\/strong>&nbsp;podr\u00e1s realizar copias de seguridad, con posibilidad de,&nbsp;al menos,&nbsp;una periodicidad diaria.<\/li>\n\n\n\n<li><strong>Almacenamiento\/Hist\u00f3rico de facturas:<\/strong>&nbsp;Si perteneces a los segmentos I, II o III tendr\u00e1s, al menos, 1 GB para las facturas.&nbsp;Para los segmentos IV y V se proporcionar\u00e1 un almacenamiento de, al menos, 10 GB.<\/li>\n\n\n\n<li><strong>Integraci\u00f3n con otras soluciones:<\/strong>&nbsp;la soluci\u00f3n deber\u00e1 disponer de APIs o Web Services para su integraci\u00f3n con otras herramientas, as\u00ed como permitir la carga de datos de manera manual.<\/li>\n\n\n\n<li><strong>Control de vencimiento de las facturas:<\/strong>&nbsp;tendr\u00e1s un sistema de control del vencimiento de las facturas.<\/li>\n\n\n\n<li><strong>Generaci\u00f3n de un registro de facturaci\u00f3n:<\/strong>&nbsp;la soluci\u00f3n te permitir\u00e1 generar un registro de facturaci\u00f3n, de forma simult\u00e1nea o inmediatamente anterior a la expedici\u00f3n de cada factura.<\/li>\n\n\n\n<li><strong>Emisi\u00f3n de facturas verificables:<\/strong>&nbsp;la soluci\u00f3n deber\u00e1 habilitar la emisi\u00f3n de facturas, tanto en papel como de forma electr\u00f3nica, que puedan ser verificables con la Agencia Tributaria por parte del comprador.<\/li>\n\n\n\n<li><strong>Verificaci\u00f3n presencial:<\/strong>&nbsp;la soluci\u00f3n deber\u00e1 permitir la verificaci\u00f3n presencial del registro de facturaci\u00f3n por parte de las autoridades competentes.<\/li>\n\n\n\n<li><strong>Declaraci\u00f3n responsable:<\/strong>&nbsp;la soluci\u00f3n deber\u00e1 disponer de una declaraci\u00f3n responsable por parte del fabricante o desarrollador acreditando que el software cumple con la normativa tributaria vigente.<\/li>\n\n\n\n<li><strong>Cumplimiento:&nbsp;<\/strong>podr\u00e1s asegurar el cumplimiento de la normativa aplicable, en concreto el Reglamento por el que se regulan las obligaciones de facturaci\u00f3n del Real Decreto 1619\/2012, los requisitos del art\u00edculo 29.2.j) de la Ley 58\/2003, de 17 de diciembre, General Tributaria y su normativa de desarrollo, as\u00ed como cualquier normativa de aplicaci\u00f3n.<\/li>\n<\/ul>\n\n\n\n<p><strong>Importe 2.000\u20ac + Iva<\/strong><\/p>\n\n\n\n<h2 class=\"wp-block-heading\">Porcentajes de ejecuci\u00f3n asociados a las fases<\/h2>\n\n\n\n<ul class=\"wp-block-list\">\n<li>Primera: 70 %<\/li>\n\n\n\n<li>Segunda: 30 %<\/li>\n<\/ul>\n\n\n\n<h2 class=\"wp-block-heading\">Como solicitar tu ayuda<\/h2>\n\n\n\n<p><a href=\"https:\/\/sede.red.gob.es\/es\/procedimientos\/convocatoria-de-ayudas-destinadas-la-digitalizacion-de-empresas-del-segmento-iii\">CONVOCATORIA DE AYUDAS DESTINADAS A LA DIGITALIZACI\u00d3N DE EMPRESAS DEL SEGMENTO III (ENTRE 0 Y MENOS DE 3 EMPLEADOS) EN EL MARCO DE LA AGENDA ESPA\u00d1A DIGITAL 2026 | Sede (red.gob.es)<\/a><\/p>\n","protected":false},"excerpt":{"rendered":"<p>Con esta soluci\u00f3n podr\u00e1s tener digitalizado el flujo de emisi\u00f3n y recepci\u00f3n [&hellip;]<\/p>\n","protected":false},"author":1,"featured_media":0,"parent":0,"menu_order":0,"comment_status":"closed","ping_status":"closed","template":"","meta":{"footnotes":""},"class_list":["post-2043","page","type-page","status-publish","hentry"],"yoast_head":"<!-- This site is optimized with the Yoast SEO plugin v18.2 - https:\/\/yoast.com\/wordpress\/plugins\/seo\/ -->\n<title>Gesti\u00f3n de la facturaci\u00f3n y factura electr\u00f3nica - Ayader - Soluciones Tecnol\u00f3gicas para empresas<\/title>\n<meta name=\"robots\" content=\"index, follow, max-snippet:-1, max-image-preview:large, max-video-preview:-1\" \/>\n<link rel=\"canonical\" href=\"https:\/\/ayader.com\/index.php\/gestion-de-la-facturacion-y-factura-electronica\/\" \/>\n<meta property=\"og:locale\" content=\"es_ES\" \/>\n<meta property=\"og:type\" content=\"article\" \/>\n<meta property=\"og:title\" content=\"Gesti\u00f3n de la facturaci\u00f3n y factura electr\u00f3nica - Ayader - Soluciones Tecnol\u00f3gicas para empresas\" \/>\n<meta property=\"og:description\" content=\"Con esta soluci\u00f3n podr\u00e1s tener digitalizado el flujo de emisi\u00f3n y recepci\u00f3n [&hellip;]\" \/>\n<meta property=\"og:url\" content=\"https:\/\/ayader.com\/index.php\/gestion-de-la-facturacion-y-factura-electronica\/\" \/>\n<meta property=\"og:site_name\" content=\"Ayader - Soluciones Tecnol\u00f3gicas para empresas\" \/>\n<meta property=\"article:modified_time\" content=\"2024-07-12T08:34:22+00:00\" \/>\n<meta property=\"og:image\" content=\"https:\/\/ayader.com\/wp-content\/uploads\/2022\/02\/logo-digitalizadores-1024x119.jpg\" \/>\n<meta name=\"twitter:card\" content=\"summary\" \/>\n<meta name=\"twitter:label1\" content=\"Tiempo de lectura\" \/>\n\t<meta name=\"twitter:data1\" content=\"3 minutos\" \/>\n<script type=\"application\/ld+json\" class=\"yoast-schema-graph\">{\"@context\":\"https:\/\/schema.org\",\"@graph\":[{\"@type\":\"WebSite\",\"@id\":\"https:\/\/ayader.com\/#website\",\"url\":\"https:\/\/ayader.com\/\",\"name\":\"Ayader - Soluciones Tecnol\u00f3gicas para empresas\",\"description\":\"Ayader es una empresa volcada en ofrecer a nuestros clientes soluciones tecnol\u00f3gicas que les permitan ser m\u00e1s productivos en sus negocios.\",\"potentialAction\":[{\"@type\":\"SearchAction\",\"target\":{\"@type\":\"EntryPoint\",\"urlTemplate\":\"https:\/\/ayader.com\/?s={search_term_string}\"},\"query-input\":\"required name=search_term_string\"}],\"inLanguage\":\"es\"},{\"@type\":\"ImageObject\",\"@id\":\"https:\/\/ayader.com\/index.php\/gestion-de-la-facturacion-y-factura-electronica\/#primaryimage\",\"inLanguage\":\"es\",\"url\":\"https:\/\/ayader.com\/wp-content\/uploads\/2022\/02\/logo-digitalizadores.jpg\",\"contentUrl\":\"https:\/\/ayader.com\/wp-content\/uploads\/2022\/02\/logo-digitalizadores.jpg\",\"width\":1920,\"height\":223},{\"@type\":\"WebPage\",\"@id\":\"https:\/\/ayader.com\/index.php\/gestion-de-la-facturacion-y-factura-electronica\/#webpage\",\"url\":\"https:\/\/ayader.com\/index.php\/gestion-de-la-facturacion-y-factura-electronica\/\",\"name\":\"Gesti\u00f3n de la facturaci\u00f3n y factura electr\u00f3nica - Ayader - Soluciones Tecnol\u00f3gicas para empresas\",\"isPartOf\":{\"@id\":\"https:\/\/ayader.com\/#website\"},\"primaryImageOfPage\":{\"@id\":\"https:\/\/ayader.com\/index.php\/gestion-de-la-facturacion-y-factura-electronica\/#primaryimage\"},\"datePublished\":\"2024-07-12T08:18:37+00:00\",\"dateModified\":\"2024-07-12T08:34:22+00:00\",\"breadcrumb\":{\"@id\":\"https:\/\/ayader.com\/index.php\/gestion-de-la-facturacion-y-factura-electronica\/#breadcrumb\"},\"inLanguage\":\"es\",\"potentialAction\":[{\"@type\":\"ReadAction\",\"target\":[\"https:\/\/ayader.com\/index.php\/gestion-de-la-facturacion-y-factura-electronica\/\"]}]},{\"@type\":\"BreadcrumbList\",\"@id\":\"https:\/\/ayader.com\/index.php\/gestion-de-la-facturacion-y-factura-electronica\/#breadcrumb\",\"itemListElement\":[{\"@type\":\"ListItem\",\"position\":1,\"name\":\"Portada\",\"item\":\"https:\/\/ayader.com\/\"},{\"@type\":\"ListItem\",\"position\":2,\"name\":\"Gesti\u00f3n de la facturaci\u00f3n y factura electr\u00f3nica\"}]}]}<\/script>\n<!-- \/ Yoast SEO plugin. -->","yoast_head_json":{"title":"Gesti\u00f3n de la facturaci\u00f3n y factura electr\u00f3nica - Ayader - Soluciones Tecnol\u00f3gicas para empresas","robots":{"index":"index","follow":"follow","max-snippet":"max-snippet:-1","max-image-preview":"max-image-preview:large","max-video-preview":"max-video-preview:-1"},"canonical":"https:\/\/ayader.com\/index.php\/gestion-de-la-facturacion-y-factura-electronica\/","og_locale":"es_ES","og_type":"article","og_title":"Gesti\u00f3n de la facturaci\u00f3n y factura electr\u00f3nica - Ayader - Soluciones Tecnol\u00f3gicas para empresas","og_description":"Con esta soluci\u00f3n podr\u00e1s tener digitalizado el flujo de emisi\u00f3n y recepci\u00f3n [&hellip;]","og_url":"https:\/\/ayader.com\/index.php\/gestion-de-la-facturacion-y-factura-electronica\/","og_site_name":"Ayader - Soluciones Tecnol\u00f3gicas para empresas","article_modified_time":"2024-07-12T08:34:22+00:00","og_image":[{"url":"https:\/\/ayader.com\/wp-content\/uploads\/2022\/02\/logo-digitalizadores-1024x119.jpg"}],"twitter_card":"summary","twitter_misc":{"Tiempo de lectura":"3 minutos"},"schema":{"@context":"https:\/\/schema.org","@graph":[{"@type":"WebSite","@id":"https:\/\/ayader.com\/#website","url":"https:\/\/ayader.com\/","name":"Ayader - Soluciones Tecnol\u00f3gicas para empresas","description":"Ayader es una empresa volcada en ofrecer a nuestros clientes soluciones tecnol\u00f3gicas que les permitan ser m\u00e1s productivos en sus negocios.","potentialAction":[{"@type":"SearchAction","target":{"@type":"EntryPoint","urlTemplate":"https:\/\/ayader.com\/?s={search_term_string}"},"query-input":"required name=search_term_string"}],"inLanguage":"es"},{"@type":"ImageObject","@id":"https:\/\/ayader.com\/index.php\/gestion-de-la-facturacion-y-factura-electronica\/#primaryimage","inLanguage":"es","url":"https:\/\/ayader.com\/wp-content\/uploads\/2022\/02\/logo-digitalizadores.jpg","contentUrl":"https:\/\/ayader.com\/wp-content\/uploads\/2022\/02\/logo-digitalizadores.jpg","width":1920,"height":223},{"@type":"WebPage","@id":"https:\/\/ayader.com\/index.php\/gestion-de-la-facturacion-y-factura-electronica\/#webpage","url":"https:\/\/ayader.com\/index.php\/gestion-de-la-facturacion-y-factura-electronica\/","name":"Gesti\u00f3n de la facturaci\u00f3n y factura electr\u00f3nica - Ayader - Soluciones Tecnol\u00f3gicas para empresas","isPartOf":{"@id":"https:\/\/ayader.com\/#website"},"primaryImageOfPage":{"@id":"https:\/\/ayader.com\/index.php\/gestion-de-la-facturacion-y-factura-electronica\/#primaryimage"},"datePublished":"2024-07-12T08:18:37+00:00","dateModified":"2024-07-12T08:34:22+00:00","breadcrumb":{"@id":"https:\/\/ayader.com\/index.php\/gestion-de-la-facturacion-y-factura-electronica\/#breadcrumb"},"inLanguage":"es","potentialAction":[{"@type":"ReadAction","target":["https:\/\/ayader.com\/index.php\/gestion-de-la-facturacion-y-factura-electronica\/"]}]},{"@type":"BreadcrumbList","@id":"https:\/\/ayader.com\/index.php\/gestion-de-la-facturacion-y-factura-electronica\/#breadcrumb","itemListElement":[{"@type":"ListItem","position":1,"name":"Portada","item":"https:\/\/ayader.com\/"},{"@type":"ListItem","position":2,"name":"Gesti\u00f3n de la facturaci\u00f3n y factura electr\u00f3nica"}]}]}},"_links":{"self":[{"href":"https:\/\/ayader.com\/index.php\/wp-json\/wp\/v2\/pages\/2043","targetHints":{"allow":["GET"]}}],"collection":[{"href":"https:\/\/ayader.com\/index.php\/wp-json\/wp\/v2\/pages"}],"about":[{"href":"https:\/\/ayader.com\/index.php\/wp-json\/wp\/v2\/types\/page"}],"author":[{"embeddable":true,"href":"https:\/\/ayader.com\/index.php\/wp-json\/wp\/v2\/users\/1"}],"replies":[{"embeddable":true,"href":"https:\/\/ayader.com\/index.php\/wp-json\/wp\/v2\/comments?post=2043"}],"version-history":[{"count":4,"href":"https:\/\/ayader.com\/index.php\/wp-json\/wp\/v2\/pages\/2043\/revisions"}],"predecessor-version":[{"id":2051,"href":"https:\/\/ayader.com\/index.php\/wp-json\/wp\/v2\/pages\/2043\/revisions\/2051"}],"wp:attachment":[{"href":"https:\/\/ayader.com\/index.php\/wp-json\/wp\/v2\/media?parent=2043"}],"curies":[{"name":"wp","href":"https:\/\/api.w.org\/{rel}","templated":true}]}}