{"id":1721,"date":"2022-02-15T15:17:23","date_gmt":"2022-02-15T15:17:23","guid":{"rendered":"https:\/\/ayader.com\/?page_id=1721"},"modified":"2024-06-12T08:27:21","modified_gmt":"2024-06-12T08:27:21","slug":"gestion-de-procesos","status":"publish","type":"page","link":"https:\/\/ayader.com\/index.php\/gestion-de-procesos\/","title":{"rendered":"Gesti\u00f3n de Procesos"},"content":{"rendered":"\n<figure class=\"wp-block-image\"><img loading=\"lazy\" decoding=\"async\" width=\"1024\" height=\"119\" src=\"https:\/\/ayader.com\/wp-content\/uploads\/2022\/02\/logo-digitalizadores-1024x119.jpg\" alt=\"\" class=\"wp-image-1639\" srcset=\"https:\/\/ayader.com\/wp-content\/uploads\/2022\/02\/logo-digitalizadores-1024x119.jpg 1024w, https:\/\/ayader.com\/wp-content\/uploads\/2022\/02\/logo-digitalizadores-300x35.jpg 300w, https:\/\/ayader.com\/wp-content\/uploads\/2022\/02\/logo-digitalizadores-768x89.jpg 768w, https:\/\/ayader.com\/wp-content\/uploads\/2022\/02\/logo-digitalizadores-830x96.jpg 830w, https:\/\/ayader.com\/wp-content\/uploads\/2022\/02\/logo-digitalizadores-230x27.jpg 230w, https:\/\/ayader.com\/wp-content\/uploads\/2022\/02\/logo-digitalizadores-350x41.jpg 350w, https:\/\/ayader.com\/wp-content\/uploads\/2022\/02\/logo-digitalizadores-480x56.jpg 480w, https:\/\/ayader.com\/wp-content\/uploads\/2022\/02\/logo-digitalizadores.jpg 1920w\" sizes=\"auto, (max-width: 1024px) 100vw, 1024px\" \/><\/figure>\n\n\n\n<p><span style=\"color: #000000;\">El principal objetivo de esta categor\u00eda es digitalizar y\/o automatizar procesos de tu negocio, relacionados con los aspectos operativos o productivos.<\/span><\/p>\n<p>\u00a0<\/p>\n<div class=\"col-12 col-sm-6 col-md-4 py-5 py-lg-0\">\n<div class=\"contenido-pf\"><span style=\"color: #000000;\"><strong>A partir de 1.500 + IVA mantenimiento no incluido<\/strong><\/span><\/div>\n<div>\u00a0<\/div>\n<\/div>\n<div>\u00a0<\/div>\n<div><span class=\"tadv-color\" style=\"color: #000000;\">Con esta soluci\u00f3n podr\u00e1s tener digitalizado el flujo de emisi\u00f3n de las facturas a tus clientes.<\/span><\/div>\n<div class=\"col-12 col-sm-6 col-md-4 py-5 py-lg-0\">\n<div class=\"contenido-pf\">\n<div class=\"subtitulo\">\u00a0<\/div>\n<\/div>\n<\/div>\n<div>\u00a0<\/div>\n<ul>\n<li><span style=\"color: #000000;\"><strong>Encriptaci\u00f3n:<\/strong> Con el software de gesti\u00f3n documental garantizas la privacidad de los documentos laborales.<\/span><\/li>\n<li><span style=\"color: #000000;\"><strong>Inicio de sesi\u00f3n:<\/strong> Inicio de Sesi\u00f3n \u00danico como procedimiento de autenticaci\u00f3n en tu sistema de gesti\u00f3n documental.<\/span><\/li>\n<li><span style=\"color: #000000;\"><strong>Diferentes roles:<\/strong> Gestor documental con diferentes niveles de permisos: administrador, RRHH y empleado.<\/span><\/li>\n<li><span style=\"color: #000000;\"><strong>Accesible: <\/strong>Accede a programa de gesti\u00f3n documental desde cualquier lugar y dispositivo de forma segura.<\/span><\/li>\n<\/ul>\n<p>\u00a0<\/p>\n<p><span style=\"color: #000000;\">Para otras funcionalidades solicita tu presupuesto a medida y sin compromiso.\u00a0<\/span><\/p>\n<p>\u00a0<\/p>\n\n\n\n<h4 class=\"wp-block-heading\"><u>Funcionalidades y servicios<\/u><\/h4>\n\n\n\n<ul>\n<li class=\"paragraph\">\n<p><span style=\"color: #000000;\"><strong>Digitalizaci\u00f3n y\/o automatizaci\u00f3n de procesos y flujos de trabajo:&nbsp;<\/strong>tendr\u00e1s digitalizados y\/o automatizados procesos como:<\/span><\/p>\n<ul>\n<li class=\"paragraph\">\n<p><span style=\"color: #000000;\"><strong>Contabilidad\/finanzas:&nbsp;<\/strong>cuentas por cobrar\/por pagar, gesti\u00f3n de activos y generaci\u00f3n de cierres y balances, etc.<\/span><\/p>\n<\/li>\n<li>\n<p><span style=\"color: #000000;\"><strong>Facturaci\u00f3n:&nbsp;<\/strong>automatizaci\u00f3n de los procesos de facturaci\u00f3n con la generaci\u00f3n de presupuestos, albaranes y facturas.<\/span><\/p>\n<\/li>\n<li>\n<p><span style=\"color: #000000;\"><strong>Proyectos:&nbsp;<\/strong>control de presupuestos, costes, estimaciones, optimizaci\u00f3n de los recursos, etc.<\/span><\/p>\n<\/li>\n<li>\n<p><span style=\"color: #000000;\"><strong>Inventario:&nbsp;<\/strong>previsi\u00f3n, niveles de stock, env\u00edos, distribuciones, devoluciones y cancelaciones, etc.<\/span><\/p>\n<\/li>\n<li>\n<p><span style=\"color: #000000;\"><strong>Compras y pagos:&nbsp;<\/strong>gesti\u00f3n de pedidos de compra y proveedores.<\/span><\/p>\n<\/li>\n<li>\n<p><span style=\"color: #000000;\"><strong>Recursos humanos:&nbsp;<\/strong>gesti\u00f3n de los recursos humanos, n\u00f3minas, etc.<\/span><\/p>\n<\/li>\n<li>\n<p><span style=\"color: #000000;\"><strong>Log\u00edstica:&nbsp;<\/strong>gesti\u00f3n de flotas y rutas, entre otras.<\/span><\/p>\n<\/li>\n<\/ul>\n<\/li>\n<li>\n<p><span style=\"color: #000000;\"><strong>Integraci\u00f3n con diversas plataformas:&nbsp;<\/strong>la soluci\u00f3n dispondr\u00e1 de APIs o Web Services para su integraci\u00f3n con otras herramientas.<\/span><\/p>\n<\/li>\n<li>\n<p><span style=\"color: #000000;\"><strong>Actualizable:&nbsp;<\/strong>acceder\u00e1s a<strong>&nbsp;<\/strong>actualizaciones de la soluci\u00f3n con nuevas versiones.<\/span><\/p>\n<\/li>\n<li>\n<p><span style=\"color: #000000;\"><strong>Escalable:&nbsp;<\/strong>si tu empresa crece o cambia estructuralmente,<strong>&nbsp;<\/strong>la soluci\u00f3n se adaptar\u00e1 a estos cambios.<\/span><\/p>\n<\/li>\n<li>\n<p><span style=\"color: #000000;\"><strong>Cumplimiento<\/strong>: podr\u00e1s asegurar el cumplimiento de la normativa aplicable, en concreto del Reglamento por el que se regulan las obligaciones de facturaci\u00f3n del Real Decreto 1619\/2012, as\u00ed como cualquier normativa de aplicaci\u00f3n.<\/span><\/p>\n<\/li>\n<\/ul>\n\n\n\n<h4 class=\"wp-block-heading\"><u>Porcentajes de ejecuci\u00f3n asociados a las fases<\/u><\/h4>\n\n\n\n<ul>\n<li class=\"paragraph\">\n<p><span style=\"color: #000000;\">Primera: 70 %<\/span><\/p>\n<\/li>\n<li class=\"paragraph\">\n<p><span style=\"color: #000000;\">Segunda: 30 %<\/span><\/p>\n<\/li>\n<\/ul>\n\n\n\n<h4 class=\"wp-block-heading\"><u>Importe m\u00e1ximo de la ayuda<\/u><\/h4>\n\n\n\n<ul>\n<li>\n<p><span style=\"color: #000000;\">0 &lt; 3 empleados: 500\u20ac (hasta 1 usuario)<\/span><\/p>\n<\/li>\n<li>\n<p><span style=\"color: #000000;\">3 &lt; 9 empleados: 2.000\u20ac (hasta 3 usuarios)<\/span><\/p>\n<\/li>\n<li>\n<p><span style=\"color: #000000;\">10 &lt; 50 empleados: 6.000\u20ac (hasta 10 usuarios)<\/span><\/p>\n<\/li>\n<\/ul>\n\n\n\n<h2 class=\"wp-block-heading\">Como solicitar tu ayuda<\/h2>\n\n\n\n<p><a href=\"https:\/\/sede.red.gob.es\/es\/procedimientos\/convocatoria-de-ayudas-destinadas-la-digitalizacion-de-empresas-del-segmento-iii\">https:\/\/sede.red.gob.es\/es\/procedimientos\/convocatoria-de-ayudas-destinadas-la-digitalizacion-de-empresas-del-segmento-iii<\/a><\/p>\n","protected":false},"excerpt":{"rendered":"<p>Funcionalidades y servicios Porcentajes de ejecuci\u00f3n asociados a las fases Importe m\u00e1ximo [&hellip;]<\/p>\n","protected":false},"author":1,"featured_media":0,"parent":0,"menu_order":0,"comment_status":"closed","ping_status":"closed","template":"","meta":{"footnotes":""},"class_list":["post-1721","page","type-page","status-publish","hentry"],"yoast_head":"<!-- This site is optimized with the Yoast SEO plugin v18.2 - https:\/\/yoast.com\/wordpress\/plugins\/seo\/ -->\n<title>Gesti\u00f3n de Procesos - Ayader - Soluciones Tecnol\u00f3gicas para empresas<\/title>\n<meta name=\"robots\" content=\"index, follow, max-snippet:-1, max-image-preview:large, max-video-preview:-1\" \/>\n<link rel=\"canonical\" href=\"https:\/\/ayader.com\/index.php\/gestion-de-procesos\/\" \/>\n<meta property=\"og:locale\" content=\"es_ES\" \/>\n<meta property=\"og:type\" content=\"article\" \/>\n<meta property=\"og:title\" content=\"Gesti\u00f3n de Procesos - Ayader - Soluciones Tecnol\u00f3gicas para empresas\" \/>\n<meta property=\"og:description\" content=\"Funcionalidades y servicios Porcentajes de ejecuci\u00f3n asociados a las fases Importe m\u00e1ximo [&hellip;]\" \/>\n<meta property=\"og:url\" content=\"https:\/\/ayader.com\/index.php\/gestion-de-procesos\/\" \/>\n<meta property=\"og:site_name\" content=\"Ayader - Soluciones Tecnol\u00f3gicas para empresas\" \/>\n<meta property=\"article:modified_time\" content=\"2024-06-12T08:27:21+00:00\" \/>\n<meta property=\"og:image\" content=\"https:\/\/ayader.com\/wp-content\/uploads\/2022\/02\/logo-digitalizadores-1024x119.jpg\" \/>\n<meta name=\"twitter:card\" content=\"summary\" \/>\n<meta name=\"twitter:label1\" content=\"Tiempo de lectura\" \/>\n\t<meta name=\"twitter:data1\" content=\"2 minutos\" \/>\n<script type=\"application\/ld+json\" class=\"yoast-schema-graph\">{\"@context\":\"https:\/\/schema.org\",\"@graph\":[{\"@type\":\"WebSite\",\"@id\":\"https:\/\/ayader.com\/#website\",\"url\":\"https:\/\/ayader.com\/\",\"name\":\"Ayader - Soluciones Tecnol\u00f3gicas para empresas\",\"description\":\"Ayader es una empresa volcada en ofrecer a nuestros clientes soluciones tecnol\u00f3gicas que les permitan ser m\u00e1s productivos en sus negocios.\",\"potentialAction\":[{\"@type\":\"SearchAction\",\"target\":{\"@type\":\"EntryPoint\",\"urlTemplate\":\"https:\/\/ayader.com\/?s={search_term_string}\"},\"query-input\":\"required name=search_term_string\"}],\"inLanguage\":\"es\"},{\"@type\":\"ImageObject\",\"@id\":\"https:\/\/ayader.com\/index.php\/gestion-de-procesos\/#primaryimage\",\"inLanguage\":\"es\",\"url\":\"https:\/\/ayader.com\/wp-content\/uploads\/2022\/02\/logo-digitalizadores.jpg\",\"contentUrl\":\"https:\/\/ayader.com\/wp-content\/uploads\/2022\/02\/logo-digitalizadores.jpg\",\"width\":1920,\"height\":223},{\"@type\":\"WebPage\",\"@id\":\"https:\/\/ayader.com\/index.php\/gestion-de-procesos\/#webpage\",\"url\":\"https:\/\/ayader.com\/index.php\/gestion-de-procesos\/\",\"name\":\"Gesti\u00f3n de Procesos - Ayader - Soluciones Tecnol\u00f3gicas para empresas\",\"isPartOf\":{\"@id\":\"https:\/\/ayader.com\/#website\"},\"primaryImageOfPage\":{\"@id\":\"https:\/\/ayader.com\/index.php\/gestion-de-procesos\/#primaryimage\"},\"datePublished\":\"2022-02-15T15:17:23+00:00\",\"dateModified\":\"2024-06-12T08:27:21+00:00\",\"breadcrumb\":{\"@id\":\"https:\/\/ayader.com\/index.php\/gestion-de-procesos\/#breadcrumb\"},\"inLanguage\":\"es\",\"potentialAction\":[{\"@type\":\"ReadAction\",\"target\":[\"https:\/\/ayader.com\/index.php\/gestion-de-procesos\/\"]}]},{\"@type\":\"BreadcrumbList\",\"@id\":\"https:\/\/ayader.com\/index.php\/gestion-de-procesos\/#breadcrumb\",\"itemListElement\":[{\"@type\":\"ListItem\",\"position\":1,\"name\":\"Portada\",\"item\":\"https:\/\/ayader.com\/\"},{\"@type\":\"ListItem\",\"position\":2,\"name\":\"Gesti\u00f3n de Procesos\"}]}]}<\/script>\n<!-- \/ Yoast SEO plugin. -->","yoast_head_json":{"title":"Gesti\u00f3n de Procesos - Ayader - Soluciones Tecnol\u00f3gicas para empresas","robots":{"index":"index","follow":"follow","max-snippet":"max-snippet:-1","max-image-preview":"max-image-preview:large","max-video-preview":"max-video-preview:-1"},"canonical":"https:\/\/ayader.com\/index.php\/gestion-de-procesos\/","og_locale":"es_ES","og_type":"article","og_title":"Gesti\u00f3n de Procesos - Ayader - Soluciones Tecnol\u00f3gicas para empresas","og_description":"Funcionalidades y servicios Porcentajes de ejecuci\u00f3n asociados a las fases Importe m\u00e1ximo [&hellip;]","og_url":"https:\/\/ayader.com\/index.php\/gestion-de-procesos\/","og_site_name":"Ayader - Soluciones Tecnol\u00f3gicas para empresas","article_modified_time":"2024-06-12T08:27:21+00:00","og_image":[{"url":"https:\/\/ayader.com\/wp-content\/uploads\/2022\/02\/logo-digitalizadores-1024x119.jpg"}],"twitter_card":"summary","twitter_misc":{"Tiempo de lectura":"2 minutos"},"schema":{"@context":"https:\/\/schema.org","@graph":[{"@type":"WebSite","@id":"https:\/\/ayader.com\/#website","url":"https:\/\/ayader.com\/","name":"Ayader - Soluciones Tecnol\u00f3gicas para empresas","description":"Ayader es una empresa volcada en ofrecer a nuestros clientes soluciones tecnol\u00f3gicas que les permitan ser m\u00e1s productivos en sus negocios.","potentialAction":[{"@type":"SearchAction","target":{"@type":"EntryPoint","urlTemplate":"https:\/\/ayader.com\/?s={search_term_string}"},"query-input":"required name=search_term_string"}],"inLanguage":"es"},{"@type":"ImageObject","@id":"https:\/\/ayader.com\/index.php\/gestion-de-procesos\/#primaryimage","inLanguage":"es","url":"https:\/\/ayader.com\/wp-content\/uploads\/2022\/02\/logo-digitalizadores.jpg","contentUrl":"https:\/\/ayader.com\/wp-content\/uploads\/2022\/02\/logo-digitalizadores.jpg","width":1920,"height":223},{"@type":"WebPage","@id":"https:\/\/ayader.com\/index.php\/gestion-de-procesos\/#webpage","url":"https:\/\/ayader.com\/index.php\/gestion-de-procesos\/","name":"Gesti\u00f3n de Procesos - Ayader - Soluciones Tecnol\u00f3gicas para empresas","isPartOf":{"@id":"https:\/\/ayader.com\/#website"},"primaryImageOfPage":{"@id":"https:\/\/ayader.com\/index.php\/gestion-de-procesos\/#primaryimage"},"datePublished":"2022-02-15T15:17:23+00:00","dateModified":"2024-06-12T08:27:21+00:00","breadcrumb":{"@id":"https:\/\/ayader.com\/index.php\/gestion-de-procesos\/#breadcrumb"},"inLanguage":"es","potentialAction":[{"@type":"ReadAction","target":["https:\/\/ayader.com\/index.php\/gestion-de-procesos\/"]}]},{"@type":"BreadcrumbList","@id":"https:\/\/ayader.com\/index.php\/gestion-de-procesos\/#breadcrumb","itemListElement":[{"@type":"ListItem","position":1,"name":"Portada","item":"https:\/\/ayader.com\/"},{"@type":"ListItem","position":2,"name":"Gesti\u00f3n de Procesos"}]}]}},"_links":{"self":[{"href":"https:\/\/ayader.com\/index.php\/wp-json\/wp\/v2\/pages\/1721","targetHints":{"allow":["GET"]}}],"collection":[{"href":"https:\/\/ayader.com\/index.php\/wp-json\/wp\/v2\/pages"}],"about":[{"href":"https:\/\/ayader.com\/index.php\/wp-json\/wp\/v2\/types\/page"}],"author":[{"embeddable":true,"href":"https:\/\/ayader.com\/index.php\/wp-json\/wp\/v2\/users\/1"}],"replies":[{"embeddable":true,"href":"https:\/\/ayader.com\/index.php\/wp-json\/wp\/v2\/comments?post=1721"}],"version-history":[{"count":7,"href":"https:\/\/ayader.com\/index.php\/wp-json\/wp\/v2\/pages\/1721\/revisions"}],"predecessor-version":[{"id":2014,"href":"https:\/\/ayader.com\/index.php\/wp-json\/wp\/v2\/pages\/1721\/revisions\/2014"}],"wp:attachment":[{"href":"https:\/\/ayader.com\/index.php\/wp-json\/wp\/v2\/media?parent=1721"}],"curies":[{"name":"wp","href":"https:\/\/api.w.org\/{rel}","templated":true}]}}