{"id":1693,"date":"2022-02-11T13:03:31","date_gmt":"2022-02-11T13:03:31","guid":{"rendered":"https:\/\/ayader.com\/?page_id=1693"},"modified":"2024-06-12T08:21:32","modified_gmt":"2024-06-12T08:21:32","slug":"ciberseguridad","status":"publish","type":"page","link":"https:\/\/ayader.com\/index.php\/ciberseguridad\/","title":{"rendered":"Ciberseguridad"},"content":{"rendered":"\n<figure class=\"wp-block-image\"><img loading=\"lazy\" decoding=\"async\" width=\"1024\" height=\"119\" src=\"https:\/\/ayader.com\/wp-content\/uploads\/2022\/02\/logo-digitalizadores-1024x119.jpg\" alt=\"\" class=\"wp-image-1639\" srcset=\"https:\/\/ayader.com\/wp-content\/uploads\/2022\/02\/logo-digitalizadores-1024x119.jpg 1024w, https:\/\/ayader.com\/wp-content\/uploads\/2022\/02\/logo-digitalizadores-300x35.jpg 300w, https:\/\/ayader.com\/wp-content\/uploads\/2022\/02\/logo-digitalizadores-768x89.jpg 768w, https:\/\/ayader.com\/wp-content\/uploads\/2022\/02\/logo-digitalizadores-830x96.jpg 830w, https:\/\/ayader.com\/wp-content\/uploads\/2022\/02\/logo-digitalizadores-230x27.jpg 230w, https:\/\/ayader.com\/wp-content\/uploads\/2022\/02\/logo-digitalizadores-350x41.jpg 350w, https:\/\/ayader.com\/wp-content\/uploads\/2022\/02\/logo-digitalizadores-480x56.jpg 480w, https:\/\/ayader.com\/wp-content\/uploads\/2022\/02\/logo-digitalizadores.jpg 1920w\" sizes=\"auto, (max-width: 1024px) 100vw, 1024px\" \/><\/figure>\n\n\n\n<p><span style=\"color: #000000;\">El objetivo de esta soluci\u00f3n es proporcionar seguridad b\u00e1sica y avanzada para los dispositivos de tus empleados.<\/span><\/p>\n<div><span style=\"color: #000000;\"><strong>Microsoft Defender para Microsoft 365<\/strong><\/span><\/div>\n<div><span style=\"color: #000000;\">Defensa antivirus y contra malware de nueva generaci\u00f3n. Prevenci\u00f3n de seguimiento.2 Inicios de sesi\u00f3n mediante datos biom\u00e9tricos.3 Las caracter\u00edsticas de Windows integradas, siempre actualizado y sin coste adicional<\/span><\/div>\n<div>\u00a0<\/div>\n<div><span style=\"color: #000000;\"><strong>A partir de 60\u20ac + IVA\/a\u00f1o<\/strong><\/span><\/div>\n<div>\u00a0<\/div>\n<div>\n<div><span style=\"color: #000000;\"><strong>Antivirus ESET Protect<\/strong><\/span><\/div>\n<div><span style=\"color: #000000;\">Protecci\u00f3n multicapa avanzada para equipos PC, smartphones y maquinas virtuales.\u00a0 Protecci\u00f3n en tiempo real, soluci\u00f3n de cifrado robusto para discos de sistema\u00a0<\/span><\/div>\n<div>\u00a0<\/div>\n<div><span style=\"color: #000000;\"><strong>A partir de 125\u20ac + IVA\/a\u00f1o<\/strong><\/span><\/div>\n<\/div>\n<div>\u00a0<\/div>\n<div><span style=\"color: #000000;\">Solicita tu presupuesto mediante el formulario de contacto.<\/span><\/div>\n\n\n\n<h4 class=\"wp-block-heading\"><u><strong>Funcionalidades y servicios<\/strong><\/u><\/h4>\n\n\n\n<ul>\n<li><span style=\"color: #000000;\"><strong>Antimalware<\/strong><\/span><\/li>\n<li><span style=\"color: #000000;\"><strong>Antispyware<\/strong><\/span><\/li>\n<li><span style=\"color: #000000;\"><strong>Correo seguro:<\/strong> An\u00e1lisis del correo electr\u00f3nico<\/span><\/li>\n<li><span style=\"color: #000000;\"><strong>Antispam<\/strong>, con detecci\u00f3n y filtro de correo no deseado<\/span><\/li>\n<li><span style=\"color: #000000;\"><strong>Antiphishing<\/strong>, con detecci\u00f3n de correos con enlaces o malware que se sospecha sirvan para robar credenciales<\/span><\/li>\n<li><span style=\"color: #000000;\"><strong>Navegaci\u00f3n segura<\/strong><\/span><\/li>\n<li><span style=\"color: #000000;\"><strong>Control de contenidos<\/strong><\/span><\/li>\n<li><span style=\"color: #000000;\"><strong>Antiadware<\/strong> para evitar anuncios maliciosos<\/span><\/li>\n<li><span style=\"color: #000000;\"><strong>An\u00e1lisis y detecci\u00f3n de amenazas<\/strong><\/span><\/li>\n<li><span style=\"color: #000000;\"><strong>Monitorizaci\u00f3n de la red<\/strong><\/span><\/li>\n<\/ul>\n\n\n\n<hr class=\"wp-block-separator has-css-opacity is-style-wide\"\/>\n\n\n\n<h4 class=\"wp-block-heading\"><u><strong>Segmento de beneficiario<\/strong><\/u><\/h4>\n\n\n\n<ul>\n<li><span style=\"color: #000000;\">0 &lt; 3 empleados: 125\u20ac\/dispositivo (hasta 2 dispositivos)<\/span><\/li>\n<li><span style=\"color: #000000;\">3 &lt; 9 empleados: 125\u20ac\/ dispositivo (hasta 9 dispositivos)<\/span><\/li>\n<li><span style=\"color: #000000;\">10 &lt; 50 empleados: 125\u20ac\/ dispositivo (hasta 48 dispositivos)<\/span><\/li>\n<\/ul>\n<p>\u00a0<\/p>\n\n\n\n<h2 class=\"wp-block-heading\">Como solicitar tu ayuda<\/h2>\n\n\n\n<p><a href=\"https:\/\/sede.red.gob.es\/es\/procedimientos\/convocatoria-de-ayudas-destinadas-la-digitalizacion-de-empresas-del-segmento-iii\">https:\/\/sede.red.gob.es\/es\/procedimientos\/convocatoria-de-ayudas-destinadas-la-digitalizacion-de-empresas-del-segmento-iii<\/a><\/p>\n","protected":false},"excerpt":{"rendered":"<p>Funcionalidades y servicios Segmento de beneficiario Como solicitar tu ayuda https:\/\/sede.red.gob.es\/es\/procedimientos\/convocatoria-de-ayudas-destinadas-la-digitalizacion-de-empresas-del-segmento-iii<\/p>\n","protected":false},"author":1,"featured_media":0,"parent":0,"menu_order":0,"comment_status":"closed","ping_status":"closed","template":"","meta":{"footnotes":""},"class_list":["post-1693","page","type-page","status-publish","hentry"],"yoast_head":"<!-- This site is optimized with the Yoast SEO plugin v18.2 - https:\/\/yoast.com\/wordpress\/plugins\/seo\/ -->\n<title>Ciberseguridad - Ayader - Soluciones Tecnol\u00f3gicas para empresas<\/title>\n<meta name=\"robots\" content=\"index, follow, max-snippet:-1, max-image-preview:large, max-video-preview:-1\" \/>\n<link rel=\"canonical\" href=\"https:\/\/ayader.com\/index.php\/ciberseguridad\/\" \/>\n<meta property=\"og:locale\" content=\"es_ES\" \/>\n<meta property=\"og:type\" content=\"article\" \/>\n<meta property=\"og:title\" content=\"Ciberseguridad - Ayader - Soluciones Tecnol\u00f3gicas para empresas\" \/>\n<meta property=\"og:description\" content=\"Funcionalidades y servicios Segmento de beneficiario Como solicitar tu ayuda https:\/\/sede.red.gob.es\/es\/procedimientos\/convocatoria-de-ayudas-destinadas-la-digitalizacion-de-empresas-del-segmento-iii\" \/>\n<meta property=\"og:url\" content=\"https:\/\/ayader.com\/index.php\/ciberseguridad\/\" \/>\n<meta property=\"og:site_name\" content=\"Ayader - Soluciones Tecnol\u00f3gicas para empresas\" \/>\n<meta property=\"article:modified_time\" content=\"2024-06-12T08:21:32+00:00\" \/>\n<meta property=\"og:image\" content=\"https:\/\/ayader.com\/wp-content\/uploads\/2022\/02\/logo-digitalizadores-1024x119.jpg\" \/>\n<meta name=\"twitter:card\" content=\"summary\" \/>\n<meta name=\"twitter:label1\" content=\"Tiempo de lectura\" \/>\n\t<meta name=\"twitter:data1\" content=\"1 minuto\" \/>\n<script type=\"application\/ld+json\" class=\"yoast-schema-graph\">{\"@context\":\"https:\/\/schema.org\",\"@graph\":[{\"@type\":\"WebSite\",\"@id\":\"https:\/\/ayader.com\/#website\",\"url\":\"https:\/\/ayader.com\/\",\"name\":\"Ayader - Soluciones Tecnol\u00f3gicas para empresas\",\"description\":\"Ayader es una empresa volcada en ofrecer a nuestros clientes soluciones tecnol\u00f3gicas que les permitan ser m\u00e1s productivos en sus negocios.\",\"potentialAction\":[{\"@type\":\"SearchAction\",\"target\":{\"@type\":\"EntryPoint\",\"urlTemplate\":\"https:\/\/ayader.com\/?s={search_term_string}\"},\"query-input\":\"required name=search_term_string\"}],\"inLanguage\":\"es\"},{\"@type\":\"ImageObject\",\"@id\":\"https:\/\/ayader.com\/index.php\/ciberseguridad\/#primaryimage\",\"inLanguage\":\"es\",\"url\":\"https:\/\/ayader.com\/wp-content\/uploads\/2022\/02\/logo-digitalizadores.jpg\",\"contentUrl\":\"https:\/\/ayader.com\/wp-content\/uploads\/2022\/02\/logo-digitalizadores.jpg\",\"width\":1920,\"height\":223},{\"@type\":\"WebPage\",\"@id\":\"https:\/\/ayader.com\/index.php\/ciberseguridad\/#webpage\",\"url\":\"https:\/\/ayader.com\/index.php\/ciberseguridad\/\",\"name\":\"Ciberseguridad - Ayader - Soluciones Tecnol\u00f3gicas para empresas\",\"isPartOf\":{\"@id\":\"https:\/\/ayader.com\/#website\"},\"primaryImageOfPage\":{\"@id\":\"https:\/\/ayader.com\/index.php\/ciberseguridad\/#primaryimage\"},\"datePublished\":\"2022-02-11T13:03:31+00:00\",\"dateModified\":\"2024-06-12T08:21:32+00:00\",\"breadcrumb\":{\"@id\":\"https:\/\/ayader.com\/index.php\/ciberseguridad\/#breadcrumb\"},\"inLanguage\":\"es\",\"potentialAction\":[{\"@type\":\"ReadAction\",\"target\":[\"https:\/\/ayader.com\/index.php\/ciberseguridad\/\"]}]},{\"@type\":\"BreadcrumbList\",\"@id\":\"https:\/\/ayader.com\/index.php\/ciberseguridad\/#breadcrumb\",\"itemListElement\":[{\"@type\":\"ListItem\",\"position\":1,\"name\":\"Portada\",\"item\":\"https:\/\/ayader.com\/\"},{\"@type\":\"ListItem\",\"position\":2,\"name\":\"Ciberseguridad\"}]}]}<\/script>\n<!-- \/ Yoast SEO plugin. -->","yoast_head_json":{"title":"Ciberseguridad - Ayader - Soluciones Tecnol\u00f3gicas para empresas","robots":{"index":"index","follow":"follow","max-snippet":"max-snippet:-1","max-image-preview":"max-image-preview:large","max-video-preview":"max-video-preview:-1"},"canonical":"https:\/\/ayader.com\/index.php\/ciberseguridad\/","og_locale":"es_ES","og_type":"article","og_title":"Ciberseguridad - Ayader - Soluciones Tecnol\u00f3gicas para empresas","og_description":"Funcionalidades y servicios Segmento de beneficiario Como solicitar tu ayuda https:\/\/sede.red.gob.es\/es\/procedimientos\/convocatoria-de-ayudas-destinadas-la-digitalizacion-de-empresas-del-segmento-iii","og_url":"https:\/\/ayader.com\/index.php\/ciberseguridad\/","og_site_name":"Ayader - Soluciones Tecnol\u00f3gicas para empresas","article_modified_time":"2024-06-12T08:21:32+00:00","og_image":[{"url":"https:\/\/ayader.com\/wp-content\/uploads\/2022\/02\/logo-digitalizadores-1024x119.jpg"}],"twitter_card":"summary","twitter_misc":{"Tiempo de lectura":"1 minuto"},"schema":{"@context":"https:\/\/schema.org","@graph":[{"@type":"WebSite","@id":"https:\/\/ayader.com\/#website","url":"https:\/\/ayader.com\/","name":"Ayader - Soluciones Tecnol\u00f3gicas para empresas","description":"Ayader es una empresa volcada en ofrecer a nuestros clientes soluciones tecnol\u00f3gicas que les permitan ser m\u00e1s productivos en sus negocios.","potentialAction":[{"@type":"SearchAction","target":{"@type":"EntryPoint","urlTemplate":"https:\/\/ayader.com\/?s={search_term_string}"},"query-input":"required name=search_term_string"}],"inLanguage":"es"},{"@type":"ImageObject","@id":"https:\/\/ayader.com\/index.php\/ciberseguridad\/#primaryimage","inLanguage":"es","url":"https:\/\/ayader.com\/wp-content\/uploads\/2022\/02\/logo-digitalizadores.jpg","contentUrl":"https:\/\/ayader.com\/wp-content\/uploads\/2022\/02\/logo-digitalizadores.jpg","width":1920,"height":223},{"@type":"WebPage","@id":"https:\/\/ayader.com\/index.php\/ciberseguridad\/#webpage","url":"https:\/\/ayader.com\/index.php\/ciberseguridad\/","name":"Ciberseguridad - Ayader - Soluciones Tecnol\u00f3gicas para empresas","isPartOf":{"@id":"https:\/\/ayader.com\/#website"},"primaryImageOfPage":{"@id":"https:\/\/ayader.com\/index.php\/ciberseguridad\/#primaryimage"},"datePublished":"2022-02-11T13:03:31+00:00","dateModified":"2024-06-12T08:21:32+00:00","breadcrumb":{"@id":"https:\/\/ayader.com\/index.php\/ciberseguridad\/#breadcrumb"},"inLanguage":"es","potentialAction":[{"@type":"ReadAction","target":["https:\/\/ayader.com\/index.php\/ciberseguridad\/"]}]},{"@type":"BreadcrumbList","@id":"https:\/\/ayader.com\/index.php\/ciberseguridad\/#breadcrumb","itemListElement":[{"@type":"ListItem","position":1,"name":"Portada","item":"https:\/\/ayader.com\/"},{"@type":"ListItem","position":2,"name":"Ciberseguridad"}]}]}},"_links":{"self":[{"href":"https:\/\/ayader.com\/index.php\/wp-json\/wp\/v2\/pages\/1693","targetHints":{"allow":["GET"]}}],"collection":[{"href":"https:\/\/ayader.com\/index.php\/wp-json\/wp\/v2\/pages"}],"about":[{"href":"https:\/\/ayader.com\/index.php\/wp-json\/wp\/v2\/types\/page"}],"author":[{"embeddable":true,"href":"https:\/\/ayader.com\/index.php\/wp-json\/wp\/v2\/users\/1"}],"replies":[{"embeddable":true,"href":"https:\/\/ayader.com\/index.php\/wp-json\/wp\/v2\/comments?post=1693"}],"version-history":[{"count":6,"href":"https:\/\/ayader.com\/index.php\/wp-json\/wp\/v2\/pages\/1693\/revisions"}],"predecessor-version":[{"id":2009,"href":"https:\/\/ayader.com\/index.php\/wp-json\/wp\/v2\/pages\/1693\/revisions\/2009"}],"wp:attachment":[{"href":"https:\/\/ayader.com\/index.php\/wp-json\/wp\/v2\/media?parent=1693"}],"curies":[{"name":"wp","href":"https:\/\/api.w.org\/{rel}","templated":true}]}}