{"id":1689,"date":"2022-02-11T12:52:04","date_gmt":"2022-02-11T12:52:04","guid":{"rendered":"https:\/\/ayader.com\/?page_id=1689"},"modified":"2024-06-12T08:22:42","modified_gmt":"2024-06-12T08:22:42","slug":"comunicaciones-seguras","status":"publish","type":"page","link":"https:\/\/ayader.com\/index.php\/comunicaciones-seguras\/","title":{"rendered":"Comunicaciones Seguras"},"content":{"rendered":"\n<figure class=\"wp-block-image\"><img loading=\"lazy\" decoding=\"async\" width=\"1024\" height=\"119\" src=\"https:\/\/ayader.com\/wp-content\/uploads\/2022\/02\/logo-digitalizadores-1024x119.jpg\" alt=\"\" class=\"wp-image-1639\" srcset=\"https:\/\/ayader.com\/wp-content\/uploads\/2022\/02\/logo-digitalizadores-1024x119.jpg 1024w, https:\/\/ayader.com\/wp-content\/uploads\/2022\/02\/logo-digitalizadores-300x35.jpg 300w, https:\/\/ayader.com\/wp-content\/uploads\/2022\/02\/logo-digitalizadores-768x89.jpg 768w, https:\/\/ayader.com\/wp-content\/uploads\/2022\/02\/logo-digitalizadores-830x96.jpg 830w, https:\/\/ayader.com\/wp-content\/uploads\/2022\/02\/logo-digitalizadores-230x27.jpg 230w, https:\/\/ayader.com\/wp-content\/uploads\/2022\/02\/logo-digitalizadores-350x41.jpg 350w, https:\/\/ayader.com\/wp-content\/uploads\/2022\/02\/logo-digitalizadores-480x56.jpg 480w, https:\/\/ayader.com\/wp-content\/uploads\/2022\/02\/logo-digitalizadores.jpg 1920w\" sizes=\"auto, (max-width: 1024px) 100vw, 1024px\" \/><\/figure>\n\n\n\n<p><span style=\"color: #000000;\">Con esta soluci\u00f3n dispondr\u00e1s de seguridad en las conexiones entre los dispositivos de tus empleados y la empresa.<\/span><\/p>\n<p><strong><span style=\"color: #000000;\">Azure Active Directory Premium Plan 2 para Microsoft 365:<\/span><\/strong><\/p>\n<p><span style=\"color: #000000;\">El servicio de identidad empresarial de Azure Active Directory (Azure AD) brinda inicio de sesi\u00f3n \u00fanico y autenticaci\u00f3n multifactor para ayudar a proteger a sus usuarios del 99,9 % de los ataques a la ciberseguridad.<\/span><\/p>\n<p><strong><span style=\"color: #000000;\">A partir de 92,40\u20ac + IVA\/a\u00f1o<\/span><\/strong><\/p>\n<p>\u00a0<\/p>\n<p><span style=\"color: #000000;\">Para otras funcionalidades solicita tu presupuesto a medida y sin compromiso.\u00a0<\/span><\/p>\n\n\n\n<h4 class=\"wp-block-heading\"><u><strong>Funcionalidades y servicios<\/strong><\/u><\/h4>\n\n\n\n<ul>\n<li><strong><span style=\"color: #000000;\">SSL<\/span><\/strong><\/li>\n<li><strong><span style=\"color: #000000;\">Cifrado de extremo a extremo<\/span><\/strong><\/li>\n<li><strong><span style=\"color: #000000;\">Logs de conexi\u00f3n<\/span><\/strong><\/li>\n<li><strong><span style=\"color: #000000;\">Control de acceso<\/span><\/strong><\/li>\n<li><strong><span style=\"color: #000000;\">Compatible con dispositivos m\u00f3viles<\/span><\/strong><\/li>\n<\/ul>\n<p>&nbsp;<\/p>\n\n\n\n<h4 class=\"wp-block-heading\"><u class=\"remove-format\"><strong>Segmento de beneficiario<\/strong><\/u><\/h4>\n\n\n\n<ul>\n<li><span style=\"color: #000000;\">0 &lt; 3 empleados: 125\u20ac\/usuario (hasta 2 usuarios)<\/span><\/li>\n<li><span style=\"color: #000000;\">3 &lt; 9 empleados: 125\u20ac\/usuario (hasta 9 usuarios)<\/span><\/li>\n<li><span style=\"color: #000000;\">10 &lt; 50 empleados: 125\u20ac\/usuario (hasta 48 usuarios)<\/span><\/li>\n<\/ul>\n<div>\u00a0<\/div>\n<div><span style=\"color: #000000;\">Solicita tu presupuesto mediante el formulario de contacto.<\/span><\/div>\n<div>\u00a0<\/div>\n\n\n\n<h2 class=\"wp-block-heading\">Como solicitar tu ayuda<\/h2>\n\n\n\n<p><a href=\"https:\/\/sede.red.gob.es\/es\/procedimientos\/convocatoria-de-ayudas-destinadas-la-digitalizacion-de-empresas-del-segmento-iii\">https:\/\/sede.red.gob.es\/es\/procedimientos\/convocatoria-de-ayudas-destinadas-la-digitalizacion-de-empresas-del-segmento-iii<\/a><\/p>\n","protected":false},"excerpt":{"rendered":"<p>Funcionalidades y servicios Segmento de beneficiario Como solicitar tu ayuda https:\/\/sede.red.gob.es\/es\/procedimientos\/convocatoria-de-ayudas-destinadas-la-digitalizacion-de-empresas-del-segmento-iii<\/p>\n","protected":false},"author":1,"featured_media":0,"parent":0,"menu_order":0,"comment_status":"closed","ping_status":"closed","template":"","meta":{"footnotes":""},"class_list":["post-1689","page","type-page","status-publish","hentry"],"yoast_head":"<!-- This site is optimized with the Yoast SEO plugin v18.2 - https:\/\/yoast.com\/wordpress\/plugins\/seo\/ -->\n<title>Comunicaciones Seguras - Ayader - Soluciones Tecnol\u00f3gicas para empresas<\/title>\n<meta name=\"robots\" content=\"index, follow, max-snippet:-1, max-image-preview:large, max-video-preview:-1\" \/>\n<link rel=\"canonical\" href=\"https:\/\/ayader.com\/index.php\/comunicaciones-seguras\/\" \/>\n<meta property=\"og:locale\" content=\"es_ES\" \/>\n<meta property=\"og:type\" content=\"article\" \/>\n<meta property=\"og:title\" content=\"Comunicaciones Seguras - Ayader - Soluciones Tecnol\u00f3gicas para empresas\" \/>\n<meta property=\"og:description\" content=\"Funcionalidades y servicios Segmento de beneficiario Como solicitar tu ayuda https:\/\/sede.red.gob.es\/es\/procedimientos\/convocatoria-de-ayudas-destinadas-la-digitalizacion-de-empresas-del-segmento-iii\" \/>\n<meta property=\"og:url\" content=\"https:\/\/ayader.com\/index.php\/comunicaciones-seguras\/\" \/>\n<meta property=\"og:site_name\" content=\"Ayader - Soluciones Tecnol\u00f3gicas para empresas\" \/>\n<meta property=\"article:modified_time\" content=\"2024-06-12T08:22:42+00:00\" \/>\n<meta property=\"og:image\" content=\"https:\/\/ayader.com\/wp-content\/uploads\/2022\/02\/logo-digitalizadores-1024x119.jpg\" \/>\n<meta name=\"twitter:card\" content=\"summary\" \/>\n<meta name=\"twitter:label1\" content=\"Tiempo de lectura\" \/>\n\t<meta name=\"twitter:data1\" content=\"1 minuto\" \/>\n<script type=\"application\/ld+json\" class=\"yoast-schema-graph\">{\"@context\":\"https:\/\/schema.org\",\"@graph\":[{\"@type\":\"WebSite\",\"@id\":\"https:\/\/ayader.com\/#website\",\"url\":\"https:\/\/ayader.com\/\",\"name\":\"Ayader - Soluciones Tecnol\u00f3gicas para empresas\",\"description\":\"Ayader es una empresa volcada en ofrecer a nuestros clientes soluciones tecnol\u00f3gicas que les permitan ser m\u00e1s productivos en sus negocios.\",\"potentialAction\":[{\"@type\":\"SearchAction\",\"target\":{\"@type\":\"EntryPoint\",\"urlTemplate\":\"https:\/\/ayader.com\/?s={search_term_string}\"},\"query-input\":\"required name=search_term_string\"}],\"inLanguage\":\"es\"},{\"@type\":\"ImageObject\",\"@id\":\"https:\/\/ayader.com\/index.php\/comunicaciones-seguras\/#primaryimage\",\"inLanguage\":\"es\",\"url\":\"https:\/\/ayader.com\/wp-content\/uploads\/2022\/02\/logo-digitalizadores.jpg\",\"contentUrl\":\"https:\/\/ayader.com\/wp-content\/uploads\/2022\/02\/logo-digitalizadores.jpg\",\"width\":1920,\"height\":223},{\"@type\":\"WebPage\",\"@id\":\"https:\/\/ayader.com\/index.php\/comunicaciones-seguras\/#webpage\",\"url\":\"https:\/\/ayader.com\/index.php\/comunicaciones-seguras\/\",\"name\":\"Comunicaciones Seguras - Ayader - Soluciones Tecnol\u00f3gicas para empresas\",\"isPartOf\":{\"@id\":\"https:\/\/ayader.com\/#website\"},\"primaryImageOfPage\":{\"@id\":\"https:\/\/ayader.com\/index.php\/comunicaciones-seguras\/#primaryimage\"},\"datePublished\":\"2022-02-11T12:52:04+00:00\",\"dateModified\":\"2024-06-12T08:22:42+00:00\",\"breadcrumb\":{\"@id\":\"https:\/\/ayader.com\/index.php\/comunicaciones-seguras\/#breadcrumb\"},\"inLanguage\":\"es\",\"potentialAction\":[{\"@type\":\"ReadAction\",\"target\":[\"https:\/\/ayader.com\/index.php\/comunicaciones-seguras\/\"]}]},{\"@type\":\"BreadcrumbList\",\"@id\":\"https:\/\/ayader.com\/index.php\/comunicaciones-seguras\/#breadcrumb\",\"itemListElement\":[{\"@type\":\"ListItem\",\"position\":1,\"name\":\"Portada\",\"item\":\"https:\/\/ayader.com\/\"},{\"@type\":\"ListItem\",\"position\":2,\"name\":\"Comunicaciones Seguras\"}]}]}<\/script>\n<!-- \/ Yoast SEO plugin. -->","yoast_head_json":{"title":"Comunicaciones Seguras - Ayader - Soluciones Tecnol\u00f3gicas para empresas","robots":{"index":"index","follow":"follow","max-snippet":"max-snippet:-1","max-image-preview":"max-image-preview:large","max-video-preview":"max-video-preview:-1"},"canonical":"https:\/\/ayader.com\/index.php\/comunicaciones-seguras\/","og_locale":"es_ES","og_type":"article","og_title":"Comunicaciones Seguras - Ayader - Soluciones Tecnol\u00f3gicas para empresas","og_description":"Funcionalidades y servicios Segmento de beneficiario Como solicitar tu ayuda https:\/\/sede.red.gob.es\/es\/procedimientos\/convocatoria-de-ayudas-destinadas-la-digitalizacion-de-empresas-del-segmento-iii","og_url":"https:\/\/ayader.com\/index.php\/comunicaciones-seguras\/","og_site_name":"Ayader - Soluciones Tecnol\u00f3gicas para empresas","article_modified_time":"2024-06-12T08:22:42+00:00","og_image":[{"url":"https:\/\/ayader.com\/wp-content\/uploads\/2022\/02\/logo-digitalizadores-1024x119.jpg"}],"twitter_card":"summary","twitter_misc":{"Tiempo de lectura":"1 minuto"},"schema":{"@context":"https:\/\/schema.org","@graph":[{"@type":"WebSite","@id":"https:\/\/ayader.com\/#website","url":"https:\/\/ayader.com\/","name":"Ayader - Soluciones Tecnol\u00f3gicas para empresas","description":"Ayader es una empresa volcada en ofrecer a nuestros clientes soluciones tecnol\u00f3gicas que les permitan ser m\u00e1s productivos en sus negocios.","potentialAction":[{"@type":"SearchAction","target":{"@type":"EntryPoint","urlTemplate":"https:\/\/ayader.com\/?s={search_term_string}"},"query-input":"required name=search_term_string"}],"inLanguage":"es"},{"@type":"ImageObject","@id":"https:\/\/ayader.com\/index.php\/comunicaciones-seguras\/#primaryimage","inLanguage":"es","url":"https:\/\/ayader.com\/wp-content\/uploads\/2022\/02\/logo-digitalizadores.jpg","contentUrl":"https:\/\/ayader.com\/wp-content\/uploads\/2022\/02\/logo-digitalizadores.jpg","width":1920,"height":223},{"@type":"WebPage","@id":"https:\/\/ayader.com\/index.php\/comunicaciones-seguras\/#webpage","url":"https:\/\/ayader.com\/index.php\/comunicaciones-seguras\/","name":"Comunicaciones Seguras - Ayader - Soluciones Tecnol\u00f3gicas para empresas","isPartOf":{"@id":"https:\/\/ayader.com\/#website"},"primaryImageOfPage":{"@id":"https:\/\/ayader.com\/index.php\/comunicaciones-seguras\/#primaryimage"},"datePublished":"2022-02-11T12:52:04+00:00","dateModified":"2024-06-12T08:22:42+00:00","breadcrumb":{"@id":"https:\/\/ayader.com\/index.php\/comunicaciones-seguras\/#breadcrumb"},"inLanguage":"es","potentialAction":[{"@type":"ReadAction","target":["https:\/\/ayader.com\/index.php\/comunicaciones-seguras\/"]}]},{"@type":"BreadcrumbList","@id":"https:\/\/ayader.com\/index.php\/comunicaciones-seguras\/#breadcrumb","itemListElement":[{"@type":"ListItem","position":1,"name":"Portada","item":"https:\/\/ayader.com\/"},{"@type":"ListItem","position":2,"name":"Comunicaciones Seguras"}]}]}},"_links":{"self":[{"href":"https:\/\/ayader.com\/index.php\/wp-json\/wp\/v2\/pages\/1689","targetHints":{"allow":["GET"]}}],"collection":[{"href":"https:\/\/ayader.com\/index.php\/wp-json\/wp\/v2\/pages"}],"about":[{"href":"https:\/\/ayader.com\/index.php\/wp-json\/wp\/v2\/types\/page"}],"author":[{"embeddable":true,"href":"https:\/\/ayader.com\/index.php\/wp-json\/wp\/v2\/users\/1"}],"replies":[{"embeddable":true,"href":"https:\/\/ayader.com\/index.php\/wp-json\/wp\/v2\/comments?post=1689"}],"version-history":[{"count":7,"href":"https:\/\/ayader.com\/index.php\/wp-json\/wp\/v2\/pages\/1689\/revisions"}],"predecessor-version":[{"id":2011,"href":"https:\/\/ayader.com\/index.php\/wp-json\/wp\/v2\/pages\/1689\/revisions\/2011"}],"wp:attachment":[{"href":"https:\/\/ayader.com\/index.php\/wp-json\/wp\/v2\/media?parent=1689"}],"curies":[{"name":"wp","href":"https:\/\/api.w.org\/{rel}","templated":true}]}}