{"id":1683,"date":"2022-02-11T12:47:52","date_gmt":"2022-02-11T12:47:52","guid":{"rendered":"https:\/\/ayader.com\/?page_id=1683"},"modified":"2024-06-12T08:28:55","modified_gmt":"2024-06-12T08:28:55","slug":"servicios-y-herramientas-de-oficina-virtual","status":"publish","type":"page","link":"https:\/\/ayader.com\/index.php\/servicios-y-herramientas-de-oficina-virtual\/","title":{"rendered":"Servicios y herramientas de Oficina Virtual"},"content":{"rendered":"\n<figure class=\"wp-block-image\"><img loading=\"lazy\" decoding=\"async\" width=\"1024\" height=\"119\" src=\"https:\/\/ayader.com\/wp-content\/uploads\/2022\/02\/logo-digitalizadores-1024x119.jpg\" alt=\"\" class=\"wp-image-1639\" srcset=\"https:\/\/ayader.com\/wp-content\/uploads\/2022\/02\/logo-digitalizadores-1024x119.jpg 1024w, https:\/\/ayader.com\/wp-content\/uploads\/2022\/02\/logo-digitalizadores-300x35.jpg 300w, https:\/\/ayader.com\/wp-content\/uploads\/2022\/02\/logo-digitalizadores-768x89.jpg 768w, https:\/\/ayader.com\/wp-content\/uploads\/2022\/02\/logo-digitalizadores-830x96.jpg 830w, https:\/\/ayader.com\/wp-content\/uploads\/2022\/02\/logo-digitalizadores-230x27.jpg 230w, https:\/\/ayader.com\/wp-content\/uploads\/2022\/02\/logo-digitalizadores-350x41.jpg 350w, https:\/\/ayader.com\/wp-content\/uploads\/2022\/02\/logo-digitalizadores-480x56.jpg 480w, https:\/\/ayader.com\/wp-content\/uploads\/2022\/02\/logo-digitalizadores.jpg 1920w\" sizes=\"auto, (max-width: 1024px) 100vw, 1024px\" \/><\/figure>\n\n\n\n<p><span style=\"color: #000000;\">El principal objetivo de esta categor\u00eda es implantar en tu empresa soluciones interactivas y funcionales que permitan la colaboraci\u00f3n m\u00e1s eficiente entre tus trabadores.<\/span><\/p>\n<div><strong><span style=\"color: #000000;\">Microsoft 365 Empresa Est\u00e1ndar:\u00a0<\/span><\/strong><\/div>\n<div><span style=\"color: #000000;\">En Ayader somos especialistas en la migraci\u00f3n de cuentas de correo POP3 o IMAP a soluciones de Microsoft 365 o Google Workspace.\u00a0<\/span><\/div>\n<div><span style=\"color: #000000;\">Nos encargamos de todo el proceso y lo hacemos sin interrupci\u00f3n de las comunicaciones en ning\u00fan momento.\u00a0<\/span><\/div>\n<div>\u00a0<\/div>\n<p><strong><span style=\"color: #000000;\">A partir de 130,80\u20ac + IVA\/a\u00f1o por usuario<\/span><\/strong><\/p>\n<p><span style=\"color: #000000;\">Solicita tu presupuesto mediante el formulario de contacto.<\/span><\/p>\n\n\n\n<h4 class=\"wp-block-heading\"><u><strong>Funcionalidades y servicios<\/strong><\/u><\/h4>\n\n\n\n<ul>\n<li><span style=\"color: #000000;\">Obt\u00e9n las versiones de escritorio de las aplicaciones de Office, entre las que se incluyen Outlook, Word, Excel, PowerPoint y OneNote (adem\u00e1s de Access y Publisher solo para PC).&nbsp;<\/span><\/li>\n<li><span style=\"color: #000000;\">Hospeda el correo electr\u00f3nico con un buz\u00f3n de 50 GB y un dominio de correo personalizado.&nbsp;<\/span><\/li>\n<li><span style=\"color: #000000;\">Crea un centro de trabajo en equipo para conectar a las personas mediante Microsoft Teams.&nbsp;<\/span><\/li>\n<li><span style=\"color: #000000;\">Almacena y comparte archivos con 1 TB de almacenamiento en la nube de OneDrive por usuario.&nbsp;<\/span><\/li>\n<li><span style=\"color: #000000;\">Usa una \u00fanica licencia para disfrutar de aplicaciones de Office totalmente instaladas en cinco dispositivos m\u00f3viles, cinco tabletas y cinco equipos PC o Mac por usuario.&nbsp;<\/span><\/li>\n<li><span style=\"color: #000000;\">Obt\u00e9n ayuda en cualquier momento con el soporte telef\u00f3nico y web ininterrumpido de Microsoft.<\/span><\/li>\n<\/ul>\n<div>&nbsp;<\/div>\n<div><span style=\"color: #000000;\">Es compatible con Windows 11, Windows 10, Windows 8.1 y las dos versiones m\u00e1s recientes de macOS. Se incluyen todos los idiomas.<\/span><\/div>\n\n\n\n<hr class=\"wp-block-separator has-css-opacity is-style-wide\"\/>\n\n\n\n<div><span style=\"color: #000000;\"><strong>Google WorkSpace Business Standard:&nbsp;<\/strong><\/span><\/div>\n<div><span style=\"color: #000000;\">En Ayader somos especialistas en la migraci\u00f3n de cuentas de correo POP3 o IMAP a soluciones de Microsoft 365 o Google Workspace.<\/span><\/div>\n<div><span style=\"color: #000000;\">Nos encargamos de todo el proceso y lo hacemos sin interrupci\u00f3n de las comunicaciones en ning\u00fan momento.&nbsp;<\/span><\/div>\n<div>&nbsp;<\/div>\n<div><span style=\"color: #000000;\"><strong>A partir de 124,80\u20ac + IVA\/a\u00f1o por usuario<\/strong><\/span><\/div>\n<div>&nbsp;<\/div>\n<div><span style=\"color: #000000;\">Solicita tu presupuesto mediante el formulario de contacto.<\/span><\/div>\n\n\n\n<h4 class=\"wp-block-heading\"><u><strong>Funcionalidades y servicios<\/strong><\/u><\/h4>\n\n\n\n<ul>\n<li><span style=\"color: #000000;\">Videollamadas de hasta 150 participantes y grabaci\u00f3n de v\u00eddeo<\/span><\/li>\n<li><span style=\"color: #000000;\">2 TB de almacenamiento en la nube por usuario<\/span><\/li>\n<li><span style=\"color: #000000;\">Controles de seguridad y gesti\u00f3n<\/span><\/li>\n<li><span style=\"color: #000000;\">Asistencia est\u00e1ndar (posibilidad de contratar asistencia mejorada de pago)<\/span><\/li>\n<\/ul>\n\n\n\n<h4 class=\"wp-block-heading\"><u><strong>Segmento de beneficiario<\/strong><\/u><\/h4>\n\n\n\n<ul>\n<li><span style=\"color: #000000;\">0 &lt; 3 empleados: 250\u20ac\/usuario (hasta 2 usuarios)<\/span><\/li>\n<li><span style=\"color: #000000;\">3 &lt; 9 empleados: 250\u20ac\/usuario (hasta 9 usuarios)<\/span><\/li>\n<li><span style=\"color: #000000;\">10 &lt; 50 empleados: 250\u20ac\/usuario (hasta 48 usuarios)<\/span><\/li>\n<\/ul>\n<p>&nbsp;<\/p>\n\n\n\n<h2 class=\"wp-block-heading\">Como solicitar tu ayuda<\/h2>\n\n\n\n<p><a href=\"https:\/\/sede.red.gob.es\/es\/procedimientos\/convocatoria-de-ayudas-destinadas-la-digitalizacion-de-empresas-del-segmento-iii\">https:\/\/sede.red.gob.es\/es\/procedimientos\/convocatoria-de-ayudas-destinadas-la-digitalizacion-de-empresas-del-segmento-iii<\/a><\/p>\n","protected":false},"excerpt":{"rendered":"<p>Funcionalidades y servicios Funcionalidades y servicios Segmento de beneficiario Como solicitar tu [&hellip;]<\/p>\n","protected":false},"author":1,"featured_media":0,"parent":0,"menu_order":0,"comment_status":"closed","ping_status":"closed","template":"","meta":{"footnotes":""},"class_list":["post-1683","page","type-page","status-publish","hentry"],"yoast_head":"<!-- This site is optimized with the Yoast SEO plugin v18.2 - https:\/\/yoast.com\/wordpress\/plugins\/seo\/ -->\n<title>Servicios y herramientas de Oficina Virtual - Ayader - Soluciones Tecnol\u00f3gicas para empresas<\/title>\n<meta name=\"robots\" content=\"index, follow, max-snippet:-1, max-image-preview:large, max-video-preview:-1\" \/>\n<link rel=\"canonical\" href=\"https:\/\/ayader.com\/index.php\/servicios-y-herramientas-de-oficina-virtual\/\" \/>\n<meta property=\"og:locale\" content=\"es_ES\" \/>\n<meta property=\"og:type\" content=\"article\" \/>\n<meta property=\"og:title\" content=\"Servicios y herramientas de Oficina Virtual - Ayader - Soluciones Tecnol\u00f3gicas para empresas\" \/>\n<meta property=\"og:description\" content=\"Funcionalidades y servicios Funcionalidades y servicios Segmento de beneficiario Como solicitar tu [&hellip;]\" \/>\n<meta property=\"og:url\" content=\"https:\/\/ayader.com\/index.php\/servicios-y-herramientas-de-oficina-virtual\/\" \/>\n<meta property=\"og:site_name\" content=\"Ayader - Soluciones Tecnol\u00f3gicas para empresas\" \/>\n<meta property=\"article:modified_time\" content=\"2024-06-12T08:28:55+00:00\" \/>\n<meta property=\"og:image\" content=\"https:\/\/ayader.com\/wp-content\/uploads\/2022\/02\/logo-digitalizadores-1024x119.jpg\" \/>\n<meta name=\"twitter:card\" content=\"summary\" \/>\n<meta name=\"twitter:label1\" content=\"Tiempo de lectura\" \/>\n\t<meta name=\"twitter:data1\" content=\"2 minutos\" \/>\n<script type=\"application\/ld+json\" class=\"yoast-schema-graph\">{\"@context\":\"https:\/\/schema.org\",\"@graph\":[{\"@type\":\"WebSite\",\"@id\":\"https:\/\/ayader.com\/#website\",\"url\":\"https:\/\/ayader.com\/\",\"name\":\"Ayader - Soluciones Tecnol\u00f3gicas para empresas\",\"description\":\"Ayader es una empresa volcada en ofrecer a nuestros clientes soluciones tecnol\u00f3gicas que les permitan ser m\u00e1s productivos en sus negocios.\",\"potentialAction\":[{\"@type\":\"SearchAction\",\"target\":{\"@type\":\"EntryPoint\",\"urlTemplate\":\"https:\/\/ayader.com\/?s={search_term_string}\"},\"query-input\":\"required name=search_term_string\"}],\"inLanguage\":\"es\"},{\"@type\":\"ImageObject\",\"@id\":\"https:\/\/ayader.com\/index.php\/servicios-y-herramientas-de-oficina-virtual\/#primaryimage\",\"inLanguage\":\"es\",\"url\":\"https:\/\/ayader.com\/wp-content\/uploads\/2022\/02\/logo-digitalizadores.jpg\",\"contentUrl\":\"https:\/\/ayader.com\/wp-content\/uploads\/2022\/02\/logo-digitalizadores.jpg\",\"width\":1920,\"height\":223},{\"@type\":\"WebPage\",\"@id\":\"https:\/\/ayader.com\/index.php\/servicios-y-herramientas-de-oficina-virtual\/#webpage\",\"url\":\"https:\/\/ayader.com\/index.php\/servicios-y-herramientas-de-oficina-virtual\/\",\"name\":\"Servicios y herramientas de Oficina Virtual - Ayader - Soluciones Tecnol\u00f3gicas para empresas\",\"isPartOf\":{\"@id\":\"https:\/\/ayader.com\/#website\"},\"primaryImageOfPage\":{\"@id\":\"https:\/\/ayader.com\/index.php\/servicios-y-herramientas-de-oficina-virtual\/#primaryimage\"},\"datePublished\":\"2022-02-11T12:47:52+00:00\",\"dateModified\":\"2024-06-12T08:28:55+00:00\",\"breadcrumb\":{\"@id\":\"https:\/\/ayader.com\/index.php\/servicios-y-herramientas-de-oficina-virtual\/#breadcrumb\"},\"inLanguage\":\"es\",\"potentialAction\":[{\"@type\":\"ReadAction\",\"target\":[\"https:\/\/ayader.com\/index.php\/servicios-y-herramientas-de-oficina-virtual\/\"]}]},{\"@type\":\"BreadcrumbList\",\"@id\":\"https:\/\/ayader.com\/index.php\/servicios-y-herramientas-de-oficina-virtual\/#breadcrumb\",\"itemListElement\":[{\"@type\":\"ListItem\",\"position\":1,\"name\":\"Portada\",\"item\":\"https:\/\/ayader.com\/\"},{\"@type\":\"ListItem\",\"position\":2,\"name\":\"Servicios y herramientas de Oficina Virtual\"}]}]}<\/script>\n<!-- \/ Yoast SEO plugin. -->","yoast_head_json":{"title":"Servicios y herramientas de Oficina Virtual - Ayader - Soluciones Tecnol\u00f3gicas para empresas","robots":{"index":"index","follow":"follow","max-snippet":"max-snippet:-1","max-image-preview":"max-image-preview:large","max-video-preview":"max-video-preview:-1"},"canonical":"https:\/\/ayader.com\/index.php\/servicios-y-herramientas-de-oficina-virtual\/","og_locale":"es_ES","og_type":"article","og_title":"Servicios y herramientas de Oficina Virtual - Ayader - Soluciones Tecnol\u00f3gicas para empresas","og_description":"Funcionalidades y servicios Funcionalidades y servicios Segmento de beneficiario Como solicitar tu [&hellip;]","og_url":"https:\/\/ayader.com\/index.php\/servicios-y-herramientas-de-oficina-virtual\/","og_site_name":"Ayader - Soluciones Tecnol\u00f3gicas para empresas","article_modified_time":"2024-06-12T08:28:55+00:00","og_image":[{"url":"https:\/\/ayader.com\/wp-content\/uploads\/2022\/02\/logo-digitalizadores-1024x119.jpg"}],"twitter_card":"summary","twitter_misc":{"Tiempo de lectura":"2 minutos"},"schema":{"@context":"https:\/\/schema.org","@graph":[{"@type":"WebSite","@id":"https:\/\/ayader.com\/#website","url":"https:\/\/ayader.com\/","name":"Ayader - Soluciones Tecnol\u00f3gicas para empresas","description":"Ayader es una empresa volcada en ofrecer a nuestros clientes soluciones tecnol\u00f3gicas que les permitan ser m\u00e1s productivos en sus negocios.","potentialAction":[{"@type":"SearchAction","target":{"@type":"EntryPoint","urlTemplate":"https:\/\/ayader.com\/?s={search_term_string}"},"query-input":"required name=search_term_string"}],"inLanguage":"es"},{"@type":"ImageObject","@id":"https:\/\/ayader.com\/index.php\/servicios-y-herramientas-de-oficina-virtual\/#primaryimage","inLanguage":"es","url":"https:\/\/ayader.com\/wp-content\/uploads\/2022\/02\/logo-digitalizadores.jpg","contentUrl":"https:\/\/ayader.com\/wp-content\/uploads\/2022\/02\/logo-digitalizadores.jpg","width":1920,"height":223},{"@type":"WebPage","@id":"https:\/\/ayader.com\/index.php\/servicios-y-herramientas-de-oficina-virtual\/#webpage","url":"https:\/\/ayader.com\/index.php\/servicios-y-herramientas-de-oficina-virtual\/","name":"Servicios y herramientas de Oficina Virtual - Ayader - Soluciones Tecnol\u00f3gicas para empresas","isPartOf":{"@id":"https:\/\/ayader.com\/#website"},"primaryImageOfPage":{"@id":"https:\/\/ayader.com\/index.php\/servicios-y-herramientas-de-oficina-virtual\/#primaryimage"},"datePublished":"2022-02-11T12:47:52+00:00","dateModified":"2024-06-12T08:28:55+00:00","breadcrumb":{"@id":"https:\/\/ayader.com\/index.php\/servicios-y-herramientas-de-oficina-virtual\/#breadcrumb"},"inLanguage":"es","potentialAction":[{"@type":"ReadAction","target":["https:\/\/ayader.com\/index.php\/servicios-y-herramientas-de-oficina-virtual\/"]}]},{"@type":"BreadcrumbList","@id":"https:\/\/ayader.com\/index.php\/servicios-y-herramientas-de-oficina-virtual\/#breadcrumb","itemListElement":[{"@type":"ListItem","position":1,"name":"Portada","item":"https:\/\/ayader.com\/"},{"@type":"ListItem","position":2,"name":"Servicios y herramientas de Oficina Virtual"}]}]}},"_links":{"self":[{"href":"https:\/\/ayader.com\/index.php\/wp-json\/wp\/v2\/pages\/1683","targetHints":{"allow":["GET"]}}],"collection":[{"href":"https:\/\/ayader.com\/index.php\/wp-json\/wp\/v2\/pages"}],"about":[{"href":"https:\/\/ayader.com\/index.php\/wp-json\/wp\/v2\/types\/page"}],"author":[{"embeddable":true,"href":"https:\/\/ayader.com\/index.php\/wp-json\/wp\/v2\/users\/1"}],"replies":[{"embeddable":true,"href":"https:\/\/ayader.com\/index.php\/wp-json\/wp\/v2\/comments?post=1683"}],"version-history":[{"count":8,"href":"https:\/\/ayader.com\/index.php\/wp-json\/wp\/v2\/pages\/1683\/revisions"}],"predecessor-version":[{"id":2015,"href":"https:\/\/ayader.com\/index.php\/wp-json\/wp\/v2\/pages\/1683\/revisions\/2015"}],"wp:attachment":[{"href":"https:\/\/ayader.com\/index.php\/wp-json\/wp\/v2\/media?parent=1683"}],"curies":[{"name":"wp","href":"https:\/\/api.w.org\/{rel}","templated":true}]}}