{"id":1668,"date":"2022-02-11T12:23:15","date_gmt":"2022-02-11T12:23:15","guid":{"rendered":"https:\/\/ayader.com\/?page_id=1668"},"modified":"2024-06-12T08:26:21","modified_gmt":"2024-06-12T08:26:21","slug":"gestion-de-clientes","status":"publish","type":"page","link":"https:\/\/ayader.com\/index.php\/gestion-de-clientes\/","title":{"rendered":"Gesti\u00f3n de Clientes"},"content":{"rendered":"\n<figure class=\"wp-block-image\"><img loading=\"lazy\" decoding=\"async\" width=\"1024\" height=\"119\" src=\"https:\/\/ayader.com\/wp-content\/uploads\/2022\/02\/logo-digitalizadores-1024x119.jpg\" alt=\"\" class=\"wp-image-1639\" srcset=\"https:\/\/ayader.com\/wp-content\/uploads\/2022\/02\/logo-digitalizadores-1024x119.jpg 1024w, https:\/\/ayader.com\/wp-content\/uploads\/2022\/02\/logo-digitalizadores-300x35.jpg 300w, https:\/\/ayader.com\/wp-content\/uploads\/2022\/02\/logo-digitalizadores-768x89.jpg 768w, https:\/\/ayader.com\/wp-content\/uploads\/2022\/02\/logo-digitalizadores-830x96.jpg 830w, https:\/\/ayader.com\/wp-content\/uploads\/2022\/02\/logo-digitalizadores-230x27.jpg 230w, https:\/\/ayader.com\/wp-content\/uploads\/2022\/02\/logo-digitalizadores-350x41.jpg 350w, https:\/\/ayader.com\/wp-content\/uploads\/2022\/02\/logo-digitalizadores-480x56.jpg 480w, https:\/\/ayader.com\/wp-content\/uploads\/2022\/02\/logo-digitalizadores.jpg 1920w\" sizes=\"auto, (max-width: 1024px) 100vw, 1024px\" \/><\/figure>\n\n\n\n<p><span style=\"color: #000000;\">El principal objetivo de esta categor\u00eda es digitalizar y optimizar la gesti\u00f3n de las relaciones comerciales con tus clientes.<\/span><\/p>\n<div><strong><span style=\"color: #000000;\">A partir de 657.6\u20ac + IVA\/a\u00f1o por usuario<\/span><\/strong><\/div>\n<div>\u00a0<\/div>\n<div><span style=\"color: #000000;\">La forma m\u00e1s sencilla de modernizar la productividad de los departamento comerciales. Es recomendable complementarlo con las soluciones de Office 365.\u00a0<\/span><\/div>\n<div><span style=\"color: #000000;\">Dispone de una soluci\u00f3n para cada sector empresarial: comercio, finanzas, recursos humanos, marketing, peque\u00f1as empresas, etc.\u00a0<\/span><\/div>\n<div>\u00a0<\/div>\n<div><span style=\"color: #000000;\">Los precios var\u00edan seg\u00fan el sector empresarial y los servicios que requiera la empresa. En cualquier caso, las funcionalidades y servicios son los que detallamos a continuaci\u00f3n:<\/span><\/div>\n\n\n\n<h4 class=\"wp-block-heading\"><u><strong>Funcionalidades y servicios<\/strong><\/u><\/h4>\n\n\n\n<ul>\n<li><strong><span style=\"color: #000000;\">Gesti\u00f3n de clientes&nbsp;<\/span><\/strong><\/li>\n<li><span style=\"color: #000000;\"><strong>Gesti\u00f3n de Clientes potenciales (Leads):<\/strong> Podr\u00e1s dar de alta nuevos Leads<\/span><\/li>\n<li><strong><span style=\"color: #000000;\">Gesti\u00f3n de oportunidades<\/span><\/strong><\/li>\n<li><strong><span style=\"color: #000000;\">Acciones o tareas comerciales<\/span><\/strong><\/li>\n<li><strong><span style=\"color: #000000;\">Reporting, planificaci\u00f3n y seguimiento comercial&nbsp;<\/span><\/strong><\/li>\n<li><strong><span style=\"color: #000000;\">Alertas<\/span><\/strong><\/li>\n<li><strong><span style=\"color: #000000;\">Gesti\u00f3n documental<\/span><\/strong><\/li>\n<li><span style=\"color: #000000;\"><strong>Dise\u00f1o Responsive:<\/strong> Tendr\u00e1s una interfaz funcional en todo tipo de dispositivos.<\/span><\/li>\n<li><strong><span style=\"color: #000000;\">Integraci\u00f3n con diversas plataformas<\/span><\/strong><\/li>\n<\/ul>\n\n\n\n<h4 class=\"wp-block-heading\"><u><strong> Segmento de beneficiario<\/strong><\/u><\/h4>\n\n\n\n<ul>\n<li style=\"text-align: left;\"><span style=\"color: #000000;\">0 &lt; 3 empleados: 2.000\u20ac (incluye 1 usuario)<\/span><\/li>\n<li style=\"text-align: left;\"><span style=\"color: #000000;\">3 &lt; 9 empleados: 2.000\u20ac (incluye 1 usuario)<\/span><\/li>\n<li style=\"text-align: left;\"><span style=\"color: #000000;\">10 &lt; 50 empleados: 4.000\u20ac (incluye 3 usuarios)<\/span><\/li>\n<\/ul>\n<div style=\"text-align: left;\">\u00a0<\/div>\n<div style=\"text-align: left;\"><span style=\"color: #000000;\">Solicita tu presupuesto mediante el formulario de contacto.<\/span><\/div>\n<div>\u00a0<\/div>\n\n\n\n<h2 class=\"wp-block-heading\">Como solicitar tu ayuda<\/h2>\n\n\n\n<p><a href=\"https:\/\/sede.red.gob.es\/es\/procedimientos\/convocatoria-de-ayudas-destinadas-la-digitalizacion-de-empresas-del-segmento-iii\">https:\/\/sede.red.gob.es\/es\/procedimientos\/convocatoria-de-ayudas-destinadas-la-digitalizacion-de-empresas-del-segmento-iii<\/a><\/p>\n","protected":false},"excerpt":{"rendered":"<p>Funcionalidades y servicios Segmento de beneficiario Como solicitar tu ayuda https:\/\/sede.red.gob.es\/es\/procedimientos\/convocatoria-de-ayudas-destinadas-la-digitalizacion-de-empresas-del-segmento-iii<\/p>\n","protected":false},"author":1,"featured_media":0,"parent":0,"menu_order":0,"comment_status":"closed","ping_status":"closed","template":"","meta":{"footnotes":""},"class_list":["post-1668","page","type-page","status-publish","hentry"],"yoast_head":"<!-- This site is optimized with the Yoast SEO plugin v18.2 - https:\/\/yoast.com\/wordpress\/plugins\/seo\/ -->\n<title>Gesti\u00f3n de Clientes - Ayader - Soluciones Tecnol\u00f3gicas para empresas<\/title>\n<meta name=\"robots\" content=\"index, follow, max-snippet:-1, max-image-preview:large, max-video-preview:-1\" \/>\n<link rel=\"canonical\" href=\"https:\/\/ayader.com\/index.php\/gestion-de-clientes\/\" \/>\n<meta property=\"og:locale\" content=\"es_ES\" \/>\n<meta property=\"og:type\" content=\"article\" \/>\n<meta property=\"og:title\" content=\"Gesti\u00f3n de Clientes - Ayader - Soluciones Tecnol\u00f3gicas para empresas\" \/>\n<meta property=\"og:description\" content=\"Funcionalidades y servicios Segmento de beneficiario Como solicitar tu ayuda https:\/\/sede.red.gob.es\/es\/procedimientos\/convocatoria-de-ayudas-destinadas-la-digitalizacion-de-empresas-del-segmento-iii\" \/>\n<meta property=\"og:url\" content=\"https:\/\/ayader.com\/index.php\/gestion-de-clientes\/\" \/>\n<meta property=\"og:site_name\" content=\"Ayader - Soluciones Tecnol\u00f3gicas para empresas\" \/>\n<meta property=\"article:modified_time\" content=\"2024-06-12T08:26:21+00:00\" \/>\n<meta property=\"og:image\" content=\"https:\/\/ayader.com\/wp-content\/uploads\/2022\/02\/logo-digitalizadores-1024x119.jpg\" \/>\n<meta name=\"twitter:card\" content=\"summary\" \/>\n<meta name=\"twitter:label1\" content=\"Tiempo de lectura\" \/>\n\t<meta name=\"twitter:data1\" content=\"1 minuto\" \/>\n<script type=\"application\/ld+json\" class=\"yoast-schema-graph\">{\"@context\":\"https:\/\/schema.org\",\"@graph\":[{\"@type\":\"WebSite\",\"@id\":\"https:\/\/ayader.com\/#website\",\"url\":\"https:\/\/ayader.com\/\",\"name\":\"Ayader - Soluciones Tecnol\u00f3gicas para empresas\",\"description\":\"Ayader es una empresa volcada en ofrecer a nuestros clientes soluciones tecnol\u00f3gicas que les permitan ser m\u00e1s productivos en sus negocios.\",\"potentialAction\":[{\"@type\":\"SearchAction\",\"target\":{\"@type\":\"EntryPoint\",\"urlTemplate\":\"https:\/\/ayader.com\/?s={search_term_string}\"},\"query-input\":\"required name=search_term_string\"}],\"inLanguage\":\"es\"},{\"@type\":\"ImageObject\",\"@id\":\"https:\/\/ayader.com\/index.php\/gestion-de-clientes\/#primaryimage\",\"inLanguage\":\"es\",\"url\":\"https:\/\/ayader.com\/wp-content\/uploads\/2022\/02\/logo-digitalizadores.jpg\",\"contentUrl\":\"https:\/\/ayader.com\/wp-content\/uploads\/2022\/02\/logo-digitalizadores.jpg\",\"width\":1920,\"height\":223},{\"@type\":\"WebPage\",\"@id\":\"https:\/\/ayader.com\/index.php\/gestion-de-clientes\/#webpage\",\"url\":\"https:\/\/ayader.com\/index.php\/gestion-de-clientes\/\",\"name\":\"Gesti\u00f3n de Clientes - Ayader - Soluciones Tecnol\u00f3gicas para empresas\",\"isPartOf\":{\"@id\":\"https:\/\/ayader.com\/#website\"},\"primaryImageOfPage\":{\"@id\":\"https:\/\/ayader.com\/index.php\/gestion-de-clientes\/#primaryimage\"},\"datePublished\":\"2022-02-11T12:23:15+00:00\",\"dateModified\":\"2024-06-12T08:26:21+00:00\",\"breadcrumb\":{\"@id\":\"https:\/\/ayader.com\/index.php\/gestion-de-clientes\/#breadcrumb\"},\"inLanguage\":\"es\",\"potentialAction\":[{\"@type\":\"ReadAction\",\"target\":[\"https:\/\/ayader.com\/index.php\/gestion-de-clientes\/\"]}]},{\"@type\":\"BreadcrumbList\",\"@id\":\"https:\/\/ayader.com\/index.php\/gestion-de-clientes\/#breadcrumb\",\"itemListElement\":[{\"@type\":\"ListItem\",\"position\":1,\"name\":\"Portada\",\"item\":\"https:\/\/ayader.com\/\"},{\"@type\":\"ListItem\",\"position\":2,\"name\":\"Gesti\u00f3n de Clientes\"}]}]}<\/script>\n<!-- \/ Yoast SEO plugin. -->","yoast_head_json":{"title":"Gesti\u00f3n de Clientes - Ayader - Soluciones Tecnol\u00f3gicas para empresas","robots":{"index":"index","follow":"follow","max-snippet":"max-snippet:-1","max-image-preview":"max-image-preview:large","max-video-preview":"max-video-preview:-1"},"canonical":"https:\/\/ayader.com\/index.php\/gestion-de-clientes\/","og_locale":"es_ES","og_type":"article","og_title":"Gesti\u00f3n de Clientes - Ayader - Soluciones Tecnol\u00f3gicas para empresas","og_description":"Funcionalidades y servicios Segmento de beneficiario Como solicitar tu ayuda https:\/\/sede.red.gob.es\/es\/procedimientos\/convocatoria-de-ayudas-destinadas-la-digitalizacion-de-empresas-del-segmento-iii","og_url":"https:\/\/ayader.com\/index.php\/gestion-de-clientes\/","og_site_name":"Ayader - Soluciones Tecnol\u00f3gicas para empresas","article_modified_time":"2024-06-12T08:26:21+00:00","og_image":[{"url":"https:\/\/ayader.com\/wp-content\/uploads\/2022\/02\/logo-digitalizadores-1024x119.jpg"}],"twitter_card":"summary","twitter_misc":{"Tiempo de lectura":"1 minuto"},"schema":{"@context":"https:\/\/schema.org","@graph":[{"@type":"WebSite","@id":"https:\/\/ayader.com\/#website","url":"https:\/\/ayader.com\/","name":"Ayader - Soluciones Tecnol\u00f3gicas para empresas","description":"Ayader es una empresa volcada en ofrecer a nuestros clientes soluciones tecnol\u00f3gicas que les permitan ser m\u00e1s productivos en sus negocios.","potentialAction":[{"@type":"SearchAction","target":{"@type":"EntryPoint","urlTemplate":"https:\/\/ayader.com\/?s={search_term_string}"},"query-input":"required name=search_term_string"}],"inLanguage":"es"},{"@type":"ImageObject","@id":"https:\/\/ayader.com\/index.php\/gestion-de-clientes\/#primaryimage","inLanguage":"es","url":"https:\/\/ayader.com\/wp-content\/uploads\/2022\/02\/logo-digitalizadores.jpg","contentUrl":"https:\/\/ayader.com\/wp-content\/uploads\/2022\/02\/logo-digitalizadores.jpg","width":1920,"height":223},{"@type":"WebPage","@id":"https:\/\/ayader.com\/index.php\/gestion-de-clientes\/#webpage","url":"https:\/\/ayader.com\/index.php\/gestion-de-clientes\/","name":"Gesti\u00f3n de Clientes - Ayader - Soluciones Tecnol\u00f3gicas para empresas","isPartOf":{"@id":"https:\/\/ayader.com\/#website"},"primaryImageOfPage":{"@id":"https:\/\/ayader.com\/index.php\/gestion-de-clientes\/#primaryimage"},"datePublished":"2022-02-11T12:23:15+00:00","dateModified":"2024-06-12T08:26:21+00:00","breadcrumb":{"@id":"https:\/\/ayader.com\/index.php\/gestion-de-clientes\/#breadcrumb"},"inLanguage":"es","potentialAction":[{"@type":"ReadAction","target":["https:\/\/ayader.com\/index.php\/gestion-de-clientes\/"]}]},{"@type":"BreadcrumbList","@id":"https:\/\/ayader.com\/index.php\/gestion-de-clientes\/#breadcrumb","itemListElement":[{"@type":"ListItem","position":1,"name":"Portada","item":"https:\/\/ayader.com\/"},{"@type":"ListItem","position":2,"name":"Gesti\u00f3n de Clientes"}]}]}},"_links":{"self":[{"href":"https:\/\/ayader.com\/index.php\/wp-json\/wp\/v2\/pages\/1668","targetHints":{"allow":["GET"]}}],"collection":[{"href":"https:\/\/ayader.com\/index.php\/wp-json\/wp\/v2\/pages"}],"about":[{"href":"https:\/\/ayader.com\/index.php\/wp-json\/wp\/v2\/types\/page"}],"author":[{"embeddable":true,"href":"https:\/\/ayader.com\/index.php\/wp-json\/wp\/v2\/users\/1"}],"replies":[{"embeddable":true,"href":"https:\/\/ayader.com\/index.php\/wp-json\/wp\/v2\/comments?post=1668"}],"version-history":[{"count":7,"href":"https:\/\/ayader.com\/index.php\/wp-json\/wp\/v2\/pages\/1668\/revisions"}],"predecessor-version":[{"id":2013,"href":"https:\/\/ayader.com\/index.php\/wp-json\/wp\/v2\/pages\/1668\/revisions\/2013"}],"wp:attachment":[{"href":"https:\/\/ayader.com\/index.php\/wp-json\/wp\/v2\/media?parent=1668"}],"curies":[{"name":"wp","href":"https:\/\/api.w.org\/{rel}","templated":true}]}}