{"id":1659,"date":"2022-02-11T09:19:07","date_gmt":"2022-02-11T09:19:07","guid":{"rendered":"https:\/\/ayader.com\/?page_id=1659"},"modified":"2022-02-23T12:17:09","modified_gmt":"2022-02-23T12:17:09","slug":"gestion-de-redes-sociales","status":"publish","type":"page","link":"https:\/\/ayader.com\/index.php\/gestion-de-redes-sociales\/","title":{"rendered":"Gesti\u00f3n de Redes Sociales"},"content":{"rendered":"\n<figure class=\"wp-block-image\"><img loading=\"lazy\" decoding=\"async\" width=\"1024\" height=\"119\" src=\"https:\/\/ayader.com\/wp-content\/uploads\/2022\/02\/logo-digitalizadores-1024x119.jpg\" alt=\"\" class=\"wp-image-1639\" srcset=\"https:\/\/ayader.com\/wp-content\/uploads\/2022\/02\/logo-digitalizadores-1024x119.jpg 1024w, https:\/\/ayader.com\/wp-content\/uploads\/2022\/02\/logo-digitalizadores-300x35.jpg 300w, https:\/\/ayader.com\/wp-content\/uploads\/2022\/02\/logo-digitalizadores-768x89.jpg 768w, https:\/\/ayader.com\/wp-content\/uploads\/2022\/02\/logo-digitalizadores-830x96.jpg 830w, https:\/\/ayader.com\/wp-content\/uploads\/2022\/02\/logo-digitalizadores-230x27.jpg 230w, https:\/\/ayader.com\/wp-content\/uploads\/2022\/02\/logo-digitalizadores-350x41.jpg 350w, https:\/\/ayader.com\/wp-content\/uploads\/2022\/02\/logo-digitalizadores-480x56.jpg 480w, https:\/\/ayader.com\/wp-content\/uploads\/2022\/02\/logo-digitalizadores.jpg 1920w\" sizes=\"auto, (max-width: 1024px) 100vw, 1024px\" \/><\/figure>\n\n\n\n<p><span class=\"tadv-color\" style=\"color: #313131;\">El principal objetivo de esta categor\u00eda es promocionar tu empresa en redes sociales.<\/span><\/p>\n<div><span style=\"color: #000000;\"><strong>A partir de 1.500 + IVA\/a\u00f1o&nbsp;<\/strong><\/span><\/div>\n<div>&nbsp;<\/div>\n\n\n\n<ul>\n<li><span style=\"color: #000000;\"><strong>Social Media Plan:<\/strong> Estrategia de redes sociales alineada con la misi\u00f3n y visi\u00f3n, para que sea relevante y conecte con tus potenciales clientes y fidelice a aquellos usuarios que ya lo sean.<\/span><\/li>\n<li><span style=\"color: #000000;\"><strong>Monitorizaci\u00f3n de redes sociales:<\/strong> monitorizaci\u00f3n y control de manera peri\u00f3dica los impactos de las acciones en redes sociales para ver tus resultados y saber si est\u00e1s cumpliendo con los objetivos de tu estrategia.<\/span><\/li>\n<li><span style=\"color: #000000;\"><strong>Optimizaci\u00f3n de la red\/Auditor\u00eda Social Media<\/strong>\u00a0<\/span><\/li>\n<li><span style=\"color: #000000;\"><strong>Gesti\u00f3n de una red social:<\/strong> Incluye una red social\u00a0<\/span><\/li>\n<li><span style=\"color: #000000;\"><strong>Publicaci\u00f3n de posts semanales:<\/strong> 4-8 entradas (posts) mensuales en\u00a0 redes sociales.<\/span><\/li>\n<\/ul>\n<p><span style=\"color: #000000;\">Para otras funcionalidades solicita tu presupuesto a medida y sin compromiso.\u00a0<\/span><\/p>\n\n\n\n<h4 class=\"wp-block-heading\"><u><strong>Segmento de beneficiario<\/strong><\/u><\/h4>\n\n\n\n<ul>\n<li><span style=\"color: #000000;\">0 &lt; 3 empleados: 2.000\u20ac<\/span><\/li>\n<li><span style=\"color: #000000;\">3 &lt; 9 empleados: 2.500\u20ac<\/span><\/li>\n<li><span style=\"color: #000000;\">10 &lt; 50 empleados: 2.500\u20ac<\/span><\/li>\n<\/ul>\n","protected":false},"excerpt":{"rendered":"<p>Segmento de beneficiario<\/p>\n","protected":false},"author":1,"featured_media":0,"parent":0,"menu_order":0,"comment_status":"closed","ping_status":"closed","template":"","meta":{"footnotes":""},"class_list":["post-1659","page","type-page","status-publish","hentry"],"yoast_head":"<!-- This site is optimized with the Yoast SEO plugin v18.2 - https:\/\/yoast.com\/wordpress\/plugins\/seo\/ -->\n<title>Gesti\u00f3n de Redes Sociales - Ayader - Soluciones Tecnol\u00f3gicas para empresas<\/title>\n<meta name=\"robots\" content=\"index, follow, max-snippet:-1, max-image-preview:large, max-video-preview:-1\" \/>\n<link rel=\"canonical\" href=\"https:\/\/ayader.com\/index.php\/gestion-de-redes-sociales\/\" \/>\n<meta property=\"og:locale\" content=\"es_ES\" \/>\n<meta property=\"og:type\" content=\"article\" \/>\n<meta property=\"og:title\" content=\"Gesti\u00f3n de Redes Sociales - Ayader - Soluciones Tecnol\u00f3gicas para empresas\" \/>\n<meta property=\"og:description\" content=\"Segmento de beneficiario\" \/>\n<meta property=\"og:url\" content=\"https:\/\/ayader.com\/index.php\/gestion-de-redes-sociales\/\" \/>\n<meta property=\"og:site_name\" content=\"Ayader - Soluciones Tecnol\u00f3gicas para empresas\" \/>\n<meta property=\"article:modified_time\" content=\"2022-02-23T12:17:09+00:00\" \/>\n<meta property=\"og:image\" content=\"https:\/\/ayader.com\/wp-content\/uploads\/2022\/02\/logo-digitalizadores-1024x119.jpg\" \/>\n<meta name=\"twitter:card\" content=\"summary\" \/>\n<meta name=\"twitter:label1\" content=\"Tiempo de lectura\" \/>\n\t<meta name=\"twitter:data1\" content=\"1 minuto\" \/>\n<script type=\"application\/ld+json\" class=\"yoast-schema-graph\">{\"@context\":\"https:\/\/schema.org\",\"@graph\":[{\"@type\":\"WebSite\",\"@id\":\"https:\/\/ayader.com\/#website\",\"url\":\"https:\/\/ayader.com\/\",\"name\":\"Ayader - Soluciones Tecnol\u00f3gicas para empresas\",\"description\":\"Ayader es una empresa volcada en ofrecer a nuestros clientes soluciones tecnol\u00f3gicas que les permitan ser m\u00e1s productivos en sus negocios.\",\"potentialAction\":[{\"@type\":\"SearchAction\",\"target\":{\"@type\":\"EntryPoint\",\"urlTemplate\":\"https:\/\/ayader.com\/?s={search_term_string}\"},\"query-input\":\"required name=search_term_string\"}],\"inLanguage\":\"es\"},{\"@type\":\"ImageObject\",\"@id\":\"https:\/\/ayader.com\/index.php\/gestion-de-redes-sociales\/#primaryimage\",\"inLanguage\":\"es\",\"url\":\"https:\/\/ayader.com\/wp-content\/uploads\/2022\/02\/logo-digitalizadores.jpg\",\"contentUrl\":\"https:\/\/ayader.com\/wp-content\/uploads\/2022\/02\/logo-digitalizadores.jpg\",\"width\":1920,\"height\":223},{\"@type\":\"WebPage\",\"@id\":\"https:\/\/ayader.com\/index.php\/gestion-de-redes-sociales\/#webpage\",\"url\":\"https:\/\/ayader.com\/index.php\/gestion-de-redes-sociales\/\",\"name\":\"Gesti\u00f3n de Redes Sociales - Ayader - Soluciones Tecnol\u00f3gicas para empresas\",\"isPartOf\":{\"@id\":\"https:\/\/ayader.com\/#website\"},\"primaryImageOfPage\":{\"@id\":\"https:\/\/ayader.com\/index.php\/gestion-de-redes-sociales\/#primaryimage\"},\"datePublished\":\"2022-02-11T09:19:07+00:00\",\"dateModified\":\"2022-02-23T12:17:09+00:00\",\"breadcrumb\":{\"@id\":\"https:\/\/ayader.com\/index.php\/gestion-de-redes-sociales\/#breadcrumb\"},\"inLanguage\":\"es\",\"potentialAction\":[{\"@type\":\"ReadAction\",\"target\":[\"https:\/\/ayader.com\/index.php\/gestion-de-redes-sociales\/\"]}]},{\"@type\":\"BreadcrumbList\",\"@id\":\"https:\/\/ayader.com\/index.php\/gestion-de-redes-sociales\/#breadcrumb\",\"itemListElement\":[{\"@type\":\"ListItem\",\"position\":1,\"name\":\"Portada\",\"item\":\"https:\/\/ayader.com\/\"},{\"@type\":\"ListItem\",\"position\":2,\"name\":\"Gesti\u00f3n de Redes Sociales\"}]}]}<\/script>\n<!-- \/ Yoast SEO plugin. -->","yoast_head_json":{"title":"Gesti\u00f3n de Redes Sociales - Ayader - Soluciones Tecnol\u00f3gicas para empresas","robots":{"index":"index","follow":"follow","max-snippet":"max-snippet:-1","max-image-preview":"max-image-preview:large","max-video-preview":"max-video-preview:-1"},"canonical":"https:\/\/ayader.com\/index.php\/gestion-de-redes-sociales\/","og_locale":"es_ES","og_type":"article","og_title":"Gesti\u00f3n de Redes Sociales - Ayader - Soluciones Tecnol\u00f3gicas para empresas","og_description":"Segmento de beneficiario","og_url":"https:\/\/ayader.com\/index.php\/gestion-de-redes-sociales\/","og_site_name":"Ayader - Soluciones Tecnol\u00f3gicas para empresas","article_modified_time":"2022-02-23T12:17:09+00:00","og_image":[{"url":"https:\/\/ayader.com\/wp-content\/uploads\/2022\/02\/logo-digitalizadores-1024x119.jpg"}],"twitter_card":"summary","twitter_misc":{"Tiempo de lectura":"1 minuto"},"schema":{"@context":"https:\/\/schema.org","@graph":[{"@type":"WebSite","@id":"https:\/\/ayader.com\/#website","url":"https:\/\/ayader.com\/","name":"Ayader - Soluciones Tecnol\u00f3gicas para empresas","description":"Ayader es una empresa volcada en ofrecer a nuestros clientes soluciones tecnol\u00f3gicas que les permitan ser m\u00e1s productivos en sus negocios.","potentialAction":[{"@type":"SearchAction","target":{"@type":"EntryPoint","urlTemplate":"https:\/\/ayader.com\/?s={search_term_string}"},"query-input":"required name=search_term_string"}],"inLanguage":"es"},{"@type":"ImageObject","@id":"https:\/\/ayader.com\/index.php\/gestion-de-redes-sociales\/#primaryimage","inLanguage":"es","url":"https:\/\/ayader.com\/wp-content\/uploads\/2022\/02\/logo-digitalizadores.jpg","contentUrl":"https:\/\/ayader.com\/wp-content\/uploads\/2022\/02\/logo-digitalizadores.jpg","width":1920,"height":223},{"@type":"WebPage","@id":"https:\/\/ayader.com\/index.php\/gestion-de-redes-sociales\/#webpage","url":"https:\/\/ayader.com\/index.php\/gestion-de-redes-sociales\/","name":"Gesti\u00f3n de Redes Sociales - Ayader - Soluciones Tecnol\u00f3gicas para empresas","isPartOf":{"@id":"https:\/\/ayader.com\/#website"},"primaryImageOfPage":{"@id":"https:\/\/ayader.com\/index.php\/gestion-de-redes-sociales\/#primaryimage"},"datePublished":"2022-02-11T09:19:07+00:00","dateModified":"2022-02-23T12:17:09+00:00","breadcrumb":{"@id":"https:\/\/ayader.com\/index.php\/gestion-de-redes-sociales\/#breadcrumb"},"inLanguage":"es","potentialAction":[{"@type":"ReadAction","target":["https:\/\/ayader.com\/index.php\/gestion-de-redes-sociales\/"]}]},{"@type":"BreadcrumbList","@id":"https:\/\/ayader.com\/index.php\/gestion-de-redes-sociales\/#breadcrumb","itemListElement":[{"@type":"ListItem","position":1,"name":"Portada","item":"https:\/\/ayader.com\/"},{"@type":"ListItem","position":2,"name":"Gesti\u00f3n de Redes Sociales"}]}]}},"_links":{"self":[{"href":"https:\/\/ayader.com\/index.php\/wp-json\/wp\/v2\/pages\/1659","targetHints":{"allow":["GET"]}}],"collection":[{"href":"https:\/\/ayader.com\/index.php\/wp-json\/wp\/v2\/pages"}],"about":[{"href":"https:\/\/ayader.com\/index.php\/wp-json\/wp\/v2\/types\/page"}],"author":[{"embeddable":true,"href":"https:\/\/ayader.com\/index.php\/wp-json\/wp\/v2\/users\/1"}],"replies":[{"embeddable":true,"href":"https:\/\/ayader.com\/index.php\/wp-json\/wp\/v2\/comments?post=1659"}],"version-history":[{"count":7,"href":"https:\/\/ayader.com\/index.php\/wp-json\/wp\/v2\/pages\/1659\/revisions"}],"predecessor-version":[{"id":1768,"href":"https:\/\/ayader.com\/index.php\/wp-json\/wp\/v2\/pages\/1659\/revisions\/1768"}],"wp:attachment":[{"href":"https:\/\/ayader.com\/index.php\/wp-json\/wp\/v2\/media?parent=1659"}],"curies":[{"name":"wp","href":"https:\/\/api.w.org\/{rel}","templated":true}]}}