{"id":1654,"date":"2022-02-11T09:09:30","date_gmt":"2022-02-11T09:09:30","guid":{"rendered":"https:\/\/ayader.com\/?page_id=1654"},"modified":"2024-06-12T08:25:28","modified_gmt":"2024-06-12T08:25:28","slug":"comercio-electronico","status":"publish","type":"page","link":"https:\/\/ayader.com\/index.php\/comercio-electronico\/","title":{"rendered":"Comercio Electr\u00f3nico"},"content":{"rendered":"\n<figure class=\"wp-block-image\"><img loading=\"lazy\" decoding=\"async\" width=\"1024\" height=\"119\" src=\"https:\/\/ayader.com\/wp-content\/uploads\/2022\/02\/logo-digitalizadores-1024x119.jpg\" alt=\"\" class=\"wp-image-1639\" srcset=\"https:\/\/ayader.com\/wp-content\/uploads\/2022\/02\/logo-digitalizadores-1024x119.jpg 1024w, https:\/\/ayader.com\/wp-content\/uploads\/2022\/02\/logo-digitalizadores-300x35.jpg 300w, https:\/\/ayader.com\/wp-content\/uploads\/2022\/02\/logo-digitalizadores-768x89.jpg 768w, https:\/\/ayader.com\/wp-content\/uploads\/2022\/02\/logo-digitalizadores-830x96.jpg 830w, https:\/\/ayader.com\/wp-content\/uploads\/2022\/02\/logo-digitalizadores-230x27.jpg 230w, https:\/\/ayader.com\/wp-content\/uploads\/2022\/02\/logo-digitalizadores-350x41.jpg 350w, https:\/\/ayader.com\/wp-content\/uploads\/2022\/02\/logo-digitalizadores-480x56.jpg 480w, https:\/\/ayader.com\/wp-content\/uploads\/2022\/02\/logo-digitalizadores.jpg 1920w\" sizes=\"auto, (max-width: 1024px) 100vw, 1024px\" \/><\/figure>\n\n\n\n<div class=\"row row_textos\">\n<div class=\"col-md-12 col-sm-12 col-xs-12\">\n<p style=\"text-align: left;\"><span style=\"color: #000000;\">El principal objetivo de la categor\u00eda es crear tu p\u00e1gina web de compraventa de productos y\/o servicios que utilice medios digitales para su intercambio. Adem\u00e1s de dar visibilidad a tu marca, dispondr\u00e1s de un e-commerce o tienda online.<\/span><\/p>\n<div><span style=\"color: #000000;\"><strong>A partir de 1.200 + IVA mantenimiento no incluido<\/strong><\/span><\/div>\n<div>\u00a0<\/div>\n<ul>\n<li><span style=\"color: #000000;\"><strong>Pasarela de pago:<\/strong> Con las principales plataformas estandarizadas en funci\u00f3n de la cobertura deseada.<\/span><\/li>\n<li><span style=\"color: #000000;\"><strong>Cat\u00e1logo de producto: <\/strong>Descripci\u00f3n de producto, precio y stock a tiempo real.<\/span><\/li>\n<li><span style=\"color: #000000;\"><b>Area privada: <\/b>Creada con la finalidad de poder realizar un mantenimiento de los productos, altas, bajas o modificaciones.<\/span><\/li>\n<li><span style=\"color: #000000;\"><strong>Integraci\u00f3n con su ERP:<\/strong> En muchos casos existe la posibilidad de sincronizar el stock directamente desde la aplicaci\u00f3n de gesti\u00f3n utilizada por el cliente.<\/span><\/li>\n<\/ul>\n<p><span style=\"color: #000000;\">Para otras funcionalidades solicita tu presupuesto a medida y sin compromiso.\u00a0<\/span><\/p>\n<\/div>\n<\/div>\n\n\n\n<h4 class=\"wp-block-heading\"><u><strong>Funcionalidades y servicios<\/strong><\/u><\/h4>\n\n\n\n<ul class=\"wp-block-list\">\n<li><span class=\"tadv-color\" style=\"color:#313131\"> <\/span><strong><span class=\"tadv-color\" style=\"color:#313131\">Creaci\u00f3n de la tienda online o e-Commerce y alta del cat\u00e1logo de productos<\/span><\/strong><span class=\"tadv-color\" style=\"color:#313131\">: Creaci\u00f3n de un cat\u00e1logo interactivo con un m\u00ednimo de 100 referencias catalogados por atributos o categor\u00edas. Buscador por referencia, P\/N o descripci\u00f3n.<\/span><\/li>\n\n\n\n<li><span class=\"tadv-color\" style=\"color:#313131\"> <\/span><strong><span class=\"tadv-color\" style=\"color:#313131\">M\u00e9todos de pago<\/span><\/strong><span class=\"tadv-color\" style=\"color:#313131\">: La pasarela de pago integrar\u00e1 las diferentes opciones que el banco del cliente ofrezca. Pago por tarjeta, Bizum, Pay Pal, etc.&nbsp;<\/span><\/li>\n\n\n\n<li><span class=\"tadv-color\" style=\"color:#313131\"> <\/span><strong><span class=\"tadv-color\" style=\"color:#313131\">Dise\u00f1o Responsive<\/span><\/strong><span class=\"tadv-color\" style=\"color:#313131\">: Se podr\u00e1 utilizar en todo tipo de dispositivos.&nbsp;<\/span><\/li>\n\n\n\n<li><span class=\"tadv-color\" style=\"color:#313131\"> <\/span><strong><span class=\"tadv-color\" style=\"color:#313131\">Accesibilidad<\/span><\/strong><span class=\"tadv-color\" style=\"color:#313131\">: Cumplir\u00e1 con los criterios de conformidad de nivel AA de las Pautas WCAG-2.1.&nbsp;<\/span><\/li>\n\n\n\n<li><span class=\"tadv-color\" style=\"color:#313131\"> <\/span><strong><span class=\"tadv-color\" style=\"color:#313131\">Posicionamiento b\u00e1sico en internet<\/span><\/strong><span class=\"tadv-color\" style=\"color:#313131\">: Indexable por los principales motores de b\u00fasqueda (On-Page).<\/span><\/li>\n\n\n\n<li><span class=\"tadv-color\" style=\"color:#313131\"> <\/span><strong><span class=\"tadv-color\" style=\"color:#313131\">Autogestionable<\/span><\/strong><span class=\"tadv-color\" style=\"color:#313131\">: Gesti\u00f3n de contenidos para que puedas modificar los contenidos de tu web sin necesidad de ayuda.<\/span><\/li>\n\n\n\n<li><span class=\"tadv-color\" style=\"color:#313131\"> <\/span><strong><span class=\"tadv-color\" style=\"color:#313131\">Formas de env\u00edo<\/span><\/strong><span class=\"tadv-color\" style=\"color:#313131\">: Diferentes medios de envi\u00f3 del material.<\/span><\/li>\n<\/ul>\n\n\n\n<h4 class=\"wp-block-heading\"><u><strong>Segmento de beneficiario<\/strong><\/u><\/h4>\n\n\n\n<ul>\n<li><span class=\"tadv-color\" style=\"color: #313131;\"> 0 &lt; 3 empleados: 2.000\u20ac<\/span><\/li>\n<li><span class=\"tadv-color\" style=\"color: #313131;\"> 3 &lt; 9 empleados: 2.000\u20ac<\/span><\/li>\n<li><span class=\"tadv-color\" style=\"color: #313131;\"> 10 &lt; 50 empleados: 2.000\u20ac<\/span><\/li>\n<\/ul>\n<p>\u00a0<\/p>\n\n\n\n<p><\/p>\n","protected":false},"excerpt":{"rendered":"<p>Funcionalidades y servicios Segmento de beneficiario<\/p>\n","protected":false},"author":1,"featured_media":0,"parent":0,"menu_order":0,"comment_status":"closed","ping_status":"closed","template":"","meta":{"footnotes":""},"class_list":["post-1654","page","type-page","status-publish","hentry"],"yoast_head":"<!-- This site is optimized with the Yoast SEO plugin v18.2 - https:\/\/yoast.com\/wordpress\/plugins\/seo\/ -->\n<title>Comercio Electr\u00f3nico - Ayader - Soluciones Tecnol\u00f3gicas para empresas<\/title>\n<meta name=\"robots\" content=\"index, follow, max-snippet:-1, max-image-preview:large, max-video-preview:-1\" \/>\n<link rel=\"canonical\" href=\"https:\/\/ayader.com\/index.php\/comercio-electronico\/\" \/>\n<meta property=\"og:locale\" content=\"es_ES\" \/>\n<meta property=\"og:type\" content=\"article\" \/>\n<meta property=\"og:title\" content=\"Comercio Electr\u00f3nico - Ayader - Soluciones Tecnol\u00f3gicas para empresas\" \/>\n<meta property=\"og:description\" content=\"Funcionalidades y servicios Segmento de beneficiario\" \/>\n<meta property=\"og:url\" content=\"https:\/\/ayader.com\/index.php\/comercio-electronico\/\" \/>\n<meta property=\"og:site_name\" content=\"Ayader - Soluciones Tecnol\u00f3gicas para empresas\" \/>\n<meta property=\"article:modified_time\" content=\"2024-06-12T08:25:28+00:00\" \/>\n<meta property=\"og:image\" content=\"https:\/\/ayader.com\/wp-content\/uploads\/2022\/02\/logo-digitalizadores-1024x119.jpg\" \/>\n<meta name=\"twitter:card\" content=\"summary\" \/>\n<meta name=\"twitter:label1\" content=\"Tiempo de lectura\" \/>\n\t<meta name=\"twitter:data1\" content=\"1 minuto\" \/>\n<script type=\"application\/ld+json\" class=\"yoast-schema-graph\">{\"@context\":\"https:\/\/schema.org\",\"@graph\":[{\"@type\":\"WebSite\",\"@id\":\"https:\/\/ayader.com\/#website\",\"url\":\"https:\/\/ayader.com\/\",\"name\":\"Ayader - Soluciones Tecnol\u00f3gicas para empresas\",\"description\":\"Ayader es una empresa volcada en ofrecer a nuestros clientes soluciones tecnol\u00f3gicas que les permitan ser m\u00e1s productivos en sus negocios.\",\"potentialAction\":[{\"@type\":\"SearchAction\",\"target\":{\"@type\":\"EntryPoint\",\"urlTemplate\":\"https:\/\/ayader.com\/?s={search_term_string}\"},\"query-input\":\"required name=search_term_string\"}],\"inLanguage\":\"es\"},{\"@type\":\"ImageObject\",\"@id\":\"https:\/\/ayader.com\/index.php\/comercio-electronico\/#primaryimage\",\"inLanguage\":\"es\",\"url\":\"https:\/\/ayader.com\/wp-content\/uploads\/2022\/02\/logo-digitalizadores.jpg\",\"contentUrl\":\"https:\/\/ayader.com\/wp-content\/uploads\/2022\/02\/logo-digitalizadores.jpg\",\"width\":1920,\"height\":223},{\"@type\":\"WebPage\",\"@id\":\"https:\/\/ayader.com\/index.php\/comercio-electronico\/#webpage\",\"url\":\"https:\/\/ayader.com\/index.php\/comercio-electronico\/\",\"name\":\"Comercio Electr\u00f3nico - Ayader - Soluciones Tecnol\u00f3gicas para empresas\",\"isPartOf\":{\"@id\":\"https:\/\/ayader.com\/#website\"},\"primaryImageOfPage\":{\"@id\":\"https:\/\/ayader.com\/index.php\/comercio-electronico\/#primaryimage\"},\"datePublished\":\"2022-02-11T09:09:30+00:00\",\"dateModified\":\"2024-06-12T08:25:28+00:00\",\"breadcrumb\":{\"@id\":\"https:\/\/ayader.com\/index.php\/comercio-electronico\/#breadcrumb\"},\"inLanguage\":\"es\",\"potentialAction\":[{\"@type\":\"ReadAction\",\"target\":[\"https:\/\/ayader.com\/index.php\/comercio-electronico\/\"]}]},{\"@type\":\"BreadcrumbList\",\"@id\":\"https:\/\/ayader.com\/index.php\/comercio-electronico\/#breadcrumb\",\"itemListElement\":[{\"@type\":\"ListItem\",\"position\":1,\"name\":\"Portada\",\"item\":\"https:\/\/ayader.com\/\"},{\"@type\":\"ListItem\",\"position\":2,\"name\":\"Comercio Electr\u00f3nico\"}]}]}<\/script>\n<!-- \/ Yoast SEO plugin. -->","yoast_head_json":{"title":"Comercio Electr\u00f3nico - Ayader - Soluciones Tecnol\u00f3gicas para empresas","robots":{"index":"index","follow":"follow","max-snippet":"max-snippet:-1","max-image-preview":"max-image-preview:large","max-video-preview":"max-video-preview:-1"},"canonical":"https:\/\/ayader.com\/index.php\/comercio-electronico\/","og_locale":"es_ES","og_type":"article","og_title":"Comercio Electr\u00f3nico - Ayader - Soluciones Tecnol\u00f3gicas para empresas","og_description":"Funcionalidades y servicios Segmento de beneficiario","og_url":"https:\/\/ayader.com\/index.php\/comercio-electronico\/","og_site_name":"Ayader - Soluciones Tecnol\u00f3gicas para empresas","article_modified_time":"2024-06-12T08:25:28+00:00","og_image":[{"url":"https:\/\/ayader.com\/wp-content\/uploads\/2022\/02\/logo-digitalizadores-1024x119.jpg"}],"twitter_card":"summary","twitter_misc":{"Tiempo de lectura":"1 minuto"},"schema":{"@context":"https:\/\/schema.org","@graph":[{"@type":"WebSite","@id":"https:\/\/ayader.com\/#website","url":"https:\/\/ayader.com\/","name":"Ayader - Soluciones Tecnol\u00f3gicas para empresas","description":"Ayader es una empresa volcada en ofrecer a nuestros clientes soluciones tecnol\u00f3gicas que les permitan ser m\u00e1s productivos en sus negocios.","potentialAction":[{"@type":"SearchAction","target":{"@type":"EntryPoint","urlTemplate":"https:\/\/ayader.com\/?s={search_term_string}"},"query-input":"required name=search_term_string"}],"inLanguage":"es"},{"@type":"ImageObject","@id":"https:\/\/ayader.com\/index.php\/comercio-electronico\/#primaryimage","inLanguage":"es","url":"https:\/\/ayader.com\/wp-content\/uploads\/2022\/02\/logo-digitalizadores.jpg","contentUrl":"https:\/\/ayader.com\/wp-content\/uploads\/2022\/02\/logo-digitalizadores.jpg","width":1920,"height":223},{"@type":"WebPage","@id":"https:\/\/ayader.com\/index.php\/comercio-electronico\/#webpage","url":"https:\/\/ayader.com\/index.php\/comercio-electronico\/","name":"Comercio Electr\u00f3nico - Ayader - Soluciones Tecnol\u00f3gicas para empresas","isPartOf":{"@id":"https:\/\/ayader.com\/#website"},"primaryImageOfPage":{"@id":"https:\/\/ayader.com\/index.php\/comercio-electronico\/#primaryimage"},"datePublished":"2022-02-11T09:09:30+00:00","dateModified":"2024-06-12T08:25:28+00:00","breadcrumb":{"@id":"https:\/\/ayader.com\/index.php\/comercio-electronico\/#breadcrumb"},"inLanguage":"es","potentialAction":[{"@type":"ReadAction","target":["https:\/\/ayader.com\/index.php\/comercio-electronico\/"]}]},{"@type":"BreadcrumbList","@id":"https:\/\/ayader.com\/index.php\/comercio-electronico\/#breadcrumb","itemListElement":[{"@type":"ListItem","position":1,"name":"Portada","item":"https:\/\/ayader.com\/"},{"@type":"ListItem","position":2,"name":"Comercio Electr\u00f3nico"}]}]}},"_links":{"self":[{"href":"https:\/\/ayader.com\/index.php\/wp-json\/wp\/v2\/pages\/1654","targetHints":{"allow":["GET"]}}],"collection":[{"href":"https:\/\/ayader.com\/index.php\/wp-json\/wp\/v2\/pages"}],"about":[{"href":"https:\/\/ayader.com\/index.php\/wp-json\/wp\/v2\/types\/page"}],"author":[{"embeddable":true,"href":"https:\/\/ayader.com\/index.php\/wp-json\/wp\/v2\/users\/1"}],"replies":[{"embeddable":true,"href":"https:\/\/ayader.com\/index.php\/wp-json\/wp\/v2\/comments?post=1654"}],"version-history":[{"count":8,"href":"https:\/\/ayader.com\/index.php\/wp-json\/wp\/v2\/pages\/1654\/revisions"}],"predecessor-version":[{"id":2012,"href":"https:\/\/ayader.com\/index.php\/wp-json\/wp\/v2\/pages\/1654\/revisions\/2012"}],"wp:attachment":[{"href":"https:\/\/ayader.com\/index.php\/wp-json\/wp\/v2\/media?parent=1654"}],"curies":[{"name":"wp","href":"https:\/\/api.w.org\/{rel}","templated":true}]}}