{"id":1643,"date":"2022-02-11T08:45:57","date_gmt":"2022-02-11T08:45:57","guid":{"rendered":"https:\/\/ayader.com\/?page_id=1643"},"modified":"2022-03-21T17:04:22","modified_gmt":"2022-03-21T17:04:22","slug":"sitio-web-presencia-internet","status":"publish","type":"page","link":"https:\/\/ayader.com\/index.php\/sitio-web-presencia-internet\/","title":{"rendered":"Sitio Web y Presencia en Internet"},"content":{"rendered":"\n<figure class=\"wp-block-image\"><img loading=\"lazy\" decoding=\"async\" width=\"1024\" height=\"119\" src=\"https:\/\/ayader.com\/wp-content\/uploads\/2022\/02\/logo-digitalizadores-1024x119.jpg\" alt=\"\" class=\"wp-image-1639\" srcset=\"https:\/\/ayader.com\/wp-content\/uploads\/2022\/02\/logo-digitalizadores-1024x119.jpg 1024w, https:\/\/ayader.com\/wp-content\/uploads\/2022\/02\/logo-digitalizadores-300x35.jpg 300w, https:\/\/ayader.com\/wp-content\/uploads\/2022\/02\/logo-digitalizadores-768x89.jpg 768w, https:\/\/ayader.com\/wp-content\/uploads\/2022\/02\/logo-digitalizadores-830x96.jpg 830w, https:\/\/ayader.com\/wp-content\/uploads\/2022\/02\/logo-digitalizadores-230x27.jpg 230w, https:\/\/ayader.com\/wp-content\/uploads\/2022\/02\/logo-digitalizadores-350x41.jpg 350w, https:\/\/ayader.com\/wp-content\/uploads\/2022\/02\/logo-digitalizadores-480x56.jpg 480w, https:\/\/ayader.com\/wp-content\/uploads\/2022\/02\/logo-digitalizadores.jpg 1920w\" sizes=\"auto, (max-width: 1024px) 100vw, 1024px\" \/><\/figure>\n\n\n\n<p><span class=\"tadv-format-panel\" style=\"color: #000000;\">El principal objetivo de esta categor\u00eda es que puedas tener una p\u00e1gina web para darte visibilidad en internet.<\/span><\/p>\n<div class=\"et_pb_column et_pb_column_1_3 et_pb_column_23  et_pb_css_mix_blend_mode_passthrough\">\n<div class=\"et_pb_module et_pb_text et_pb_text_13  et_pb_text_align_left et_pb_bg_layout_light\">\n<div class=\"et_pb_text_inner\">&nbsp;<\/div>\n<\/div>\n<\/div>\n<div class=\"et_pb_column et_pb_column_1_3 et_pb_column_25  et_pb_css_mix_blend_mode_passthrough et-last-child\">\n<div class=\"et_pb_module et_pb_text et_pb_text_15  et_pb_text_align_left et_pb_bg_layout_light\">\n<div class=\"et_pb_text_inner\">\n<p><strong style=\"color: #000000;\">A partir de 500 + IVA mantenimiento no incluido<\/strong><\/p>\n<div>&nbsp;<\/div>\n<div><span class=\"tadv-color\" style=\"color: #000000;\">Con esta soluci\u00f3n podr\u00e1s tener digitalizado el flujo de emisi\u00f3n de las facturas a tus clientes.<\/span><\/div>\n<div class=\"col-12 col-sm-6 col-md-4 py-5 py-lg-0\">\n<div class=\"contenido-pf\">\n<div class=\"subtitulo\">&nbsp;<\/div>\n<\/div>\n<\/div>\n<div>&nbsp;<\/div>\n<ul>\n<li><span style=\"color: #000000;\"><strong>Web corporativa:<\/strong> Una web corporativa sencilla y distinta al resto har\u00e1 que, como un diamante, tu web brille y su complejidad no mate todas tus ventas como lo hacen la mayor\u00eda.<\/span><\/li>\n<li><span style=\"color: #000000;\"><strong>Tienda online:<\/strong> La raz\u00f3n por la que las tiendas online nuevas no venden todo lo que deber\u00edan es la misma por la que en la universidad no te ense\u00f1an a montar un negocio. Por eso no funcionan.<\/span><\/li>\n<li><span style=\"color: #000000;\"><strong>Redise\u00f1ar:<\/strong> Cambiar sin realizar cambios significativos haciendo que todo mejore. Lo antiguo a veces es mejor que lo nuevo pero necesitamos mejorar para no quedarnos atr\u00e1s.<\/span><\/li>\n<li><span style=\"color: #000000;\"><strong>Posicionamiento: <\/strong>Realizamos una p\u00e1gina web cuyo objetivo sea posicionar la web principal del cliente.<\/span><\/li>\n<\/ul>\n<\/div>\n<p><span style=\"color: #000000;\">Para otras funcionalidades solicita tu presupuesto a medida y sin compromiso.&nbsp;<\/span><\/p>\n<\/div>\n<\/div>\n\n\n\n<h4 class=\"wp-block-heading\"><u><strong>Funcionalidades y servicios<\/strong><\/u><\/h4>\n\n\n\n<ul class=\"wp-block-list\"><li><span style=\"color:#313131\" class=\"tadv-color\"> <\/span><strong><span style=\"color:#313131\" class=\"tadv-color\">Dominio<\/span><\/strong><span style=\"color:#313131\" class=\"tadv-color\">: Alta y vigencia de 1 a\u00f1o.&nbsp; <\/span><\/li><li><span style=\"color:#313131\" class=\"tadv-color\"> <\/span><strong><span style=\"color:#313131\" class=\"tadv-color\">Hosting<\/span><\/strong><span style=\"color:#313131\" class=\"tadv-color\">: Alojamiento de la p\u00e1gina WEB durante 12 meses.&nbsp; <\/span><\/li><li><span style=\"color:#313131\" class=\"tadv-color\"> <\/span><strong><span style=\"color:#313131\" class=\"tadv-color\">Dise\u00f1o de la p\u00e1gina web<\/span><\/strong><span style=\"color:#313131\" class=\"tadv-color\">: Un m\u00ednimo de 3 apartados o secciones como: p\u00e1gina de inicio (Landing Page), presentaci\u00f3n de la empresa, formulario de contacto, descripci\u00f3n de productos, datos de contacto, mapa del sitio (sitemap), etc. <\/span><\/li><li><span style=\"color:#313131\" class=\"tadv-color\"> <\/span><strong><span style=\"color:#313131\" class=\"tadv-color\">Web responsive<\/span><\/strong><span style=\"color:#313131\" class=\"tadv-color\">: Adaptada a cualquier tipo de dispositivo.&nbsp; <\/span><\/li><li><span style=\"color:#313131\" class=\"tadv-color\"> <\/span><strong><span style=\"color:#313131\" class=\"tadv-color\">Accesibilidad<\/span><\/strong><span style=\"color:#313131\" class=\"tadv-color\">: el dise\u00f1o de la web cumplir\u00e1 con los criterios de conformidad de nivel AA de las Pautas WCAG-2.1. <\/span><\/li><li><span style=\"color:#313131\" class=\"tadv-color\"> <\/span><strong><span style=\"color:#313131\" class=\"tadv-color\">Posicionamiento b\u00e1sico en internet<\/span><\/strong><span style=\"color:#313131\" class=\"tadv-color\">:&nbsp; La informaci\u00f3n de tu PYME ser\u00e1 indexable por los principales motores de b\u00fasqueda (On-Page).<\/span><\/li><li><span style=\"color:#313131\" class=\"tadv-color\"> <\/span><strong><span style=\"color:#313131\" class=\"tadv-color\">Autogestionable<\/span><\/strong><span style=\"color:#313131\" class=\"tadv-color\">: Plataforma de gesti\u00f3n de contenidos para que&nbsp; se pueda&nbsp; modificar los contenidos de la web sin necesidad de ayuda.<\/span><\/li><li><span style=\"color:#313131\" class=\"tadv-color\"> <\/span><strong><span style=\"color:#313131\" class=\"tadv-color\">Optimizaci\u00f3n de la presencia en buscadores (SEO b\u00e1sico)<\/span><\/strong><span style=\"color:#313131\" class=\"tadv-color\">: An\u00e1lisis de palabras clave, SEO On-Page de 2 p\u00e1ginas o apartados, indexaci\u00f3n y jerarquizaci\u00f3n del contenido.<\/span><\/li><\/ul>\n\n\n\n<h4 class=\"wp-block-heading\"> <strong>Segmento de beneficiario<\/strong><\/h4>\n\n\n\n<ul style=\"list-style-type: square;\">\n<li><span style=\"color: #000000;\">0 &lt; 3 empleados: 2.000\u20ac<\/span><\/li>\n<li><span style=\"color: #000000;\">3 &lt; 9 empleados: 2.000\u20ac<\/span><\/li>\n<li><span style=\"color: #000000;\">10 &lt; 50 empleados: 2.000\u20ac<\/span><\/li>\n<\/ul>\n<div>\u00a0<\/div>\n<div>\u00a0<\/div>\n<div>\u00a0<\/div>\n","protected":false},"excerpt":{"rendered":"<p>Funcionalidades y servicios Dominio: Alta y vigencia de 1 a\u00f1o.&nbsp; Hosting: Alojamiento [&hellip;]<\/p>\n","protected":false},"author":1,"featured_media":0,"parent":0,"menu_order":0,"comment_status":"closed","ping_status":"closed","template":"","meta":{"footnotes":""},"class_list":["post-1643","page","type-page","status-publish","hentry"],"yoast_head":"<!-- This site is optimized with the Yoast SEO plugin v18.2 - https:\/\/yoast.com\/wordpress\/plugins\/seo\/ -->\n<title>Sitio Web y Presencia en Internet - Ayader - Soluciones Tecnol\u00f3gicas para empresas<\/title>\n<meta name=\"robots\" content=\"index, follow, max-snippet:-1, max-image-preview:large, max-video-preview:-1\" \/>\n<link rel=\"canonical\" href=\"https:\/\/ayader.com\/index.php\/sitio-web-presencia-internet\/\" \/>\n<meta property=\"og:locale\" content=\"es_ES\" \/>\n<meta property=\"og:type\" content=\"article\" \/>\n<meta property=\"og:title\" content=\"Sitio Web y Presencia en Internet - Ayader - Soluciones Tecnol\u00f3gicas para empresas\" \/>\n<meta property=\"og:description\" content=\"Funcionalidades y servicios Dominio: Alta y vigencia de 1 a\u00f1o.&nbsp; Hosting: Alojamiento [&hellip;]\" \/>\n<meta property=\"og:url\" content=\"https:\/\/ayader.com\/index.php\/sitio-web-presencia-internet\/\" \/>\n<meta property=\"og:site_name\" content=\"Ayader - Soluciones Tecnol\u00f3gicas para empresas\" \/>\n<meta property=\"article:modified_time\" content=\"2022-03-21T17:04:22+00:00\" \/>\n<meta property=\"og:image\" content=\"https:\/\/ayader.com\/wp-content\/uploads\/2022\/02\/logo-digitalizadores-1024x119.jpg\" \/>\n<meta name=\"twitter:card\" content=\"summary\" \/>\n<meta name=\"twitter:label1\" content=\"Tiempo de lectura\" \/>\n\t<meta name=\"twitter:data1\" content=\"2 minutos\" \/>\n<script type=\"application\/ld+json\" class=\"yoast-schema-graph\">{\"@context\":\"https:\/\/schema.org\",\"@graph\":[{\"@type\":\"WebSite\",\"@id\":\"https:\/\/ayader.com\/#website\",\"url\":\"https:\/\/ayader.com\/\",\"name\":\"Ayader - Soluciones Tecnol\u00f3gicas para empresas\",\"description\":\"Ayader es una empresa volcada en ofrecer a nuestros clientes soluciones tecnol\u00f3gicas que les permitan ser m\u00e1s productivos en sus negocios.\",\"potentialAction\":[{\"@type\":\"SearchAction\",\"target\":{\"@type\":\"EntryPoint\",\"urlTemplate\":\"https:\/\/ayader.com\/?s={search_term_string}\"},\"query-input\":\"required name=search_term_string\"}],\"inLanguage\":\"es\"},{\"@type\":\"ImageObject\",\"@id\":\"https:\/\/ayader.com\/index.php\/sitio-web-presencia-internet\/#primaryimage\",\"inLanguage\":\"es\",\"url\":\"https:\/\/ayader.com\/wp-content\/uploads\/2022\/02\/logo-digitalizadores.jpg\",\"contentUrl\":\"https:\/\/ayader.com\/wp-content\/uploads\/2022\/02\/logo-digitalizadores.jpg\",\"width\":1920,\"height\":223},{\"@type\":\"WebPage\",\"@id\":\"https:\/\/ayader.com\/index.php\/sitio-web-presencia-internet\/#webpage\",\"url\":\"https:\/\/ayader.com\/index.php\/sitio-web-presencia-internet\/\",\"name\":\"Sitio Web y Presencia en Internet - Ayader - Soluciones Tecnol\u00f3gicas para empresas\",\"isPartOf\":{\"@id\":\"https:\/\/ayader.com\/#website\"},\"primaryImageOfPage\":{\"@id\":\"https:\/\/ayader.com\/index.php\/sitio-web-presencia-internet\/#primaryimage\"},\"datePublished\":\"2022-02-11T08:45:57+00:00\",\"dateModified\":\"2022-03-21T17:04:22+00:00\",\"breadcrumb\":{\"@id\":\"https:\/\/ayader.com\/index.php\/sitio-web-presencia-internet\/#breadcrumb\"},\"inLanguage\":\"es\",\"potentialAction\":[{\"@type\":\"ReadAction\",\"target\":[\"https:\/\/ayader.com\/index.php\/sitio-web-presencia-internet\/\"]}]},{\"@type\":\"BreadcrumbList\",\"@id\":\"https:\/\/ayader.com\/index.php\/sitio-web-presencia-internet\/#breadcrumb\",\"itemListElement\":[{\"@type\":\"ListItem\",\"position\":1,\"name\":\"Portada\",\"item\":\"https:\/\/ayader.com\/\"},{\"@type\":\"ListItem\",\"position\":2,\"name\":\"Sitio Web y Presencia en Internet\"}]}]}<\/script>\n<!-- \/ Yoast SEO plugin. -->","yoast_head_json":{"title":"Sitio Web y Presencia en Internet - Ayader - Soluciones Tecnol\u00f3gicas para empresas","robots":{"index":"index","follow":"follow","max-snippet":"max-snippet:-1","max-image-preview":"max-image-preview:large","max-video-preview":"max-video-preview:-1"},"canonical":"https:\/\/ayader.com\/index.php\/sitio-web-presencia-internet\/","og_locale":"es_ES","og_type":"article","og_title":"Sitio Web y Presencia en Internet - Ayader - Soluciones Tecnol\u00f3gicas para empresas","og_description":"Funcionalidades y servicios Dominio: Alta y vigencia de 1 a\u00f1o.&nbsp; Hosting: Alojamiento [&hellip;]","og_url":"https:\/\/ayader.com\/index.php\/sitio-web-presencia-internet\/","og_site_name":"Ayader - Soluciones Tecnol\u00f3gicas para empresas","article_modified_time":"2022-03-21T17:04:22+00:00","og_image":[{"url":"https:\/\/ayader.com\/wp-content\/uploads\/2022\/02\/logo-digitalizadores-1024x119.jpg"}],"twitter_card":"summary","twitter_misc":{"Tiempo de lectura":"2 minutos"},"schema":{"@context":"https:\/\/schema.org","@graph":[{"@type":"WebSite","@id":"https:\/\/ayader.com\/#website","url":"https:\/\/ayader.com\/","name":"Ayader - Soluciones Tecnol\u00f3gicas para empresas","description":"Ayader es una empresa volcada en ofrecer a nuestros clientes soluciones tecnol\u00f3gicas que les permitan ser m\u00e1s productivos en sus negocios.","potentialAction":[{"@type":"SearchAction","target":{"@type":"EntryPoint","urlTemplate":"https:\/\/ayader.com\/?s={search_term_string}"},"query-input":"required name=search_term_string"}],"inLanguage":"es"},{"@type":"ImageObject","@id":"https:\/\/ayader.com\/index.php\/sitio-web-presencia-internet\/#primaryimage","inLanguage":"es","url":"https:\/\/ayader.com\/wp-content\/uploads\/2022\/02\/logo-digitalizadores.jpg","contentUrl":"https:\/\/ayader.com\/wp-content\/uploads\/2022\/02\/logo-digitalizadores.jpg","width":1920,"height":223},{"@type":"WebPage","@id":"https:\/\/ayader.com\/index.php\/sitio-web-presencia-internet\/#webpage","url":"https:\/\/ayader.com\/index.php\/sitio-web-presencia-internet\/","name":"Sitio Web y Presencia en Internet - Ayader - Soluciones Tecnol\u00f3gicas para empresas","isPartOf":{"@id":"https:\/\/ayader.com\/#website"},"primaryImageOfPage":{"@id":"https:\/\/ayader.com\/index.php\/sitio-web-presencia-internet\/#primaryimage"},"datePublished":"2022-02-11T08:45:57+00:00","dateModified":"2022-03-21T17:04:22+00:00","breadcrumb":{"@id":"https:\/\/ayader.com\/index.php\/sitio-web-presencia-internet\/#breadcrumb"},"inLanguage":"es","potentialAction":[{"@type":"ReadAction","target":["https:\/\/ayader.com\/index.php\/sitio-web-presencia-internet\/"]}]},{"@type":"BreadcrumbList","@id":"https:\/\/ayader.com\/index.php\/sitio-web-presencia-internet\/#breadcrumb","itemListElement":[{"@type":"ListItem","position":1,"name":"Portada","item":"https:\/\/ayader.com\/"},{"@type":"ListItem","position":2,"name":"Sitio Web y Presencia en Internet"}]}]}},"_links":{"self":[{"href":"https:\/\/ayader.com\/index.php\/wp-json\/wp\/v2\/pages\/1643","targetHints":{"allow":["GET"]}}],"collection":[{"href":"https:\/\/ayader.com\/index.php\/wp-json\/wp\/v2\/pages"}],"about":[{"href":"https:\/\/ayader.com\/index.php\/wp-json\/wp\/v2\/types\/page"}],"author":[{"embeddable":true,"href":"https:\/\/ayader.com\/index.php\/wp-json\/wp\/v2\/users\/1"}],"replies":[{"embeddable":true,"href":"https:\/\/ayader.com\/index.php\/wp-json\/wp\/v2\/comments?post=1643"}],"version-history":[{"count":14,"href":"https:\/\/ayader.com\/index.php\/wp-json\/wp\/v2\/pages\/1643\/revisions"}],"predecessor-version":[{"id":1796,"href":"https:\/\/ayader.com\/index.php\/wp-json\/wp\/v2\/pages\/1643\/revisions\/1796"}],"wp:attachment":[{"href":"https:\/\/ayader.com\/index.php\/wp-json\/wp\/v2\/media?parent=1643"}],"curies":[{"name":"wp","href":"https:\/\/api.w.org\/{rel}","templated":true}]}}