{"id":1635,"date":"2022-02-11T08:54:22","date_gmt":"2022-02-11T08:54:22","guid":{"rendered":"https:\/\/ayader.com\/?page_id=1635"},"modified":"2024-05-15T09:01:28","modified_gmt":"2024-05-15T09:01:28","slug":"kit-digital","status":"publish","type":"page","link":"https:\/\/ayader.com\/index.php\/kit-digital\/","title":{"rendered":""},"content":{"rendered":"\n<figure class=\"wp-block-image\"><img decoding=\"async\" src=\"https:\/\/ayader.com\/wp-content\/uploads\/2022\/02\/logo-kit-digital-2.png\" alt=\"\" class=\"wp-image-1636\"\/><\/figure>\n\n\n\n<p><span style=\"color: #000000;\">Si cumples con las condiciones establecidas en las bases de la convocatoria de la ayuda del Kit Digital, podr\u00e1s disponer de un bono digital que te permitir\u00e1 acceder a las soluciones de digitalizaci\u00f3n.<\/span><\/p>\n<p><span style=\"color: #000000;\">El importe m\u00e1ximo se detalla en la tabla, y depender\u00e1 del tama\u00f1o de tu empresa:<\/span><\/p>\n\n\n\n<figure class=\"wp-block-table is-style-stripes\"><table><tbody><tr><td><span style=\"color:#313131\" class=\"tadv-color\"> <\/span><strong><span style=\"color:#313131\" class=\"tadv-color\">Segmentos de beneficiarios<\/span><\/strong><span style=\"color:#313131\" class=\"tadv-color\"> <\/span><\/td><td><span style=\"color:#313131\" class=\"tadv-color\"> <\/span><strong><span style=\"color:#313131\" class=\"tadv-color\">Importe Bono <\/span><\/strong><span style=\"color:#313131\" class=\"tadv-color\">   <\/span><strong><span style=\"color:#313131\" class=\"tadv-color\">Digital<\/span><\/strong><span style=\"color:#313131\" class=\"tadv-color\"> <\/span><\/td><\/tr><tr><td> Segmento I. Peque\u00f1as empresas de entre 10 y menos de 50 empleados <\/td><td> 12.000 \u20ac <\/td><\/tr><tr><td> Segmento II. Peque\u00f1as empresas o Microempresas de entre 3 y menos de 10 empleados<\/td><td> 6.000 \u20ac<\/td><\/tr><tr><td> Segmento III. Peque\u00f1as empresas o Microempresas de entre 1 y menos de 3 empleados y          personas en situaci\u00f3n de autoempleo.<\/td><td> 3.000 \u20ac<\/td><\/tr><\/tbody><\/table><\/figure>\n\n\n\n<hr class=\"wp-block-separator has-css-opacity is-style-wide\"\/>\n\n\n\n<p><span style=\"color: #000000;\">Lo primero que has de hacer es darte de alta como aut\u00f3nomo o Pyme y luego has de hacer una prueba de \u201cdiagnostico digital\u201d que te dar\u00e1 una visi\u00f3n muy clara de las \u00e1reas donde debes mejorar. Con este informe podr\u00e1s escoger las soluciones digitalizadoras que mejor se adapten a tu negocio.<\/span><\/p>\n<p><span style=\"color: #000000;\">Aqu\u00ed tienes el enlace para darte de alta y ampliar toda la informaci\u00f3n que necesites:<\/span><\/p>\n<p><a href=\"https:\/\/acelerapyme.es\/kit-digital\" target=\"_blank\" rel=\"noopener noreferrer\">https:\/\/acelerapyme.es\/kit-digital<\/a><\/p>\n<p><span style=\"color: #000000;\">En la secci\u00f3n de \u00abCategor\u00edas de soluciones digitales\u00bb podr\u00e1s consultar en qu\u00e9 consiste cada una y el importe de la ayuda concedida para cada soluci\u00f3n. \u00a1Selecciona aquellas que necesites!<\/span><\/p>\n\n\n\n<h4 class=\"wp-block-heading\"> <strong><u>Categor\u00edas de soluciones digitales<\/u><\/strong><\/h4>\n\n\n\n<ul class=\"wp-block-list\">\n<li><span style=\"color:#313131\" class=\"tadv-color\"><a href=\"https:\/\/ayader.com\/index.php\/sitio-web-presencia-internet\/\"> Sitio Web y Presencia en Internet<\/a><\/span><\/li>\n\n\n\n<li><span style=\"color:#313131\" class=\"tadv-color\"><a href=\"https:\/\/ayader.com\/index.php\/comercio-electronico\/\">Comercio Electr\u00f3nico<\/a><\/span><\/li>\n\n\n\n<li><span style=\"color:#313131\" class=\"tadv-color\"><a href=\"https:\/\/ayader.com\/index.php\/gestion-de-redes-sociales\/\">Gesti\u00f3n de Redes Sociales<\/a><\/span><\/li>\n\n\n\n<li><span style=\"color:#313131\" class=\"tadv-color\"><a href=\"https:\/\/ayader.com\/index.php\/gestion-de-clientes\/\">Gesti\u00f3n de Clientes<\/a><\/span><\/li>\n\n\n\n<li><span style=\"color:#313131\" class=\"tadv-color\"><a href=\"https:\/\/ayader.com\/index.php\/business-intelligence-y-analitica\/\"> Business Intelligence y Anal\u00edtica <\/a><\/span><\/li>\n\n\n\n<li><span style=\"color:#313131\" class=\"tadv-color\"><a href=\"https:\/\/ayader.com\/index.php\/gestion-de-procesos\/\">Gesti\u00f3n de procesos<\/a><\/span><\/li>\n\n\n\n<li><span style=\"color:#313131\" class=\"tadv-color\"><a href=\"https:\/\/ayader.com\/index.php\/servicios-y-herramientas-de-oficina-virtual\/\"> Servicios y herramientas de Oficina Virtual<\/a><\/span><\/li>\n\n\n\n<li><span style=\"color:#313131\" class=\"tadv-color\"><a href=\"https:\/\/ayader.com\/index.php\/comunicaciones-seguras\/\">Comunicaciones Seguras<\/a><\/span><\/li>\n\n\n\n<li><span style=\"color:#313131\" class=\"tadv-color\"><a href=\"https:\/\/ayader.com\/index.php\/factura-electronica\/\">Facturaci\u00f3n Electr\u00f3nica<\/a><\/span><\/li>\n\n\n\n<li><span class=\"tadv-color\" style=\"color:#313131\"><a href=\"https:\/\/ayader.com\/index.php\/ciberseguridad\/\">Ciberseguridad<\/a><\/span><\/li>\n\n\n\n<li><a href=\"https:\/ayader.com\/index.php\/puesto-de-trabajo-seguro\">Puesto de trabajo seguro<\/a><\/li>\n<\/ul>\n\n\n\n<figure class=\"wp-block-image\"><img loading=\"lazy\" decoding=\"async\" width=\"1024\" height=\"119\" src=\"https:\/\/ayader.com\/wp-content\/uploads\/2022\/02\/logo-digitalizadores-1024x119.jpg\" alt=\"\" class=\"wp-image-1639\" srcset=\"https:\/\/ayader.com\/wp-content\/uploads\/2022\/02\/logo-digitalizadores-1024x119.jpg 1024w, https:\/\/ayader.com\/wp-content\/uploads\/2022\/02\/logo-digitalizadores-300x35.jpg 300w, https:\/\/ayader.com\/wp-content\/uploads\/2022\/02\/logo-digitalizadores-768x89.jpg 768w, https:\/\/ayader.com\/wp-content\/uploads\/2022\/02\/logo-digitalizadores-830x96.jpg 830w, https:\/\/ayader.com\/wp-content\/uploads\/2022\/02\/logo-digitalizadores-230x27.jpg 230w, https:\/\/ayader.com\/wp-content\/uploads\/2022\/02\/logo-digitalizadores-350x41.jpg 350w, https:\/\/ayader.com\/wp-content\/uploads\/2022\/02\/logo-digitalizadores-480x56.jpg 480w, https:\/\/ayader.com\/wp-content\/uploads\/2022\/02\/logo-digitalizadores.jpg 1920w\" sizes=\"auto, (max-width: 1024px) 100vw, 1024px\" \/><\/figure>\n","protected":false},"excerpt":{"rendered":"<p>Segmentos de beneficiarios Importe Bono Digital Segmento I. Peque\u00f1as empresas de entre [&hellip;]<\/p>\n","protected":false},"author":1,"featured_media":0,"parent":0,"menu_order":0,"comment_status":"closed","ping_status":"closed","template":"","meta":{"footnotes":""},"class_list":["post-1635","page","type-page","status-publish","hentry"],"yoast_head":"<!-- This site is optimized with the Yoast SEO plugin v18.2 - https:\/\/yoast.com\/wordpress\/plugins\/seo\/ -->\n<title>- Ayader - Soluciones Tecnol\u00f3gicas para empresas<\/title>\n<meta name=\"robots\" content=\"index, follow, max-snippet:-1, max-image-preview:large, max-video-preview:-1\" \/>\n<link rel=\"canonical\" href=\"https:\/\/ayader.com\/index.php\/kit-digital\/\" \/>\n<meta property=\"og:locale\" content=\"es_ES\" \/>\n<meta property=\"og:type\" content=\"article\" \/>\n<meta property=\"og:title\" content=\"- Ayader - Soluciones Tecnol\u00f3gicas para empresas\" \/>\n<meta property=\"og:description\" content=\"Segmentos de beneficiarios Importe Bono Digital Segmento I. Peque\u00f1as empresas de entre [&hellip;]\" \/>\n<meta property=\"og:url\" content=\"https:\/\/ayader.com\/index.php\/kit-digital\/\" \/>\n<meta property=\"og:site_name\" content=\"Ayader - Soluciones Tecnol\u00f3gicas para empresas\" \/>\n<meta property=\"article:modified_time\" content=\"2024-05-15T09:01:28+00:00\" \/>\n<meta property=\"og:image\" content=\"https:\/\/ayader.com\/wp-content\/uploads\/2022\/02\/logo-kit-digital-2.png\" \/>\n<meta name=\"twitter:card\" content=\"summary\" \/>\n<meta name=\"twitter:label1\" content=\"Tiempo de lectura\" \/>\n\t<meta name=\"twitter:data1\" content=\"1 minuto\" \/>\n<script type=\"application\/ld+json\" class=\"yoast-schema-graph\">{\"@context\":\"https:\/\/schema.org\",\"@graph\":[{\"@type\":\"WebSite\",\"@id\":\"https:\/\/ayader.com\/#website\",\"url\":\"https:\/\/ayader.com\/\",\"name\":\"Ayader - Soluciones Tecnol\u00f3gicas para empresas\",\"description\":\"Ayader es una empresa volcada en ofrecer a nuestros clientes soluciones tecnol\u00f3gicas que les permitan ser m\u00e1s productivos en sus negocios.\",\"potentialAction\":[{\"@type\":\"SearchAction\",\"target\":{\"@type\":\"EntryPoint\",\"urlTemplate\":\"https:\/\/ayader.com\/?s={search_term_string}\"},\"query-input\":\"required name=search_term_string\"}],\"inLanguage\":\"es\"},{\"@type\":\"ImageObject\",\"@id\":\"https:\/\/ayader.com\/index.php\/kit-digital\/#primaryimage\",\"inLanguage\":\"es\",\"url\":\"https:\/\/ayader.com\/wp-content\/uploads\/2022\/02\/logo-kit-digital-2.png\",\"contentUrl\":\"https:\/\/ayader.com\/wp-content\/uploads\/2022\/02\/logo-kit-digital-2.png\"},{\"@type\":\"WebPage\",\"@id\":\"https:\/\/ayader.com\/index.php\/kit-digital\/#webpage\",\"url\":\"https:\/\/ayader.com\/index.php\/kit-digital\/\",\"name\":\"- Ayader - Soluciones Tecnol\u00f3gicas para empresas\",\"isPartOf\":{\"@id\":\"https:\/\/ayader.com\/#website\"},\"primaryImageOfPage\":{\"@id\":\"https:\/\/ayader.com\/index.php\/kit-digital\/#primaryimage\"},\"datePublished\":\"2022-02-11T08:54:22+00:00\",\"dateModified\":\"2024-05-15T09:01:28+00:00\",\"breadcrumb\":{\"@id\":\"https:\/\/ayader.com\/index.php\/kit-digital\/#breadcrumb\"},\"inLanguage\":\"es\",\"potentialAction\":[{\"@type\":\"ReadAction\",\"target\":[\"https:\/\/ayader.com\/index.php\/kit-digital\/\"]}]},{\"@type\":\"BreadcrumbList\",\"@id\":\"https:\/\/ayader.com\/index.php\/kit-digital\/#breadcrumb\",\"itemListElement\":[{\"@type\":\"ListItem\",\"position\":1,\"name\":\"Portada\",\"item\":\"https:\/\/ayader.com\/\"},{\"@type\":\"ListItem\",\"position\":2,\"name\":\"\"}]}]}<\/script>\n<!-- \/ Yoast SEO plugin. -->","yoast_head_json":{"title":"- Ayader - Soluciones Tecnol\u00f3gicas para empresas","robots":{"index":"index","follow":"follow","max-snippet":"max-snippet:-1","max-image-preview":"max-image-preview:large","max-video-preview":"max-video-preview:-1"},"canonical":"https:\/\/ayader.com\/index.php\/kit-digital\/","og_locale":"es_ES","og_type":"article","og_title":"- Ayader - Soluciones Tecnol\u00f3gicas para empresas","og_description":"Segmentos de beneficiarios Importe Bono Digital Segmento I. Peque\u00f1as empresas de entre [&hellip;]","og_url":"https:\/\/ayader.com\/index.php\/kit-digital\/","og_site_name":"Ayader - Soluciones Tecnol\u00f3gicas para empresas","article_modified_time":"2024-05-15T09:01:28+00:00","og_image":[{"url":"https:\/\/ayader.com\/wp-content\/uploads\/2022\/02\/logo-kit-digital-2.png"}],"twitter_card":"summary","twitter_misc":{"Tiempo de lectura":"1 minuto"},"schema":{"@context":"https:\/\/schema.org","@graph":[{"@type":"WebSite","@id":"https:\/\/ayader.com\/#website","url":"https:\/\/ayader.com\/","name":"Ayader - Soluciones Tecnol\u00f3gicas para empresas","description":"Ayader es una empresa volcada en ofrecer a nuestros clientes soluciones tecnol\u00f3gicas que les permitan ser m\u00e1s productivos en sus negocios.","potentialAction":[{"@type":"SearchAction","target":{"@type":"EntryPoint","urlTemplate":"https:\/\/ayader.com\/?s={search_term_string}"},"query-input":"required name=search_term_string"}],"inLanguage":"es"},{"@type":"ImageObject","@id":"https:\/\/ayader.com\/index.php\/kit-digital\/#primaryimage","inLanguage":"es","url":"https:\/\/ayader.com\/wp-content\/uploads\/2022\/02\/logo-kit-digital-2.png","contentUrl":"https:\/\/ayader.com\/wp-content\/uploads\/2022\/02\/logo-kit-digital-2.png"},{"@type":"WebPage","@id":"https:\/\/ayader.com\/index.php\/kit-digital\/#webpage","url":"https:\/\/ayader.com\/index.php\/kit-digital\/","name":"- Ayader - Soluciones Tecnol\u00f3gicas para empresas","isPartOf":{"@id":"https:\/\/ayader.com\/#website"},"primaryImageOfPage":{"@id":"https:\/\/ayader.com\/index.php\/kit-digital\/#primaryimage"},"datePublished":"2022-02-11T08:54:22+00:00","dateModified":"2024-05-15T09:01:28+00:00","breadcrumb":{"@id":"https:\/\/ayader.com\/index.php\/kit-digital\/#breadcrumb"},"inLanguage":"es","potentialAction":[{"@type":"ReadAction","target":["https:\/\/ayader.com\/index.php\/kit-digital\/"]}]},{"@type":"BreadcrumbList","@id":"https:\/\/ayader.com\/index.php\/kit-digital\/#breadcrumb","itemListElement":[{"@type":"ListItem","position":1,"name":"Portada","item":"https:\/\/ayader.com\/"},{"@type":"ListItem","position":2,"name":""}]}]}},"_links":{"self":[{"href":"https:\/\/ayader.com\/index.php\/wp-json\/wp\/v2\/pages\/1635","targetHints":{"allow":["GET"]}}],"collection":[{"href":"https:\/\/ayader.com\/index.php\/wp-json\/wp\/v2\/pages"}],"about":[{"href":"https:\/\/ayader.com\/index.php\/wp-json\/wp\/v2\/types\/page"}],"author":[{"embeddable":true,"href":"https:\/\/ayader.com\/index.php\/wp-json\/wp\/v2\/users\/1"}],"replies":[{"embeddable":true,"href":"https:\/\/ayader.com\/index.php\/wp-json\/wp\/v2\/comments?post=1635"}],"version-history":[{"count":15,"href":"https:\/\/ayader.com\/index.php\/wp-json\/wp\/v2\/pages\/1635\/revisions"}],"predecessor-version":[{"id":1988,"href":"https:\/\/ayader.com\/index.php\/wp-json\/wp\/v2\/pages\/1635\/revisions\/1988"}],"wp:attachment":[{"href":"https:\/\/ayader.com\/index.php\/wp-json\/wp\/v2\/media?parent=1635"}],"curies":[{"name":"wp","href":"https:\/\/api.w.org\/{rel}","templated":true}]}}