{"id":1550,"date":"2019-10-24T21:17:42","date_gmt":"2019-10-24T21:17:42","guid":{"rendered":"http:\/\/ayader.com\/?page_id=1550"},"modified":"2019-10-24T23:29:26","modified_gmt":"2019-10-24T23:29:26","slug":"pcs-sobremesa","status":"publish","type":"page","link":"https:\/\/ayader.com\/index.php\/pcs-sobremesa\/","title":{"rendered":"PCS SOBREMESA"},"content":{"rendered":"\n<h4 class=\"wp-block-heading\"> Sobremesa <\/h4>\n\n\n\n<p style=\"text-align: justify;\"><span class=\"tadv-background-color\" style=\"background-color: #ffffff;\">El equipo que mereces est\u00e1 aqu\u00ed. Una selecci\u00f3n con los\u00a0<\/span><strong><span class=\"tadv-background-color\" style=\"background-color: #ffffff;\">mejores ordenadores de sobremesa<a href=\"http:\/\/ayader.com\/wp-content\/uploads\/2019\/10\/owlotech-evo-usb-3-0-1.jpg\"><img loading=\"lazy\" decoding=\"async\" class=\" wp-image-1598 alignright\" src=\"http:\/\/ayader.com\/wp-content\/uploads\/2019\/10\/owlotech-evo-usb-3-0-1.jpg\" alt=\"\" width=\"117\" height=\"118\" srcset=\"https:\/\/ayader.com\/wp-content\/uploads\/2019\/10\/owlotech-evo-usb-3-0-1.jpg 220w, https:\/\/ayader.com\/wp-content\/uploads\/2019\/10\/owlotech-evo-usb-3-0-1-150x150.jpg 150w\" sizes=\"auto, (max-width: 117px) 100vw, 117px\" \/><\/a><\/span><\/strong><span class=\"tadv-background-color\" style=\"background-color: #ffffff;\">\u00a0que puedes encontrar en el mercado. Los tienes todos en Ayader. Los mejores componentes:\u00a0<\/span><em><span class=\"tadv-background-color\" style=\"background-color: #ffffff;\">Tarjetas gr\u00e1ficas<\/span><\/em><span class=\"tadv-background-color\" style=\"background-color: #ffffff;\">,\u00a0<\/span><em><span class=\"tadv-background-color\" style=\"background-color: #ffffff;\">procesadores<\/span><\/em><span class=\"tadv-background-color\" style=\"background-color: #ffffff;\">,\u00a0<\/span><em><span class=\"tadv-background-color\" style=\"background-color: #ffffff;\">memorias ram<\/span><\/em><span class=\"tadv-background-color\" style=\"background-color: #ffffff;\">&#8230; El pc de tus sue\u00f1os est\u00e1 aqu\u00ed, no esperes m\u00e1s y elige el tuyo.<br \/><\/span><\/p>\n\n\n\n<h4 class=\"wp-block-heading\">Mini Pcs<\/h4>\n\n\n\n<p style=\"text-align: justify;\">El Mini PC es un mini ordenador que se adapta perfectamente a todo tipo de usuarios que requieran <a href=\"http:\/\/ayader.com\/wp-content\/uploads\/2019\/10\/Mini-PCs-Intel-NUC1-e1455536468663-590x411.jpg\"><img loading=\"lazy\" decoding=\"async\" class=\" wp-image-1600 alignright\" src=\"http:\/\/ayader.com\/wp-content\/uploads\/2019\/10\/Mini-PCs-Intel-NUC1-e1455536468663-590x411-300x209.jpg\" alt=\"\" width=\"161\" height=\"112\" srcset=\"https:\/\/ayader.com\/wp-content\/uploads\/2019\/10\/Mini-PCs-Intel-NUC1-e1455536468663-590x411-300x209.jpg 300w, https:\/\/ayader.com\/wp-content\/uploads\/2019\/10\/Mini-PCs-Intel-NUC1-e1455536468663-590x411-230x160.jpg 230w, https:\/\/ayader.com\/wp-content\/uploads\/2019\/10\/Mini-PCs-Intel-NUC1-e1455536468663-590x411-350x244.jpg 350w, https:\/\/ayader.com\/wp-content\/uploads\/2019\/10\/Mini-PCs-Intel-NUC1-e1455536468663-590x411-480x334.jpg 480w, https:\/\/ayader.com\/wp-content\/uploads\/2019\/10\/Mini-PCs-Intel-NUC1-e1455536468663-590x411.jpg 590w\" sizes=\"auto, (max-width: 161px) 100vw, 161px\" \/><\/a>disponer de un micro PC ligero, potente y vers\u00e1til. En Ayader encontrar\u00e1s tanto Mini PC Android como Mini PC Windows configurables y preconfigurados. Elige entre marcas como MSI Cubi, Asus, Rikomagic o los Mac Mini de Apple y aprovecha nuestros fant\u00e1sticos precios para comprar el mejor miniPC del mercado.<\/p>\n\n\n\n<h4 class=\"wp-block-heading\">Ordenadores All in One<\/h4>\n\n\n\n<p>En Ayader dispones de una gran variedad de All in one, los ordenadores Todo en Uno que necesitas para el <a href=\"http:\/\/ayader.com\/wp-content\/uploads\/2019\/10\/c06134861_1750x1285.jpg\"><img loading=\"lazy\" decoding=\"async\" class=\" wp-image-1603 alignright\" src=\"http:\/\/ayader.com\/wp-content\/uploads\/2019\/10\/c06134861_1750x1285-300x220.jpg\" alt=\"\" width=\"226\" height=\"166\" srcset=\"https:\/\/ayader.com\/wp-content\/uploads\/2019\/10\/c06134861_1750x1285-300x220.jpg 300w, https:\/\/ayader.com\/wp-content\/uploads\/2019\/10\/c06134861_1750x1285-768x564.jpg 768w, https:\/\/ayader.com\/wp-content\/uploads\/2019\/10\/c06134861_1750x1285-1024x752.jpg 1024w, https:\/\/ayader.com\/wp-content\/uploads\/2019\/10\/c06134861_1750x1285-830x609.jpg 830w, https:\/\/ayader.com\/wp-content\/uploads\/2019\/10\/c06134861_1750x1285-230x169.jpg 230w, https:\/\/ayader.com\/wp-content\/uploads\/2019\/10\/c06134861_1750x1285-350x257.jpg 350w, https:\/\/ayader.com\/wp-content\/uploads\/2019\/10\/c06134861_1750x1285-480x352.jpg 480w, https:\/\/ayader.com\/wp-content\/uploads\/2019\/10\/c06134861_1750x1285.jpg 1750w\" sizes=\"auto, (max-width: 226px) 100vw, 226px\" \/><\/a>ocio y el negocio. Los ordenadores All in One son vers\u00e1tiles, con un atractivo y reducido dise\u00f1o que se adapta a cualquier escritorio. En nuestra tienda online podr\u00e1s comprar tu Todo en Uno de las mejores marcas: Acer, Apple, Asus, HP al mejor precio. No son solo ordenadores, pueden ofrecer caracter\u00edsticas propias de un smart TV o informatizas a la \u00faltima tu negocio con un sencillo y equipado TPV.<\/p>\n\n\n\n<h4 class=\"wp-block-heading\">Barebones<\/h4>\n\n\n\n<p style=\"text-align: justify;\">Los barebones son ordenadores preconfigurados con una selecci\u00f3n b\u00e1sica de componentes,<a href=\"http:\/\/ayader.com\/wp-content\/uploads\/2019\/10\/Shuttle_SN41G2.jpg\"><img loading=\"lazy\" decoding=\"async\" class=\" wp-image-1605 alignright\" src=\"http:\/\/ayader.com\/wp-content\/uploads\/2019\/10\/Shuttle_SN41G2-300x293.jpg\" alt=\"\" width=\"156\" height=\"152\" srcset=\"https:\/\/ayader.com\/wp-content\/uploads\/2019\/10\/Shuttle_SN41G2-300x293.jpg 300w, https:\/\/ayader.com\/wp-content\/uploads\/2019\/10\/Shuttle_SN41G2-768x751.jpg 768w, https:\/\/ayader.com\/wp-content\/uploads\/2019\/10\/Shuttle_SN41G2.jpg 1024w, https:\/\/ayader.com\/wp-content\/uploads\/2019\/10\/Shuttle_SN41G2-830x811.jpg 830w, https:\/\/ayader.com\/wp-content\/uploads\/2019\/10\/Shuttle_SN41G2-230x225.jpg 230w, https:\/\/ayader.com\/wp-content\/uploads\/2019\/10\/Shuttle_SN41G2-350x342.jpg 350w, https:\/\/ayader.com\/wp-content\/uploads\/2019\/10\/Shuttle_SN41G2-480x469.jpg 480w\" sizes=\"auto, (max-width: 156px) 100vw, 156px\" \/><\/a> principalmente placa base y fuente de alimentaci\u00f3n, que sirven de base para configurar un ordenador completo. En el cat\u00e1logo de Ayader encontrar\u00e1s una amplia variedad de tipos de barebones enfocados a distintos productos finales: ordenadores de sobremesa, servidores, centros multimedia, etc.<\/p>\n\n\n\n<h4 class=\"wp-block-heading\">Servidores<\/h4>\n\n\n\n<p style=\"text-align: justify;\">Nuestra selecci\u00f3n de servidores est\u00e1 enfocada a Pymes y freelance que desean ofrecer un servicio o cubrir <a href=\"http:\/\/ayader.com\/wp-content\/uploads\/2019\/10\/enterprise-server-poweredge-dellemc-per540-mgmt-pdp-01.jpg\"><img loading=\"lazy\" decoding=\"async\" class=\" wp-image-1607 alignright\" src=\"http:\/\/ayader.com\/wp-content\/uploads\/2019\/10\/enterprise-server-poweredge-dellemc-per540-mgmt-pdp-01-300x163.jpg\" alt=\"\" width=\"245\" height=\"134\" srcset=\"https:\/\/ayader.com\/wp-content\/uploads\/2019\/10\/enterprise-server-poweredge-dellemc-per540-mgmt-pdp-01-300x163.jpg 300w, https:\/\/ayader.com\/wp-content\/uploads\/2019\/10\/enterprise-server-poweredge-dellemc-per540-mgmt-pdp-01-230x125.jpg 230w, https:\/\/ayader.com\/wp-content\/uploads\/2019\/10\/enterprise-server-poweredge-dellemc-per540-mgmt-pdp-01-350x190.jpg 350w, https:\/\/ayader.com\/wp-content\/uploads\/2019\/10\/enterprise-server-poweredge-dellemc-per540-mgmt-pdp-01.jpg 400w\" sizes=\"auto, (max-width: 245px) 100vw, 245px\" \/><\/a>las necesidades de su incipiente negocio. Tanto si deseas crecer como si las necesidades de tu empresa requieren de la compra de un servidor, en nuestro cat\u00e1logo encontrar\u00e1s un abanico de posibilidades que donde elegir aquel que cumpla con tus expectativas.<\/p>\n","protected":false},"excerpt":{"rendered":"<p>Sobremesa Mini Pcs Ordenadores All in One Barebones Servidores<\/p>\n","protected":false},"author":1,"featured_media":0,"parent":0,"menu_order":0,"comment_status":"closed","ping_status":"closed","template":"","meta":{"footnotes":""},"class_list":["post-1550","page","type-page","status-publish","hentry"],"yoast_head":"<!-- This site is optimized with the Yoast SEO plugin v18.2 - https:\/\/yoast.com\/wordpress\/plugins\/seo\/ -->\n<title>PCS SOBREMESA - Ayader - Soluciones Tecnol\u00f3gicas para empresas<\/title>\n<meta name=\"robots\" content=\"index, follow, max-snippet:-1, max-image-preview:large, max-video-preview:-1\" \/>\n<link rel=\"canonical\" href=\"https:\/\/ayader.com\/index.php\/pcs-sobremesa\/\" \/>\n<meta property=\"og:locale\" content=\"es_ES\" \/>\n<meta property=\"og:type\" content=\"article\" \/>\n<meta property=\"og:title\" content=\"PCS SOBREMESA - Ayader - Soluciones Tecnol\u00f3gicas para empresas\" \/>\n<meta property=\"og:description\" content=\"Sobremesa Mini Pcs Ordenadores All in One Barebones Servidores\" \/>\n<meta property=\"og:url\" content=\"https:\/\/ayader.com\/index.php\/pcs-sobremesa\/\" \/>\n<meta property=\"og:site_name\" content=\"Ayader - Soluciones Tecnol\u00f3gicas para empresas\" \/>\n<meta property=\"article:modified_time\" content=\"2019-10-24T23:29:26+00:00\" \/>\n<meta property=\"og:image\" content=\"http:\/\/ayader.com\/wp-content\/uploads\/2019\/10\/owlotech-evo-usb-3-0-1.jpg\" \/>\n<meta name=\"twitter:card\" content=\"summary\" \/>\n<meta name=\"twitter:label1\" content=\"Tiempo de lectura\" \/>\n\t<meta name=\"twitter:data1\" content=\"2 minutos\" \/>\n<script type=\"application\/ld+json\" class=\"yoast-schema-graph\">{\"@context\":\"https:\/\/schema.org\",\"@graph\":[{\"@type\":\"WebSite\",\"@id\":\"https:\/\/ayader.com\/#website\",\"url\":\"https:\/\/ayader.com\/\",\"name\":\"Ayader - Soluciones Tecnol\u00f3gicas para empresas\",\"description\":\"Ayader es una empresa volcada en ofrecer a nuestros clientes soluciones tecnol\u00f3gicas que les permitan ser m\u00e1s productivos en sus negocios.\",\"potentialAction\":[{\"@type\":\"SearchAction\",\"target\":{\"@type\":\"EntryPoint\",\"urlTemplate\":\"https:\/\/ayader.com\/?s={search_term_string}\"},\"query-input\":\"required name=search_term_string\"}],\"inLanguage\":\"es\"},{\"@type\":\"ImageObject\",\"@id\":\"https:\/\/ayader.com\/index.php\/pcs-sobremesa\/#primaryimage\",\"inLanguage\":\"es\",\"url\":\"http:\/\/ayader.com\/wp-content\/uploads\/2019\/10\/owlotech-evo-usb-3-0-1.jpg\",\"contentUrl\":\"http:\/\/ayader.com\/wp-content\/uploads\/2019\/10\/owlotech-evo-usb-3-0-1.jpg\"},{\"@type\":\"WebPage\",\"@id\":\"https:\/\/ayader.com\/index.php\/pcs-sobremesa\/#webpage\",\"url\":\"https:\/\/ayader.com\/index.php\/pcs-sobremesa\/\",\"name\":\"PCS SOBREMESA - Ayader - Soluciones Tecnol\u00f3gicas para empresas\",\"isPartOf\":{\"@id\":\"https:\/\/ayader.com\/#website\"},\"primaryImageOfPage\":{\"@id\":\"https:\/\/ayader.com\/index.php\/pcs-sobremesa\/#primaryimage\"},\"datePublished\":\"2019-10-24T21:17:42+00:00\",\"dateModified\":\"2019-10-24T23:29:26+00:00\",\"breadcrumb\":{\"@id\":\"https:\/\/ayader.com\/index.php\/pcs-sobremesa\/#breadcrumb\"},\"inLanguage\":\"es\",\"potentialAction\":[{\"@type\":\"ReadAction\",\"target\":[\"https:\/\/ayader.com\/index.php\/pcs-sobremesa\/\"]}]},{\"@type\":\"BreadcrumbList\",\"@id\":\"https:\/\/ayader.com\/index.php\/pcs-sobremesa\/#breadcrumb\",\"itemListElement\":[{\"@type\":\"ListItem\",\"position\":1,\"name\":\"Portada\",\"item\":\"https:\/\/ayader.com\/\"},{\"@type\":\"ListItem\",\"position\":2,\"name\":\"PCS SOBREMESA\"}]}]}<\/script>\n<!-- \/ Yoast SEO plugin. -->","yoast_head_json":{"title":"PCS SOBREMESA - Ayader - Soluciones Tecnol\u00f3gicas para empresas","robots":{"index":"index","follow":"follow","max-snippet":"max-snippet:-1","max-image-preview":"max-image-preview:large","max-video-preview":"max-video-preview:-1"},"canonical":"https:\/\/ayader.com\/index.php\/pcs-sobremesa\/","og_locale":"es_ES","og_type":"article","og_title":"PCS SOBREMESA - Ayader - Soluciones Tecnol\u00f3gicas para empresas","og_description":"Sobremesa Mini Pcs Ordenadores All in One Barebones Servidores","og_url":"https:\/\/ayader.com\/index.php\/pcs-sobremesa\/","og_site_name":"Ayader - Soluciones Tecnol\u00f3gicas para empresas","article_modified_time":"2019-10-24T23:29:26+00:00","og_image":[{"url":"http:\/\/ayader.com\/wp-content\/uploads\/2019\/10\/owlotech-evo-usb-3-0-1.jpg"}],"twitter_card":"summary","twitter_misc":{"Tiempo de lectura":"2 minutos"},"schema":{"@context":"https:\/\/schema.org","@graph":[{"@type":"WebSite","@id":"https:\/\/ayader.com\/#website","url":"https:\/\/ayader.com\/","name":"Ayader - Soluciones Tecnol\u00f3gicas para empresas","description":"Ayader es una empresa volcada en ofrecer a nuestros clientes soluciones tecnol\u00f3gicas que les permitan ser m\u00e1s productivos en sus negocios.","potentialAction":[{"@type":"SearchAction","target":{"@type":"EntryPoint","urlTemplate":"https:\/\/ayader.com\/?s={search_term_string}"},"query-input":"required name=search_term_string"}],"inLanguage":"es"},{"@type":"ImageObject","@id":"https:\/\/ayader.com\/index.php\/pcs-sobremesa\/#primaryimage","inLanguage":"es","url":"http:\/\/ayader.com\/wp-content\/uploads\/2019\/10\/owlotech-evo-usb-3-0-1.jpg","contentUrl":"http:\/\/ayader.com\/wp-content\/uploads\/2019\/10\/owlotech-evo-usb-3-0-1.jpg"},{"@type":"WebPage","@id":"https:\/\/ayader.com\/index.php\/pcs-sobremesa\/#webpage","url":"https:\/\/ayader.com\/index.php\/pcs-sobremesa\/","name":"PCS SOBREMESA - Ayader - Soluciones Tecnol\u00f3gicas para empresas","isPartOf":{"@id":"https:\/\/ayader.com\/#website"},"primaryImageOfPage":{"@id":"https:\/\/ayader.com\/index.php\/pcs-sobremesa\/#primaryimage"},"datePublished":"2019-10-24T21:17:42+00:00","dateModified":"2019-10-24T23:29:26+00:00","breadcrumb":{"@id":"https:\/\/ayader.com\/index.php\/pcs-sobremesa\/#breadcrumb"},"inLanguage":"es","potentialAction":[{"@type":"ReadAction","target":["https:\/\/ayader.com\/index.php\/pcs-sobremesa\/"]}]},{"@type":"BreadcrumbList","@id":"https:\/\/ayader.com\/index.php\/pcs-sobremesa\/#breadcrumb","itemListElement":[{"@type":"ListItem","position":1,"name":"Portada","item":"https:\/\/ayader.com\/"},{"@type":"ListItem","position":2,"name":"PCS SOBREMESA"}]}]}},"_links":{"self":[{"href":"https:\/\/ayader.com\/index.php\/wp-json\/wp\/v2\/pages\/1550","targetHints":{"allow":["GET"]}}],"collection":[{"href":"https:\/\/ayader.com\/index.php\/wp-json\/wp\/v2\/pages"}],"about":[{"href":"https:\/\/ayader.com\/index.php\/wp-json\/wp\/v2\/types\/page"}],"author":[{"embeddable":true,"href":"https:\/\/ayader.com\/index.php\/wp-json\/wp\/v2\/users\/1"}],"replies":[{"embeddable":true,"href":"https:\/\/ayader.com\/index.php\/wp-json\/wp\/v2\/comments?post=1550"}],"version-history":[{"count":7,"href":"https:\/\/ayader.com\/index.php\/wp-json\/wp\/v2\/pages\/1550\/revisions"}],"predecessor-version":[{"id":1608,"href":"https:\/\/ayader.com\/index.php\/wp-json\/wp\/v2\/pages\/1550\/revisions\/1608"}],"wp:attachment":[{"href":"https:\/\/ayader.com\/index.php\/wp-json\/wp\/v2\/media?parent=1550"}],"curies":[{"name":"wp","href":"https:\/\/api.w.org\/{rel}","templated":true}]}}