{"id":1115,"date":"2017-02-28T09:59:01","date_gmt":"2017-02-28T09:59:01","guid":{"rendered":"http:\/\/ayader.com\/?page_id=1115"},"modified":"2019-10-24T18:32:47","modified_gmt":"2019-10-24T18:32:47","slug":"controlhorario","status":"publish","type":"page","link":"https:\/\/ayader.com\/index.php\/controlhorario\/","title":{"rendered":"Control horario para empleados"},"content":{"rendered":"<p><a href=\"http:\/\/ayader.com\/wp-content\/uploads\/2017\/02\/controlhorario.png\"><img loading=\"lazy\" decoding=\"async\" class=\" wp-image-1116 alignleft\" src=\"http:\/\/ayader.com\/wp-content\/uploads\/2017\/02\/controlhorario-300x300.png\" alt=\"\" width=\"184\" height=\"184\" srcset=\"https:\/\/ayader.com\/wp-content\/uploads\/2017\/02\/controlhorario-300x300.png 300w, https:\/\/ayader.com\/wp-content\/uploads\/2017\/02\/controlhorario-150x150.png 150w, https:\/\/ayader.com\/wp-content\/uploads\/2017\/02\/controlhorario.png 500w\" sizes=\"auto, (max-width: 184px) 100vw, 184px\" \/><\/a><\/p>\n<ul>\n<li style=\"text-align: left;\">Sistema biom\u00e9trico de control de presencia<\/li>\n<li style=\"text-align: left;\">Lector de tarjetas RFID y teclado<\/li>\n<li style=\"text-align: left;\">Software de gesti\u00f3n horaria, creaci\u00f3n de turnos, multiempresa<\/li>\n<li style=\"text-align: left;\">Salida rel\u00e9 para entrada\/salida de tornos de acceso<\/li>\n<li style=\"text-align: left;\"><strong>Importe 599\u20ac + 21% de IVA,\u00a0instalaci\u00f3n y configuraci\u00f3n hasta\u00a050 empleados<\/strong><\/li>\n<\/ul>\n","protected":false},"excerpt":{"rendered":"<p>Sistema biom\u00e9trico de control de presencia Lector de tarjetas RFID y teclado [&hellip;]<\/p>\n","protected":false},"author":1,"featured_media":0,"parent":0,"menu_order":0,"comment_status":"closed","ping_status":"closed","template":"","meta":{"footnotes":""},"class_list":["post-1115","page","type-page","status-publish","hentry"],"yoast_head":"<!-- This site is optimized with the Yoast SEO plugin v18.2 - https:\/\/yoast.com\/wordpress\/plugins\/seo\/ -->\n<title>Control horario para empleados - Ayader - Soluciones Tecnol\u00f3gicas para empresas<\/title>\n<meta name=\"description\" content=\"Ayader es una empresa volcada en dar soluciones a nuestros clientes que les permitan ser m\u00e1s productivos en sus negocios.\" \/>\n<meta name=\"robots\" content=\"index, follow, max-snippet:-1, max-image-preview:large, max-video-preview:-1\" \/>\n<link rel=\"canonical\" href=\"https:\/\/ayader.com\/index.php\/controlhorario\/\" \/>\n<meta property=\"og:locale\" content=\"es_ES\" \/>\n<meta property=\"og:type\" content=\"article\" \/>\n<meta property=\"og:title\" content=\"Control horario para empleados - Ayader - Soluciones Tecnol\u00f3gicas para empresas\" \/>\n<meta property=\"og:description\" content=\"Ayader es una empresa volcada en dar soluciones a nuestros clientes que les permitan ser m\u00e1s productivos en sus negocios.\" \/>\n<meta property=\"og:url\" content=\"https:\/\/ayader.com\/index.php\/controlhorario\/\" \/>\n<meta property=\"og:site_name\" content=\"Ayader - Soluciones Tecnol\u00f3gicas para empresas\" \/>\n<meta property=\"article:modified_time\" content=\"2019-10-24T18:32:47+00:00\" \/>\n<meta property=\"og:image\" content=\"http:\/\/ayader.com\/wp-content\/uploads\/2017\/02\/controlhorario-300x300.png\" \/>\n<meta name=\"twitter:card\" content=\"summary\" \/>\n<script type=\"application\/ld+json\" class=\"yoast-schema-graph\">{\"@context\":\"https:\/\/schema.org\",\"@graph\":[{\"@type\":\"WebSite\",\"@id\":\"https:\/\/ayader.com\/#website\",\"url\":\"https:\/\/ayader.com\/\",\"name\":\"Ayader - Soluciones Tecnol\u00f3gicas para empresas\",\"description\":\"Ayader es una empresa volcada en ofrecer a nuestros clientes soluciones tecnol\u00f3gicas que les permitan ser m\u00e1s productivos en sus negocios.\",\"potentialAction\":[{\"@type\":\"SearchAction\",\"target\":{\"@type\":\"EntryPoint\",\"urlTemplate\":\"https:\/\/ayader.com\/?s={search_term_string}\"},\"query-input\":\"required name=search_term_string\"}],\"inLanguage\":\"es\"},{\"@type\":\"ImageObject\",\"@id\":\"https:\/\/ayader.com\/index.php\/controlhorario\/#primaryimage\",\"inLanguage\":\"es\",\"url\":\"http:\/\/ayader.com\/wp-content\/uploads\/2017\/02\/controlhorario-300x300.png\",\"contentUrl\":\"http:\/\/ayader.com\/wp-content\/uploads\/2017\/02\/controlhorario-300x300.png\"},{\"@type\":\"WebPage\",\"@id\":\"https:\/\/ayader.com\/index.php\/controlhorario\/#webpage\",\"url\":\"https:\/\/ayader.com\/index.php\/controlhorario\/\",\"name\":\"Control horario para empleados - Ayader - Soluciones Tecnol\u00f3gicas para empresas\",\"isPartOf\":{\"@id\":\"https:\/\/ayader.com\/#website\"},\"primaryImageOfPage\":{\"@id\":\"https:\/\/ayader.com\/index.php\/controlhorario\/#primaryimage\"},\"datePublished\":\"2017-02-28T09:59:01+00:00\",\"dateModified\":\"2019-10-24T18:32:47+00:00\",\"description\":\"Ayader es una empresa volcada en dar soluciones a nuestros clientes que les permitan ser m\u00e1s productivos en sus negocios.\",\"breadcrumb\":{\"@id\":\"https:\/\/ayader.com\/index.php\/controlhorario\/#breadcrumb\"},\"inLanguage\":\"es\",\"potentialAction\":[{\"@type\":\"ReadAction\",\"target\":[\"https:\/\/ayader.com\/index.php\/controlhorario\/\"]}]},{\"@type\":\"BreadcrumbList\",\"@id\":\"https:\/\/ayader.com\/index.php\/controlhorario\/#breadcrumb\",\"itemListElement\":[{\"@type\":\"ListItem\",\"position\":1,\"name\":\"Portada\",\"item\":\"https:\/\/ayader.com\/\"},{\"@type\":\"ListItem\",\"position\":2,\"name\":\"Control horario para empleados\"}]}]}<\/script>\n<!-- \/ Yoast SEO plugin. -->","yoast_head_json":{"title":"Control horario para empleados - Ayader - Soluciones Tecnol\u00f3gicas para empresas","description":"Ayader es una empresa volcada en dar soluciones a nuestros clientes que les permitan ser m\u00e1s productivos en sus negocios.","robots":{"index":"index","follow":"follow","max-snippet":"max-snippet:-1","max-image-preview":"max-image-preview:large","max-video-preview":"max-video-preview:-1"},"canonical":"https:\/\/ayader.com\/index.php\/controlhorario\/","og_locale":"es_ES","og_type":"article","og_title":"Control horario para empleados - Ayader - Soluciones Tecnol\u00f3gicas para empresas","og_description":"Ayader es una empresa volcada en dar soluciones a nuestros clientes que les permitan ser m\u00e1s productivos en sus negocios.","og_url":"https:\/\/ayader.com\/index.php\/controlhorario\/","og_site_name":"Ayader - Soluciones Tecnol\u00f3gicas para empresas","article_modified_time":"2019-10-24T18:32:47+00:00","og_image":[{"url":"http:\/\/ayader.com\/wp-content\/uploads\/2017\/02\/controlhorario-300x300.png"}],"twitter_card":"summary","schema":{"@context":"https:\/\/schema.org","@graph":[{"@type":"WebSite","@id":"https:\/\/ayader.com\/#website","url":"https:\/\/ayader.com\/","name":"Ayader - Soluciones Tecnol\u00f3gicas para empresas","description":"Ayader es una empresa volcada en ofrecer a nuestros clientes soluciones tecnol\u00f3gicas que les permitan ser m\u00e1s productivos en sus negocios.","potentialAction":[{"@type":"SearchAction","target":{"@type":"EntryPoint","urlTemplate":"https:\/\/ayader.com\/?s={search_term_string}"},"query-input":"required name=search_term_string"}],"inLanguage":"es"},{"@type":"ImageObject","@id":"https:\/\/ayader.com\/index.php\/controlhorario\/#primaryimage","inLanguage":"es","url":"http:\/\/ayader.com\/wp-content\/uploads\/2017\/02\/controlhorario-300x300.png","contentUrl":"http:\/\/ayader.com\/wp-content\/uploads\/2017\/02\/controlhorario-300x300.png"},{"@type":"WebPage","@id":"https:\/\/ayader.com\/index.php\/controlhorario\/#webpage","url":"https:\/\/ayader.com\/index.php\/controlhorario\/","name":"Control horario para empleados - Ayader - Soluciones Tecnol\u00f3gicas para empresas","isPartOf":{"@id":"https:\/\/ayader.com\/#website"},"primaryImageOfPage":{"@id":"https:\/\/ayader.com\/index.php\/controlhorario\/#primaryimage"},"datePublished":"2017-02-28T09:59:01+00:00","dateModified":"2019-10-24T18:32:47+00:00","description":"Ayader es una empresa volcada en dar soluciones a nuestros clientes que les permitan ser m\u00e1s productivos en sus negocios.","breadcrumb":{"@id":"https:\/\/ayader.com\/index.php\/controlhorario\/#breadcrumb"},"inLanguage":"es","potentialAction":[{"@type":"ReadAction","target":["https:\/\/ayader.com\/index.php\/controlhorario\/"]}]},{"@type":"BreadcrumbList","@id":"https:\/\/ayader.com\/index.php\/controlhorario\/#breadcrumb","itemListElement":[{"@type":"ListItem","position":1,"name":"Portada","item":"https:\/\/ayader.com\/"},{"@type":"ListItem","position":2,"name":"Control horario para empleados"}]}]}},"_links":{"self":[{"href":"https:\/\/ayader.com\/index.php\/wp-json\/wp\/v2\/pages\/1115","targetHints":{"allow":["GET"]}}],"collection":[{"href":"https:\/\/ayader.com\/index.php\/wp-json\/wp\/v2\/pages"}],"about":[{"href":"https:\/\/ayader.com\/index.php\/wp-json\/wp\/v2\/types\/page"}],"author":[{"embeddable":true,"href":"https:\/\/ayader.com\/index.php\/wp-json\/wp\/v2\/users\/1"}],"replies":[{"embeddable":true,"href":"https:\/\/ayader.com\/index.php\/wp-json\/wp\/v2\/comments?post=1115"}],"version-history":[{"count":10,"href":"https:\/\/ayader.com\/index.php\/wp-json\/wp\/v2\/pages\/1115\/revisions"}],"predecessor-version":[{"id":1516,"href":"https:\/\/ayader.com\/index.php\/wp-json\/wp\/v2\/pages\/1115\/revisions\/1516"}],"wp:attachment":[{"href":"https:\/\/ayader.com\/index.php\/wp-json\/wp\/v2\/media?parent=1115"}],"curies":[{"name":"wp","href":"https:\/\/api.w.org\/{rel}","templated":true}]}}