{"id":1066,"date":"2017-01-26T20:28:39","date_gmt":"2017-01-26T20:28:39","guid":{"rendered":"http:\/\/ayader.com\/?page_id=1066"},"modified":"2019-10-24T18:01:58","modified_gmt":"2019-10-24T18:01:58","slug":"oportunidades","status":"publish","type":"page","link":"https:\/\/ayader.com\/index.php\/oportunidades\/","title":{"rendered":"Novedades"},"content":{"rendered":"<h3><strong><span style=\"text-decoration: underline;\">Industria 4.0<\/span> &#8211; <\/strong>Industria inteligente<\/h3>\n<ul>\n<li>Control de procesos industriales<\/li>\n<li>Informes de producci\u00f3n a tiempo real<\/li>\n<li>Instalaci\u00f3n de instrumentaci\u00f3n de alta tecnolog\u00eda<\/li>\n<li>Motorizaci\u00f3n y gesti\u00f3n inteligente de la normativa de seguridad<\/li>\n<\/ul>\n<h3><strong><span style=\"text-decoration: underline;\">Fenwick<\/span> &#8211; <\/strong>Adaptaci\u00f3n inteligente<\/h3>\n<p style=\"text-align: justify;\">Con las adaptaciones que realizamos en las fenwick las convertimos en elementos de la 4\u00aa revoluci\u00f3n industrial.<\/p>\n<p style=\"text-align: justify;\">Mejoramos la interacci\u00f3n entre los puestos de control log\u00edstico y los operarios de las fenwick, evitando la perdida de informaci\u00f3n y mejorando los tiempos aumentando as\u00ed la producci\u00f3n<\/p>\n\n\n<figure class=\"wp-block-embed-youtube wp-block-embed is-type-video is-provider-youtube wp-embed-aspect-16-9 wp-has-aspect-ratio\"><div class=\"wp-block-embed__wrapper\">\n<iframe loading=\"lazy\" title=\"INDUSTRIA 4.0 - FUNDAMENTOS Y PUNTOS CLAVE\" width=\"1170\" height=\"658\" src=\"https:\/\/www.youtube.com\/embed\/-CS7S1nnZMk?feature=oembed\" frameborder=\"0\" allow=\"accelerometer; autoplay; encrypted-media; gyroscope; picture-in-picture\" allowfullscreen><\/iframe>\n<\/div><\/figure>\n","protected":false},"excerpt":{"rendered":"<p>Industria 4.0 &#8211; Industria inteligente Control de procesos industriales Informes de producci\u00f3n [&hellip;]<\/p>\n","protected":false},"author":1,"featured_media":0,"parent":0,"menu_order":0,"comment_status":"closed","ping_status":"closed","template":"page-templates\/page_fullwidth.php","meta":{"footnotes":""},"class_list":["post-1066","page","type-page","status-publish","hentry"],"yoast_head":"<!-- This site is optimized with the Yoast SEO plugin v18.2 - https:\/\/yoast.com\/wordpress\/plugins\/seo\/ -->\n<title>Novedades - Ayader - Soluciones Tecnol\u00f3gicas para empresas<\/title>\n<meta name=\"description\" content=\"Ayader es una empresa volcada en dar soluciones a nuestros clientes que les permitan ser m\u00e1s productivos en sus negocios.\" \/>\n<meta name=\"robots\" content=\"index, follow, max-snippet:-1, max-image-preview:large, max-video-preview:-1\" \/>\n<link rel=\"canonical\" href=\"https:\/\/ayader.com\/index.php\/oportunidades\/\" \/>\n<meta property=\"og:locale\" content=\"es_ES\" \/>\n<meta property=\"og:type\" content=\"article\" \/>\n<meta property=\"og:title\" content=\"Novedades - Ayader - Soluciones Tecnol\u00f3gicas para empresas\" \/>\n<meta property=\"og:description\" content=\"Ayader es una empresa volcada en dar soluciones a nuestros clientes que les permitan ser m\u00e1s productivos en sus negocios.\" \/>\n<meta property=\"og:url\" content=\"https:\/\/ayader.com\/index.php\/oportunidades\/\" \/>\n<meta property=\"og:site_name\" content=\"Ayader - Soluciones Tecnol\u00f3gicas para empresas\" \/>\n<meta property=\"article:modified_time\" content=\"2019-10-24T18:01:58+00:00\" \/>\n<meta name=\"twitter:card\" content=\"summary\" \/>\n<script type=\"application\/ld+json\" class=\"yoast-schema-graph\">{\"@context\":\"https:\/\/schema.org\",\"@graph\":[{\"@type\":\"WebSite\",\"@id\":\"https:\/\/ayader.com\/#website\",\"url\":\"https:\/\/ayader.com\/\",\"name\":\"Ayader - Soluciones Tecnol\u00f3gicas para empresas\",\"description\":\"Ayader es una empresa volcada en ofrecer a nuestros clientes soluciones tecnol\u00f3gicas que les permitan ser m\u00e1s productivos en sus negocios.\",\"potentialAction\":[{\"@type\":\"SearchAction\",\"target\":{\"@type\":\"EntryPoint\",\"urlTemplate\":\"https:\/\/ayader.com\/?s={search_term_string}\"},\"query-input\":\"required name=search_term_string\"}],\"inLanguage\":\"es\"},{\"@type\":\"WebPage\",\"@id\":\"https:\/\/ayader.com\/index.php\/oportunidades\/#webpage\",\"url\":\"https:\/\/ayader.com\/index.php\/oportunidades\/\",\"name\":\"Novedades - Ayader - Soluciones Tecnol\u00f3gicas para empresas\",\"isPartOf\":{\"@id\":\"https:\/\/ayader.com\/#website\"},\"datePublished\":\"2017-01-26T20:28:39+00:00\",\"dateModified\":\"2019-10-24T18:01:58+00:00\",\"description\":\"Ayader es una empresa volcada en dar soluciones a nuestros clientes que les permitan ser m\u00e1s productivos en sus negocios.\",\"breadcrumb\":{\"@id\":\"https:\/\/ayader.com\/index.php\/oportunidades\/#breadcrumb\"},\"inLanguage\":\"es\",\"potentialAction\":[{\"@type\":\"ReadAction\",\"target\":[\"https:\/\/ayader.com\/index.php\/oportunidades\/\"]}]},{\"@type\":\"BreadcrumbList\",\"@id\":\"https:\/\/ayader.com\/index.php\/oportunidades\/#breadcrumb\",\"itemListElement\":[{\"@type\":\"ListItem\",\"position\":1,\"name\":\"Portada\",\"item\":\"https:\/\/ayader.com\/\"},{\"@type\":\"ListItem\",\"position\":2,\"name\":\"Novedades\"}]}]}<\/script>\n<!-- \/ Yoast SEO plugin. -->","yoast_head_json":{"title":"Novedades - Ayader - Soluciones Tecnol\u00f3gicas para empresas","description":"Ayader es una empresa volcada en dar soluciones a nuestros clientes que les permitan ser m\u00e1s productivos en sus negocios.","robots":{"index":"index","follow":"follow","max-snippet":"max-snippet:-1","max-image-preview":"max-image-preview:large","max-video-preview":"max-video-preview:-1"},"canonical":"https:\/\/ayader.com\/index.php\/oportunidades\/","og_locale":"es_ES","og_type":"article","og_title":"Novedades - Ayader - Soluciones Tecnol\u00f3gicas para empresas","og_description":"Ayader es una empresa volcada en dar soluciones a nuestros clientes que les permitan ser m\u00e1s productivos en sus negocios.","og_url":"https:\/\/ayader.com\/index.php\/oportunidades\/","og_site_name":"Ayader - Soluciones Tecnol\u00f3gicas para empresas","article_modified_time":"2019-10-24T18:01:58+00:00","twitter_card":"summary","schema":{"@context":"https:\/\/schema.org","@graph":[{"@type":"WebSite","@id":"https:\/\/ayader.com\/#website","url":"https:\/\/ayader.com\/","name":"Ayader - Soluciones Tecnol\u00f3gicas para empresas","description":"Ayader es una empresa volcada en ofrecer a nuestros clientes soluciones tecnol\u00f3gicas que les permitan ser m\u00e1s productivos en sus negocios.","potentialAction":[{"@type":"SearchAction","target":{"@type":"EntryPoint","urlTemplate":"https:\/\/ayader.com\/?s={search_term_string}"},"query-input":"required name=search_term_string"}],"inLanguage":"es"},{"@type":"WebPage","@id":"https:\/\/ayader.com\/index.php\/oportunidades\/#webpage","url":"https:\/\/ayader.com\/index.php\/oportunidades\/","name":"Novedades - Ayader - Soluciones Tecnol\u00f3gicas para empresas","isPartOf":{"@id":"https:\/\/ayader.com\/#website"},"datePublished":"2017-01-26T20:28:39+00:00","dateModified":"2019-10-24T18:01:58+00:00","description":"Ayader es una empresa volcada en dar soluciones a nuestros clientes que les permitan ser m\u00e1s productivos en sus negocios.","breadcrumb":{"@id":"https:\/\/ayader.com\/index.php\/oportunidades\/#breadcrumb"},"inLanguage":"es","potentialAction":[{"@type":"ReadAction","target":["https:\/\/ayader.com\/index.php\/oportunidades\/"]}]},{"@type":"BreadcrumbList","@id":"https:\/\/ayader.com\/index.php\/oportunidades\/#breadcrumb","itemListElement":[{"@type":"ListItem","position":1,"name":"Portada","item":"https:\/\/ayader.com\/"},{"@type":"ListItem","position":2,"name":"Novedades"}]}]}},"_links":{"self":[{"href":"https:\/\/ayader.com\/index.php\/wp-json\/wp\/v2\/pages\/1066","targetHints":{"allow":["GET"]}}],"collection":[{"href":"https:\/\/ayader.com\/index.php\/wp-json\/wp\/v2\/pages"}],"about":[{"href":"https:\/\/ayader.com\/index.php\/wp-json\/wp\/v2\/types\/page"}],"author":[{"embeddable":true,"href":"https:\/\/ayader.com\/index.php\/wp-json\/wp\/v2\/users\/1"}],"replies":[{"embeddable":true,"href":"https:\/\/ayader.com\/index.php\/wp-json\/wp\/v2\/comments?post=1066"}],"version-history":[{"count":14,"href":"https:\/\/ayader.com\/index.php\/wp-json\/wp\/v2\/pages\/1066\/revisions"}],"predecessor-version":[{"id":1504,"href":"https:\/\/ayader.com\/index.php\/wp-json\/wp\/v2\/pages\/1066\/revisions\/1504"}],"wp:attachment":[{"href":"https:\/\/ayader.com\/index.php\/wp-json\/wp\/v2\/media?parent=1066"}],"curies":[{"name":"wp","href":"https:\/\/api.w.org\/{rel}","templated":true}]}}